{"id":61608,"date":"2026-01-19T12:29:58","date_gmt":"2026-01-19T12:29:58","guid":{"rendered":"https:\/\/whitelip.com\/?post_type=product&#038;p=61608"},"modified":"2026-04-22T16:09:03","modified_gmt":"2026-04-22T16:09:03","slug":"juice-head-arctic-mint-20mg","status":"publish","type":"product","link":"https:\/\/whitelip.com\/sk\/juice-head\/juice-head-arctic-mint-20mg\/","title":{"rendered":"Juice Head Arctic Mint 20 mg"},"content":{"rendered":"<h2>Juice Head Arctic Mint 20 mg<\/h2>\n<p data-start=\"390\" data-end=\"644\">Juice Head Arctic Mint 20 mg s\u00fa nikot\u00ednov\u00e9 vrec\u00fa\u0161ka s m\u00e4tovou pr\u00edchu\u0165ou v tenkom form\u00e1te. Pr\u00edchu\u0165 je uveden\u00e1 skoro a m\u00e1 jasn\u00fd a chladiv\u00fd m\u00e4tov\u00fd charakter. V\u00fdrobok neobsahuje tabak a vyr\u00e1ba ho spolo\u010dnos\u0165 Streamline Group Inc. pod zna\u010dkou Juice Head. Vreck\u00e1 sa dod\u00e1vaj\u00fa v tenkom form\u00e1te a pozost\u00e1vaj\u00fa z \u00fazkych vrec\u00fa\u0161ok. Obsah nikot\u00ednu je 20 mg na vrec\u00fa\u0161ko a 26 mg nikot\u00ednu na gram. V\u00fdrobok je klasifikovan\u00fd ako ultra siln\u00fd na z\u00e1klade obsahu nikot\u00ednu vo vrec\u00fa\u0161ku. Juice Head Arctic Mint 20 mg je s\u00fa\u010das\u0165ou radu beztabakov\u00fdch vrec\u00fa\u0161ok Juice Head a obsahuje syntetick\u00fd nikot\u00edn bez pou\u017eitia tabakov\u00fdch listov.<\/p>\n<table>\n<tbody>\n<tr>\n<td><b>Atrib\u00fat<\/b><\/td>\n<td><b>Podrobnosti<\/b><\/td>\n<\/tr>\n<tr>\n<td><b>Obsah na plechovku<\/b><\/td>\n<td><span style=\"font-weight: 400;\">20 vreciek<\/span><\/td>\n<\/tr>\n<tr>\n<td><b>Obsah nikot\u00ednu<\/b><\/td>\n<td><span style=\"font-weight: 400;\">26 mg\/g (20 mg na vrecko)<\/span><\/td>\n<\/tr>\n<tr>\n<td><b>Form\u00e1t vrecka<\/b><\/td>\n<td><span style=\"font-weight: 400;\">Slim<\/span><\/td>\n<\/tr>\n<tr>\n<td><b>V\u00fdrobca<\/b><\/td>\n<td>Streamline Group Inc<\/td>\n<\/tr>\n<tr>\n<td><b>Pr\u00edchu\u0165<\/b><\/td>\n<td><span style=\"font-weight: 400;\">M\u00e4ta<\/span><\/td>\n<\/tr>\n<tr>\n<td><b>Typ<\/b><\/td>\n<td><span style=\"font-weight: 400;\">Celobiele vrecko<\/span><\/td>\n<\/tr>\n<\/tbody>\n<\/table>","protected":false},"excerpt":{"rendered":"<p><strong>Eur\u00f3pska verzia<\/strong><\/p>\n<p>&nbsp;<\/p>\n<p>Juice Head Arctic Mint 20 mg nikot\u00ednov\u00e9 vrec\u00fa\u0161ka s <strong data-start=\"1112\" data-end=\"1120\">M\u00e4ta<\/strong> pr\u00edchu\u0165 v <strong data-start=\"1131\" data-end=\"1139\">Slim<\/strong> form\u00e1t. Ka\u017ed\u00e9 vrecko obsahuje <strong data-start=\"1168\" data-end=\"1186\">20 mg nikot\u00ednu<\/strong>.<\/p>","protected":false},"featured_media":62971,"comment_status":"open","ping_status":"closed","template":"","format":[206],"meta":{"_acf_changed":false},"product_brand":[],"product_cat":[13598],"product_tag":[16545],"flavours":[199],"nicotine":[219,232],"class_list":{"0":"post-61608","1":"product","2":"type-product","3":"status-publish","4":"has-post-thumbnail","6":"product_cat-juice-head","7":"product_tag-20-mg-pouch","8":"pa_quantity-1-pack","9":"pa_quantity-10-pack","10":"pa_quantity-3-pack","11":"pa_quantity-30-pack","12":"pa_quantity-5-pack","13":"pa_quantity-60-pack","14":"flavours-mint","15":"format-slim","16":"nicotine-25-mg-g","17":"nicotine-extra-strong","19":"first","20":"instock","21":"taxable","22":"shipping-taxable","23":"purchasable","24":"product-type-variable"},"acf":[],"_links":{"self":[{"href":"https:\/\/whitelip.com\/sk\/wp-json\/wp\/v2\/product\/61608","targetHints":{"allow":["GET"]}}],"collection":[{"href":"https:\/\/whitelip.com\/sk\/wp-json\/wp\/v2\/product"}],"about":[{"href":"https:\/\/whitelip.com\/sk\/wp-json\/wp\/v2\/types\/product"}],"replies":[{"embeddable":true,"href":"https:\/\/whitelip.com\/sk\/wp-json\/wp\/v2\/comments?post=61608"}],"wp:featuredmedia":[{"embeddable":true,"href":"https:\/\/whitelip.com\/sk\/wp-json\/wp\/v2\/media\/62971"}],"wp:attachment":[{"href":"https:\/\/whitelip.com\/sk\/wp-json\/wp\/v2\/media?parent=61608"}],"wp:term":[{"taxonomy":"product_brand","embeddable":true,"href":"https:\/\/whitelip.com\/sk\/wp-json\/wp\/v2\/product_brand?post=61608"},{"taxonomy":"product_cat","embeddable":true,"href":"https:\/\/whitelip.com\/sk\/wp-json\/wp\/v2\/product_cat?post=61608"},{"taxonomy":"product_tag","embeddable":true,"href":"https:\/\/whitelip.com\/sk\/wp-json\/wp\/v2\/product_tag?post=61608"},{"taxonomy":"flavours","embeddable":true,"href":"https:\/\/whitelip.com\/sk\/wp-json\/wp\/v2\/flavours?post=61608"},{"taxonomy":"format","embeddable":true,"href":"https:\/\/whitelip.com\/sk\/wp-json\/wp\/v2\/format?post=61608"},{"taxonomy":"nicotine","embeddable":true,"href":"https:\/\/whitelip.com\/sk\/wp-json\/wp\/v2\/nicotine?post=61608"}],"curies":[{"name":"wp","href":"https:\/\/api.w.org\/{rel}","templated":true}]}}