{"id":61399,"date":"2026-01-19T10:16:37","date_gmt":"2026-01-19T10:16:37","guid":{"rendered":"https:\/\/whitelip.com\/?post_type=product&#038;p=61399"},"modified":"2026-05-07T10:11:41","modified_gmt":"2026-05-07T10:11:41","slug":"apres-mochaccino-mini","status":"publish","type":"product","link":"https:\/\/whitelip.com\/sk\/apres\/apres-mochaccino-mini\/","title":{"rendered":"APR\u00c8S Mochaccino Mini"},"content":{"rendered":"<h2>APR\u00c8S Mochaccino Mini<\/h2>\n<p data-start=\"217\" data-end=\"431\">APR\u00c8S Mochaccino Mini je beztabakov\u00fd vrec\u00fa\u0161kovit\u00fd v\u00fdrobok s pr\u00edchu\u0165ou k\u00e1vy v mini form\u00e1te. Pr\u00edchu\u0165 je uveden\u00e1 na za\u010diatku a m\u00e1 jasn\u00fd k\u00e1vov\u00fd charakter. V\u00fdrobok vyr\u00e1ba spolo\u010dnos\u0165 Apr\u00e8s Nicotine AB. Vreck\u00e1 sa vyr\u00e1baj\u00fa v mini form\u00e1te s men\u0161\u00edmi porciami. Ka\u017ed\u00e1 plechovka obsahuje 20 nikot\u00ednov\u00fdch vrec\u00fa\u0161ok. Obsah nikot\u00ednu je 3,2 mg na vrec\u00fa\u0161ko, \u010do zodpoved\u00e1 8 mg nikot\u00ednu na gram. V\u00fdrobok je klasifikovan\u00fd ako norm\u00e1lna sila na z\u00e1klade obsahu nikot\u00ednu vo vrec\u00fa\u0161ku. APR\u00c8S Mochaccino Mini je s\u00fa\u010das\u0165ou radu beztabakov\u00fdch nikot\u00ednov\u00fdch vrec\u00fa\u0161ok APR\u00c8S a vyr\u00e1ba sa bez pou\u017eitia tabakov\u00fdch listov.<\/p>\n<table>\n<tbody>\n<tr>\n<td><b>Atrib\u00fat<\/b><\/td>\n<td><b>Podrobnosti<\/b><\/td>\n<\/tr>\n<tr>\n<td><b>Obsah na plechovku<\/b><\/td>\n<td><span style=\"font-weight: 400;\">11 g (20 vrec\u00fa\u0161ok)<\/span><\/td>\n<\/tr>\n<tr>\n<td><b>Obsah nikot\u00ednu<\/b><\/td>\n<td><span style=\"font-weight: 400;\">8 mg\/g (3,2 mg na vrec\u00fa\u0161ko)<\/span><\/td>\n<\/tr>\n<tr>\n<td><b>Form\u00e1t vrecka<\/b><\/td>\n<td><span style=\"font-weight: 400;\">Mini<\/span><\/td>\n<\/tr>\n<tr>\n<td><b>V\u00fdrobca<\/b><\/td>\n<td><span style=\"font-weight: 400;\">APR\u00c8S Nicotine AB<\/span><\/td>\n<\/tr>\n<tr>\n<td><b>Pr\u00edchu\u0165<\/b><\/td>\n<td><span style=\"font-weight: 400;\">K\u00e1va<\/span><\/td>\n<\/tr>\n<tr>\n<td><b>Typ<\/b><\/td>\n<td><span style=\"font-weight: 400;\">Celobiele vrecko<\/span><\/td>\n<\/tr>\n<\/tbody>\n<\/table>","protected":false},"excerpt":{"rendered":"<p><span style=\"font-weight: 400;\">APR\u00c8S Mochaccino Mini nikot\u00ednov\u00e9 vrec\u00fa\u0161ka s <strong data-start=\"913\" data-end=\"923\">K\u00e1va<\/strong> pr\u00edchu\u0165 v <strong data-start=\"934\" data-end=\"942\">Mini<\/strong> form\u00e1t. Ka\u017ed\u00e9 vrecko obsahuje <strong data-start=\"971\" data-end=\"990\">3,2 mg nikot\u00ednu<\/strong>.<\/span><\/p>","protected":false},"featured_media":61457,"comment_status":"open","ping_status":"closed","template":"","format":[205],"meta":{"_acf_changed":false},"product_brand":[],"product_cat":[41],"product_tag":[16555],"flavours":[192],"nicotine":[230,235],"class_list":{"0":"post-61399","1":"product","2":"type-product","3":"status-publish","4":"has-post-thumbnail","6":"product_cat-apres","7":"product_tag-3-2-mg-pouch","8":"pa_quantity-1-pack","9":"pa_quantity-10-pack","10":"pa_quantity-3-pack","11":"pa_quantity-30-pack","12":"pa_quantity-5-pack","13":"pa_quantity-60-pack","14":"flavours-coffee","15":"format-mini","16":"nicotine-8-mg-g","17":"nicotine-normal","19":"first","20":"instock","21":"taxable","22":"shipping-taxable","23":"purchasable","24":"product-type-variable"},"acf":[],"_links":{"self":[{"href":"https:\/\/whitelip.com\/sk\/wp-json\/wp\/v2\/product\/61399","targetHints":{"allow":["GET"]}}],"collection":[{"href":"https:\/\/whitelip.com\/sk\/wp-json\/wp\/v2\/product"}],"about":[{"href":"https:\/\/whitelip.com\/sk\/wp-json\/wp\/v2\/types\/product"}],"replies":[{"embeddable":true,"href":"https:\/\/whitelip.com\/sk\/wp-json\/wp\/v2\/comments?post=61399"}],"wp:featuredmedia":[{"embeddable":true,"href":"https:\/\/whitelip.com\/sk\/wp-json\/wp\/v2\/media\/61457"}],"wp:attachment":[{"href":"https:\/\/whitelip.com\/sk\/wp-json\/wp\/v2\/media?parent=61399"}],"wp:term":[{"taxonomy":"product_brand","embeddable":true,"href":"https:\/\/whitelip.com\/sk\/wp-json\/wp\/v2\/product_brand?post=61399"},{"taxonomy":"product_cat","embeddable":true,"href":"https:\/\/whitelip.com\/sk\/wp-json\/wp\/v2\/product_cat?post=61399"},{"taxonomy":"product_tag","embeddable":true,"href":"https:\/\/whitelip.com\/sk\/wp-json\/wp\/v2\/product_tag?post=61399"},{"taxonomy":"flavours","embeddable":true,"href":"https:\/\/whitelip.com\/sk\/wp-json\/wp\/v2\/flavours?post=61399"},{"taxonomy":"format","embeddable":true,"href":"https:\/\/whitelip.com\/sk\/wp-json\/wp\/v2\/format?post=61399"},{"taxonomy":"nicotine","embeddable":true,"href":"https:\/\/whitelip.com\/sk\/wp-json\/wp\/v2\/nicotine?post=61399"}],"curies":[{"name":"wp","href":"https:\/\/api.w.org\/{rel}","templated":true}]}}