{"id":61344,"date":"2026-01-19T09:58:01","date_gmt":"2026-01-19T09:58:01","guid":{"rendered":"https:\/\/whitelip.com\/?post_type=product&#038;p=61344"},"modified":"2026-04-29T10:11:25","modified_gmt":"2026-04-29T10:11:25","slug":"pablo-ice-cold-50mg-limited-edition","status":"publish","type":"product","link":"https:\/\/whitelip.com\/sk\/pablo\/pablo-ice-cold-50mg-limited-edition\/","title":{"rendered":"PABLO Ice Cold 50 mg limitovan\u00e1 ed\u00edcia"},"content":{"rendered":"<h1 class=\"h3 mb-0\">PABLO Ice Cold 50 mg limitovan\u00e1 ed\u00edcia<\/h1>\n<p data-start=\"167\" data-end=\"384\">Pablo Ice Cold je beztabakov\u00fd nikot\u00ednov\u00fd vrec\u00fa\u0161ko s m\u00e4tovou pr\u00edchu\u0165ou. Pr\u00edchu\u0165 sa zav\u00e1dza skoro a je definovan\u00e1 jasn\u00fdm chladiv\u00fdm m\u00e4tov\u00fdm charakterom. V\u00fdrobok vyr\u00e1ba spolo\u010dnos\u0165 N.G.P Tobacco ApS v D\u00e1nsku. Nikot\u00ednov\u00e9 vrec\u00fa\u0161ka sa vyr\u00e1baj\u00fa bez tabaku a obsahuj\u00fa 35 mg nikot\u00ednu v jednom vrec\u00fa\u0161ku, \u010do zodpoved\u00e1 50 mg nikot\u00ednu v jednom grame. Ka\u017ed\u00e1 plechovka obsahuje 20 nikot\u00ednov\u00fdch vrec\u00fa\u0161ok s celkovou \u010distou hmotnos\u0165ou 14 gramov. Ka\u017ed\u00e9 vrecko v\u00e1\u017ei 0,7 gramu. V\u00fdrobok je zlo\u017een\u00fd z vody, celul\u00f3zy, regul\u00e1torov kyslosti, zvlh\u010duj\u00facich l\u00e1tok, nikot\u00ednu, konzerva\u010dn\u00fdch l\u00e1tok a pr\u00edrodn\u00fdch aromatick\u00fdch l\u00e1tok. Pablo Ice Cold je na z\u00e1klade obsahu nikot\u00ednu klasifikovan\u00fd ako vysoko\u00fa\u010dinn\u00fd nikot\u00ednov\u00fd vrec\u00fa\u0161kov\u00fd v\u00fdrobok.<\/p>\n<table>\n<tbody>\n<tr>\n<td><b>Atrib\u00fat<\/b><\/td>\n<td><b>Podrobnosti<\/b><\/td>\n<\/tr>\n<tr>\n<td><b>Obsah na plechovku<\/b><\/td>\n<td><span style=\"font-weight: 400;\">14 g (20 vrec\u00fa\u0161ok)<\/span><\/td>\n<\/tr>\n<tr>\n<td><b>Obsah nikot\u00ednu<\/b><\/td>\n<td><span style=\"font-weight: 400;\">50 mg\/g (35 mg na vrecko)<\/span><\/td>\n<\/tr>\n<tr>\n<td><b>Form\u00e1t vrecka<\/b><\/td>\n<td><span style=\"font-weight: 400;\">Slim<\/span><\/td>\n<\/tr>\n<tr>\n<td><b>V\u00fdrobca<\/b><\/td>\n<td><span style=\"font-weight: 400;\">Imp\u00e9rium N.G.P<\/span><\/td>\n<\/tr>\n<tr>\n<td><b>Pr\u00edchu\u0165<\/b><\/td>\n<td><span style=\"font-weight: 400;\">M\u00e4ta<\/span><\/td>\n<\/tr>\n<tr>\n<td><b>Typ<\/b><\/td>\n<td><span style=\"font-weight: 400;\">Celobiele vrecko, bez tabaku<\/span><\/td>\n<\/tr>\n<\/tbody>\n<\/table>","protected":false},"excerpt":{"rendered":"<div class=\"flex flex-col text-sm pb-25\">\n<article class=\"text-token-text-primary w-full focus:outline-none [--shadow-height:45px] has-data-writing-block:pointer-events-none has-data-writing-block:-mt-(--shadow-height) has-data-writing-block:pt-(--shadow-height) [&amp;:has([data-writing-block])&gt;*]:pointer-events-auto scroll-mt-[calc(var(--header-height)+min(200px,max(70px,20svh)))]\" dir=\"auto\" tabindex=\"-1\" data-turn-id=\"b9146c3c-a125-4477-8e96-33301b0c6662\" data-testid=\"conversation-turn-32\" data-scroll-anchor=\"true\" data-turn=\"assistant\">\n<div class=\"text-base my-auto mx-auto pb-10 [--thread-content-margin:--spacing(4)] @w-sm\/main:[--thread-content-margin:--spacing(6)] @w-lg\/main:[--thread-content-margin:--spacing(16)] px-(--thread-content-margin)\">\n<div class=\"[--thread-content-max-width:40rem] @w-lg\/main:[--thread-content-max-width:48rem] mx-auto max-w-(--thread-content-max-width) flex-1 group\/turn-messages focus-visible:outline-hidden relative flex w-full min-w-0 flex-col agent-turn\" tabindex=\"-1\">\n<div class=\"flex max-w-full flex-col grow\">\n<div class=\"min-h-8 text-message relative flex w-full flex-col items-end gap-2 text-start break-words whitespace-normal [.text-message+&amp;]:mt-1\" dir=\"auto\" data-message-author-role=\"assistant\" data-message-id=\"6ea82d61-1a42-4779-a380-1ed5898dd246\" data-message-model-slug=\"gpt-5-2\">\n<div class=\"flex w-full flex-col gap-1 empty:hidden first:pt-[1px]\">\n<div class=\"markdown prose dark:prose-invert w-full break-words dark markdown-new-styling\">\n<p data-start=\"894\" data-end=\"987\" data-is-last-node=\"\" data-is-only-node=\"\">Pablo Ice Cold nicotine pouches with <strong data-start=\"931\" data-end=\"939\">Mint<\/strong> flavor. Each pouch contains <strong data-start=\"968\" data-end=\"986\">35 mg nicotine<\/strong>.<\/p>\n<\/div>\n<\/div>\n<\/div>\n<\/div>\n<\/div>\n<\/div>\n<\/article>\n<\/div>\n","protected":false},"featured_media":61374,"comment_status":"open","ping_status":"closed","template":"","format":[206],"meta":{"_acf_changed":false},"product_brand":[],"product_cat":[44],"product_tag":[16445,16603],"flavours":[199],"nicotine":[226,233],"class_list":{"0":"post-61344","1":"product","2":"type-product","3":"status-publish","4":"has-post-thumbnail","6":"product_cat-pablo","7":"product_tag-20-off","8":"product_tag-35-mg-pouch","9":"pa_quantity-1-pack","10":"pa_quantity-10-pack","11":"pa_quantity-3-pack","12":"pa_quantity-30-pack","13":"pa_quantity-5-pack","14":"pa_quantity-60-pack","15":"flavours-mint","16":"format-slim","17":"nicotine-50-mg-g","18":"nicotine-extreme","20":"first","21":"instock","22":"sale","23":"taxable","24":"shipping-taxable","25":"purchasable","26":"product-type-variable","27":"has-default-attributes"},"acf":[],"_links":{"self":[{"href":"https:\/\/whitelip.com\/sk\/wp-json\/wp\/v2\/product\/61344","targetHints":{"allow":["GET"]}}],"collection":[{"href":"https:\/\/whitelip.com\/sk\/wp-json\/wp\/v2\/product"}],"about":[{"href":"https:\/\/whitelip.com\/sk\/wp-json\/wp\/v2\/types\/product"}],"replies":[{"embeddable":true,"href":"https:\/\/whitelip.com\/sk\/wp-json\/wp\/v2\/comments?post=61344"}],"wp:featuredmedia":[{"embeddable":true,"href":"https:\/\/whitelip.com\/sk\/wp-json\/wp\/v2\/media\/61374"}],"wp:attachment":[{"href":"https:\/\/whitelip.com\/sk\/wp-json\/wp\/v2\/media?parent=61344"}],"wp:term":[{"taxonomy":"product_brand","embeddable":true,"href":"https:\/\/whitelip.com\/sk\/wp-json\/wp\/v2\/product_brand?post=61344"},{"taxonomy":"product_cat","embeddable":true,"href":"https:\/\/whitelip.com\/sk\/wp-json\/wp\/v2\/product_cat?post=61344"},{"taxonomy":"product_tag","embeddable":true,"href":"https:\/\/whitelip.com\/sk\/wp-json\/wp\/v2\/product_tag?post=61344"},{"taxonomy":"flavours","embeddable":true,"href":"https:\/\/whitelip.com\/sk\/wp-json\/wp\/v2\/flavours?post=61344"},{"taxonomy":"format","embeddable":true,"href":"https:\/\/whitelip.com\/sk\/wp-json\/wp\/v2\/format?post=61344"},{"taxonomy":"nicotine","embeddable":true,"href":"https:\/\/whitelip.com\/sk\/wp-json\/wp\/v2\/nicotine?post=61344"}],"curies":[{"name":"wp","href":"https:\/\/api.w.org\/{rel}","templated":true}]}}