{"id":61315,"date":"2026-01-19T09:51:09","date_gmt":"2026-01-19T09:51:09","guid":{"rendered":"https:\/\/whitelip.com\/?post_type=product&#038;p=61315"},"modified":"2026-05-06T14:31:51","modified_gmt":"2026-05-06T14:31:51","slug":"nor-nakd-pods-mint","status":"publish","type":"product","link":"https:\/\/whitelip.com\/sk\/nor\/nor-nakd-pods-mint\/","title":{"rendered":"NOR Nakd Pods Mint"},"content":{"rendered":"<p data-start=\"184\" data-end=\"517\">NOR NAKD PODS s\u00fa nikot\u00ednov\u00e9 v\u00fdrobky s m\u00e4tovou pr\u00edchu\u0165ou vo forme kaps\u00fal. Pr\u00edchu\u0165 sa zav\u00e1dza skoro a m\u00e1 jasn\u00fd m\u00e4tov\u00fd charakter. V\u00fdrobok neobsahuje tabak a vyr\u00e1ba sa bez tradi\u010dn\u00fdch vrec\u00fa\u0161ok. V\u00fdrobok je navrhnut\u00fd ako nikot\u00ednov\u00e9 struky a neobsahuje \u017eiadny materi\u00e1l vonkaj\u0161ieho vrec\u00fa\u0161ka. Tvar je prisp\u00f4soben\u00fd na umiestnenie pod horn\u00fa peru. Obsah nikot\u00ednu sa uv\u00e1dza ako 14 mg nikot\u00ednu na gram. NAKD PODS s\u00fa vyroben\u00e9 z biologicky rozlo\u017eite\u013en\u00fdch materi\u00e1lov. V\u00fdrobok neobsahuje \u017eiadne vrec\u00fa\u0161ka na b\u00e1ze plastu.<\/p>\n<table>\n<tbody>\n<tr>\n<td><b>Atrib\u00fat<\/b><\/td>\n<td><b>Podrobnosti<\/b><\/td>\n<\/tr>\n<tr>\n<td><b>Zna\u010dka<\/b><\/td>\n<td>NOR<\/td>\n<\/tr>\n<tr>\n<td><b>Typ v\u00fdrobku<\/b><\/td>\n<td><span style=\"font-weight: 400;\">V\u0161etky biele nikot\u00ednov\u00e9 vreck\u00e1<\/span><\/td>\n<\/tr>\n<tr>\n<td><b>Form\u00e1t<\/b><\/td>\n<td>Slim<\/td>\n<\/tr>\n<tr>\n<td><b>Pr\u00edchu\u0165<\/b><\/td>\n<td>M\u00e4ta<\/td>\n<\/tr>\n<tr>\n<td><b>Sila nikot\u00ednu<\/b><\/td>\n<td><span style=\"font-weight: 400;\">10,5 mg na vrec\u00fa\u0161ko (14 mg\/g)<\/span><\/td>\n<\/tr>\n<tr>\n<td><b>Hmotnos\u0165 porcie<\/b><\/td>\n<td><span style=\"font-weight: 400;\">0,74 gramu<\/span><\/td>\n<\/tr>\n<tr>\n<td><b>Po\u010det porci\u00ed<\/b><\/td>\n<td><span style=\"font-weight: 400;\">20 za plechovku<\/span><\/td>\n<\/tr>\n<tr>\n<td><b>Celkov\u00e1 hmotnos\u0165 plechovky<\/b><\/td>\n<td><span style=\"font-weight: 400;\">15,5 gramu<\/span><\/td>\n<\/tr>\n<tr>\n<td><b>V\u00fdrobca<\/b><\/td>\n<td>NOR<\/td>\n<\/tr>\n<tr>\n<td><b>Pozoruhodn\u00e9 funkcie<\/b><\/td>\n<td><span style=\"font-weight: 400;\">Bez tabaku<\/span><\/td>\n<\/tr>\n<\/tbody>\n<\/table>","protected":false},"excerpt":{"rendered":"<p data-start=\"1227\" data-end=\"1357\">Nikot\u00ednov\u00e9 v\u00fdrobky NAKD PODS s pr\u00edchu\u0165ou m\u00e4ty vo form\u00e1te pod.<\/p>","protected":false},"featured_media":61343,"comment_status":"open","ping_status":"closed","template":"","format":[206],"meta":{"_acf_changed":false},"product_brand":[],"product_cat":[265],"product_tag":[16966,16445],"flavours":[199],"nicotine":[211,232],"class_list":{"0":"post-61315","1":"product","2":"type-product","3":"status-publish","4":"has-post-thumbnail","6":"product_cat-nor","7":"product_tag-10-5-mg-pouch","8":"product_tag-20-off","9":"pa_quantity-1-pack","10":"pa_quantity-10-pack","11":"pa_quantity-3-pack","12":"pa_quantity-30-pack","13":"pa_quantity-5-pack","14":"pa_quantity-60-pack","15":"flavours-mint","16":"format-slim","17":"nicotine-14-mg-g","18":"nicotine-extra-strong","20":"first","21":"instock","22":"sale","23":"taxable","24":"shipping-taxable","25":"purchasable","26":"product-type-variable"},"acf":[],"_links":{"self":[{"href":"https:\/\/whitelip.com\/sk\/wp-json\/wp\/v2\/product\/61315","targetHints":{"allow":["GET"]}}],"collection":[{"href":"https:\/\/whitelip.com\/sk\/wp-json\/wp\/v2\/product"}],"about":[{"href":"https:\/\/whitelip.com\/sk\/wp-json\/wp\/v2\/types\/product"}],"replies":[{"embeddable":true,"href":"https:\/\/whitelip.com\/sk\/wp-json\/wp\/v2\/comments?post=61315"}],"wp:featuredmedia":[{"embeddable":true,"href":"https:\/\/whitelip.com\/sk\/wp-json\/wp\/v2\/media\/61343"}],"wp:attachment":[{"href":"https:\/\/whitelip.com\/sk\/wp-json\/wp\/v2\/media?parent=61315"}],"wp:term":[{"taxonomy":"product_brand","embeddable":true,"href":"https:\/\/whitelip.com\/sk\/wp-json\/wp\/v2\/product_brand?post=61315"},{"taxonomy":"product_cat","embeddable":true,"href":"https:\/\/whitelip.com\/sk\/wp-json\/wp\/v2\/product_cat?post=61315"},{"taxonomy":"product_tag","embeddable":true,"href":"https:\/\/whitelip.com\/sk\/wp-json\/wp\/v2\/product_tag?post=61315"},{"taxonomy":"flavours","embeddable":true,"href":"https:\/\/whitelip.com\/sk\/wp-json\/wp\/v2\/flavours?post=61315"},{"taxonomy":"format","embeddable":true,"href":"https:\/\/whitelip.com\/sk\/wp-json\/wp\/v2\/format?post=61315"},{"taxonomy":"nicotine","embeddable":true,"href":"https:\/\/whitelip.com\/sk\/wp-json\/wp\/v2\/nicotine?post=61315"}],"curies":[{"name":"wp","href":"https:\/\/api.w.org\/{rel}","templated":true}]}}