{"id":60625,"date":"2026-01-13T12:02:02","date_gmt":"2026-01-13T12:02:02","guid":{"rendered":"https:\/\/whitelip.com\/?post_type=product&#038;p=60625"},"modified":"2026-04-23T10:11:30","modified_gmt":"2026-04-23T10:11:30","slug":"pablo-exclusive-cola","status":"publish","type":"product","link":"https:\/\/whitelip.com\/sk\/pablo\/pablo-exclusive-cola\/","title":{"rendered":"PABLO Exclusive Cola"},"content":{"rendered":"<p data-start=\"109\" data-end=\"364\">PABLO Exclusive Cola je beztabakov\u00fd vrec\u00fa\u0161kovit\u00fd v\u00fdrobok s pr\u00edchu\u0165ou koly. Pr\u00edchu\u0165 sa zav\u00e1dza priamo a vyzna\u010duje sa klasickou kolovou chu\u0165ou. V\u00fdrobok vyr\u00e1ba spolo\u010dnos\u0165 NGP a patr\u00ed do s\u00e9rie v\u00fdrobkov PABLO Exclusive. Nikot\u00ednov\u00e9 vrec\u00fa\u0161ka sa vyr\u00e1baj\u00fa v tenkom form\u00e1te ur\u010denom na diskr\u00e9tne umiestnenie pod horn\u00fa peru. Ka\u017ed\u00e1 plechovka obsahuje 20 nikot\u00ednov\u00fdch vrec\u00fa\u0161ok. Obsah nikot\u00ednu je 30 mg v jednom vrec\u00fa\u0161ku, \u010do zodpoved\u00e1 50 mg nikot\u00ednu na gram. Ka\u017ed\u00fd vrec\u00fa\u0161ko v\u00e1\u017ei 0,6 gramu a celkov\u00fd obsah v jednej plechovke je 12 gramov.<\/p>\n<p data-start=\"665\" data-end=\"819\">PABLO Exclusive Cola je na z\u00e1klade obsahu nikot\u00ednu vo vrec\u00fa\u0161ku klasifikovan\u00e1 ako v\u00fdrobok s extr\u00e9mne siln\u00fdm obsahom nikot\u00ednu. V\u00fdrobok neobsahuje tabak.<\/p>\n<table>\n<tbody>\n<tr>\n<td><b>Atrib\u00fat<\/b><\/td>\n<td><b>Podrobnosti<\/b><\/td>\n<\/tr>\n<tr>\n<td><b>Obsah na plechovku<\/b><\/td>\n<td><span style=\"font-weight: 400;\">12 g (20 vrec\u00fa\u0161ok)<\/span><\/td>\n<\/tr>\n<tr>\n<td><b>Obsah nikot\u00ednu<\/b><\/td>\n<td><span style=\"font-weight: 400;\">50 mg\/g (30 mg na vrecko)<\/span><\/td>\n<\/tr>\n<tr>\n<td><b>Form\u00e1t vrecka<\/b><\/td>\n<td><span style=\"font-weight: 400;\">Slim<\/span><\/td>\n<\/tr>\n<tr>\n<td><b>V\u00fdrobca<\/b><\/td>\n<td><span style=\"font-weight: 400;\">Imp\u00e9rium N.G.P<\/span><\/td>\n<\/tr>\n<tr>\n<td><b>Pr\u00edchu\u0165<\/b><\/td>\n<td>Cola<\/td>\n<\/tr>\n<tr>\n<td><b>Typ<\/b><\/td>\n<td><span style=\"font-weight: 400;\">Celobiele vrecko, bez tabaku<\/span><\/td>\n<\/tr>\n<\/tbody>\n<\/table>","protected":false},"excerpt":{"rendered":"<p data-start=\"851\" data-end=\"969\">PABLO Exclusive Cola nikot\u00ednov\u00e9 vrec\u00fa\u0161ka s <strong data-start=\"894\" data-end=\"902\">Cola<\/strong> pr\u00edchu\u0165 v <strong data-start=\"913\" data-end=\"921\">Slim<\/strong> form\u00e1t. Ka\u017ed\u00e9 vrecko obsahuje <strong data-start=\"950\" data-end=\"968\">30 mg nikot\u00ednu<\/strong>.<\/p>","protected":false},"featured_media":60770,"comment_status":"open","ping_status":"closed","template":"","format":[206],"meta":{"_acf_changed":false},"product_brand":[],"product_cat":[44],"product_tag":[16605],"flavours":[193],"nicotine":[233,226],"class_list":{"0":"post-60625","1":"product","2":"type-product","3":"status-publish","4":"has-post-thumbnail","6":"product_cat-pablo","7":"product_tag-30-mg-pouch","8":"pa_quantity-1-pack","9":"pa_quantity-10-pack","10":"pa_quantity-3-pack","11":"pa_quantity-30-pack","12":"pa_quantity-5-pack","13":"pa_quantity-60-pack","14":"flavours-cola","15":"format-slim","16":"nicotine-extreme","17":"nicotine-50-mg-g","19":"first","20":"instock","21":"taxable","22":"shipping-taxable","23":"purchasable","24":"product-type-variable"},"acf":[],"_links":{"self":[{"href":"https:\/\/whitelip.com\/sk\/wp-json\/wp\/v2\/product\/60625","targetHints":{"allow":["GET"]}}],"collection":[{"href":"https:\/\/whitelip.com\/sk\/wp-json\/wp\/v2\/product"}],"about":[{"href":"https:\/\/whitelip.com\/sk\/wp-json\/wp\/v2\/types\/product"}],"replies":[{"embeddable":true,"href":"https:\/\/whitelip.com\/sk\/wp-json\/wp\/v2\/comments?post=60625"}],"wp:featuredmedia":[{"embeddable":true,"href":"https:\/\/whitelip.com\/sk\/wp-json\/wp\/v2\/media\/60770"}],"wp:attachment":[{"href":"https:\/\/whitelip.com\/sk\/wp-json\/wp\/v2\/media?parent=60625"}],"wp:term":[{"taxonomy":"product_brand","embeddable":true,"href":"https:\/\/whitelip.com\/sk\/wp-json\/wp\/v2\/product_brand?post=60625"},{"taxonomy":"product_cat","embeddable":true,"href":"https:\/\/whitelip.com\/sk\/wp-json\/wp\/v2\/product_cat?post=60625"},{"taxonomy":"product_tag","embeddable":true,"href":"https:\/\/whitelip.com\/sk\/wp-json\/wp\/v2\/product_tag?post=60625"},{"taxonomy":"flavours","embeddable":true,"href":"https:\/\/whitelip.com\/sk\/wp-json\/wp\/v2\/flavours?post=60625"},{"taxonomy":"format","embeddable":true,"href":"https:\/\/whitelip.com\/sk\/wp-json\/wp\/v2\/format?post=60625"},{"taxonomy":"nicotine","embeddable":true,"href":"https:\/\/whitelip.com\/sk\/wp-json\/wp\/v2\/nicotine?post=60625"}],"curies":[{"name":"wp","href":"https:\/\/api.w.org\/{rel}","templated":true}]}}