{"id":60434,"date":"2026-01-13T10:23:38","date_gmt":"2026-01-13T10:23:38","guid":{"rendered":"https:\/\/whitelip.com\/?post_type=product&#038;p=60434"},"modified":"2026-04-15T17:36:57","modified_gmt":"2026-04-15T17:36:57","slug":"garant-ice-blueberry","status":"publish","type":"product","link":"https:\/\/whitelip.com\/sk\/garant\/garant-ice-blueberry\/","title":{"rendered":"Garant Ice Blueberry 20 mg"},"content":{"rendered":"<h2>Garant Ice Blueberry 20 mg<\/h2>\n<p data-start=\"109\" data-end=\"387\">Garant Ice Blueberry 20 mg je beztabakov\u00fd nikot\u00ednov\u00fd vrec\u00fa\u0161ko s \u010du\u010doriedkovou pr\u00edchu\u0165ou a chladiv\u00fdm charakterom. Pr\u00edchu\u0165 sa prejavuje skoro a je kombinovan\u00e1 s \u013eahk\u00fdm \u013eadov\u00fdm n\u00e1dychom. V\u00fdrobok vyr\u00e1ba spolo\u010dnos\u0165 KORDULA a je s\u00fa\u010das\u0165ou radu nikot\u00ednov\u00fdch vrec\u00fa\u0161ok GARANT. Vreck\u00e1 sa vyr\u00e1baj\u00fa v tenkom form\u00e1te a s\u00fa navrhnut\u00e9 tak, aby sa diskr\u00e9tne zmestili pod horn\u00fa peru. Ka\u017ed\u00e1 plechovka obsahuje 27 nikot\u00ednov\u00fdch vrec\u00fa\u0161ok. Obsah nikot\u00ednu je 10 mg v jednom vrec\u00fa\u0161ku, \u010do zodpoved\u00e1 20 mg nikot\u00ednu na gram. Celkov\u00fd obsah v jednej plechovke je 14 gramov, pri\u010dom ka\u017ed\u00e9 vrec\u00fa\u0161ko v\u00e1\u017ei 0,5 gramu.<\/p>\n<p data-start=\"685\" data-end=\"916\">Garant Ice Blueberry 20 mg je klasifikovan\u00fd ako stredne siln\u00fd produkt na z\u00e1klade obsahu nikot\u00ednu vo vrec\u00fa\u0161ku. V\u00fdrobok neobsahuje tabak a pou\u017e\u00edva biele vrec\u00fa\u0161ka ur\u010den\u00e9 na dod\u00e1vanie nikot\u00ednu a chuti bez obsahu tabaku.<\/p>\n<table>\n<tbody>\n<tr>\n<td><b>Atrib\u00fat<\/b><\/td>\n<td><b>Podrobnosti<\/b><\/td>\n<\/tr>\n<tr>\n<td><span style=\"font-weight: 400;\">Obsah na plechovku<\/span><\/td>\n<td>27 vreciek<\/td>\n<\/tr>\n<tr>\n<td><span style=\"font-weight: 400;\">Obsah nikot\u00ednu<\/span><\/td>\n<td><span style=\"font-weight: 400;\">20 mg\/g (10 mg na vrecko)<\/span><\/td>\n<\/tr>\n<tr>\n<td><span style=\"font-weight: 400;\">Form\u00e1t vrecka<\/span><\/td>\n<td><span style=\"font-weight: 400;\">Slim<\/span><\/td>\n<\/tr>\n<tr>\n<td><span style=\"font-weight: 400;\">V\u00fdrobca<\/span><\/td>\n<td><span style=\"font-weight: 400;\">Kordula<\/span><\/td>\n<\/tr>\n<tr>\n<td><span style=\"font-weight: 400;\">Pr\u00edchu\u0165<\/span><\/td>\n<td>\u010cu\u010doriedky<\/td>\n<\/tr>\n<tr>\n<td><span style=\"font-weight: 400;\">Typ<\/span><\/td>\n<td><span style=\"font-weight: 400;\">Celobiele vrecko, bez tabaku<\/span><\/td>\n<\/tr>\n<\/tbody>\n<\/table>","protected":false},"excerpt":{"rendered":"<article class=\"text-token-text-primary w-full focus:outline-none [--shadow-height:45px] has-data-writing-block:pointer-events-none has-data-writing-block:-mt-(--shadow-height) has-data-writing-block:pt-(--shadow-height) [&amp;:has([data-writing-block])&gt;*]:pointer-events-auto [content-visibility:auto] supports-[content-visibility:auto]:[contain-intrinsic-size:auto_100lvh] scroll-mt-[calc(var(--header-height)+min(200px,max(70px,20svh)))]\" dir=\"auto\" tabindex=\"-1\" data-turn-id=\"be83f372-4334-4c21-a68f-8aaf33185c7d\" data-testid=\"conversation-turn-30\" data-scroll-anchor=\"true\" data-turn=\"assistant\">\n<div class=\"text-base my-auto mx-auto pb-10 [--thread-content-margin:--spacing(4)] thread-sm:[--thread-content-margin:--spacing(6)] thread-lg:[--thread-content-margin:--spacing(16)] px-(--thread-content-margin)\">\n<div class=\"[--thread-content-max-width:40rem] thread-lg:[--thread-content-max-width:48rem] mx-auto max-w-(--thread-content-max-width) flex-1 group\/turn-messages focus-visible:outline-hidden relative flex w-full min-w-0 flex-col agent-turn\" tabindex=\"-1\">\n<div class=\"flex max-w-full flex-col grow\">\n<div class=\"min-h-8 text-message relative flex w-full flex-col items-end gap-2 text-start break-words whitespace-normal [.text-message+&amp;]:mt-1\" dir=\"auto\" data-message-author-role=\"assistant\" data-message-id=\"0bc46c84-d247-4d92-a4bb-b7091bf3fe36\" data-message-model-slug=\"gpt-5-thinking\">\n<div class=\"flex w-full flex-col gap-1 empty:hidden first:pt-[1px]\">\n<div class=\"markdown prose dark:prose-invert w-full break-words dark markdown-new-styling\">\n<p data-start=\"0\" data-end=\"264\" data-is-last-node=\"\" data-is-only-node=\"\">Garant Ice Blueberry 20mg nicotine pouches with <strong data-start=\"998\" data-end=\"1011\">Blueberry<\/strong> flavor in <strong data-start=\"1022\" data-end=\"1030\">Slim<\/strong> format. Each pouch contains <strong data-start=\"1059\" data-end=\"1077\">10 mg nicotine<\/strong>.<\/p>\n<\/div>\n<\/div>\n<\/div>\n<\/div>\n<div class=\"z-0 flex min-h-[46px] justify-start\"><\/div>\n<div class=\"mt-3 w-full empty:hidden\">\n<div class=\"text-center\"><\/div>\n<\/div>\n<\/div>\n<\/div>\n<\/article>\n<div class=\"pointer-events-none h-px w-px\" aria-hidden=\"true\" data-edge=\"true\"><\/div>\n","protected":false},"featured_media":84822,"comment_status":"open","ping_status":"closed","template":"","format":[206],"meta":{"_acf_changed":false},"product_brand":[],"product_cat":[102],"product_tag":[16587,16510],"flavours":[196],"nicotine":[218,232],"class_list":{"0":"post-60434","1":"product","2":"type-product","3":"status-publish","4":"has-post-thumbnail","6":"product_cat-garant","7":"product_tag-10-mg-pouch","8":"product_tag-12-off","9":"pa_quantity-1-pack","10":"pa_quantity-10-pack","11":"pa_quantity-3-pack","12":"pa_quantity-30-pack","13":"pa_quantity-5-pack","14":"pa_quantity-60-pack","15":"flavours-fruits-berries","16":"format-slim","17":"nicotine-20-mg-g","18":"nicotine-extra-strong","20":"first","21":"instock","22":"sale","23":"taxable","24":"shipping-taxable","25":"purchasable","26":"product-type-variable","27":"has-default-attributes"},"acf":[],"_links":{"self":[{"href":"https:\/\/whitelip.com\/sk\/wp-json\/wp\/v2\/product\/60434","targetHints":{"allow":["GET"]}}],"collection":[{"href":"https:\/\/whitelip.com\/sk\/wp-json\/wp\/v2\/product"}],"about":[{"href":"https:\/\/whitelip.com\/sk\/wp-json\/wp\/v2\/types\/product"}],"replies":[{"embeddable":true,"href":"https:\/\/whitelip.com\/sk\/wp-json\/wp\/v2\/comments?post=60434"}],"wp:featuredmedia":[{"embeddable":true,"href":"https:\/\/whitelip.com\/sk\/wp-json\/wp\/v2\/media\/84822"}],"wp:attachment":[{"href":"https:\/\/whitelip.com\/sk\/wp-json\/wp\/v2\/media?parent=60434"}],"wp:term":[{"taxonomy":"product_brand","embeddable":true,"href":"https:\/\/whitelip.com\/sk\/wp-json\/wp\/v2\/product_brand?post=60434"},{"taxonomy":"product_cat","embeddable":true,"href":"https:\/\/whitelip.com\/sk\/wp-json\/wp\/v2\/product_cat?post=60434"},{"taxonomy":"product_tag","embeddable":true,"href":"https:\/\/whitelip.com\/sk\/wp-json\/wp\/v2\/product_tag?post=60434"},{"taxonomy":"flavours","embeddable":true,"href":"https:\/\/whitelip.com\/sk\/wp-json\/wp\/v2\/flavours?post=60434"},{"taxonomy":"format","embeddable":true,"href":"https:\/\/whitelip.com\/sk\/wp-json\/wp\/v2\/format?post=60434"},{"taxonomy":"nicotine","embeddable":true,"href":"https:\/\/whitelip.com\/sk\/wp-json\/wp\/v2\/nicotine?post=60434"}],"curies":[{"name":"wp","href":"https:\/\/api.w.org\/{rel}","templated":true}]}}