{"id":45964,"date":"2025-12-08T12:39:15","date_gmt":"2025-12-08T12:39:15","guid":{"rendered":"https:\/\/whitelip.com\/?post_type=product&#038;p=45964"},"modified":"2026-03-27T09:17:58","modified_gmt":"2026-03-27T09:17:58","slug":"mynt-lychee-6mg","status":"publish","type":"product","link":"https:\/\/whitelip.com\/sk\/mynt\/mynt-lychee-6mg\/","title":{"rendered":"MYNT Li\u010di 6 mg"},"content":{"rendered":"<p data-start=\"212\" data-end=\"505\">MYNT Lychee 6 mg prin\u00e1\u0161a sladk\u00fa tropick\u00fa pr\u00edchu\u0165 li\u010di s \u013eahk\u00fdm kvetinov\u00fdm n\u00e1dychom a osvie\u017euj\u00facou jemnos\u0165ou. Chu\u0165 je jasn\u00e1, ovocn\u00e1 a mierne exotick\u00e1, pon\u00faka \u010dist\u00fd a povzn\u00e1\u0161aj\u00faci profil ide\u00e1lny na ka\u017edodenn\u00e9 pou\u017e\u00edvanie. Poskytuje jemn\u00fd a z\u00e1rove\u0148 aromatick\u00fd z\u00e1\u017eitok, ktor\u00fd sa odli\u0161uje od tradi\u010dn\u00fdch m\u00e4tov\u00fdch alebo citrusov\u00fdch druhov.<\/p>\n<p data-start=\"507\" data-end=\"827\">Ka\u017ed\u00e9 tenk\u00e9 vrec\u00fa\u0161ko obsahuje 6 mg nikot\u00ednu a poskytuje stredne siln\u00fa d\u00e1vku, ktor\u00e1 je vhodn\u00e1 pre pravideln\u00fdch u\u017e\u00edvate\u013eov. Celobiely beztabakov\u00fd form\u00e1t zaru\u010duje \u010dist\u00fd z\u00e1\u017eitok bez \u0161kv\u0155n, dymu alebo pretrv\u00e1vaj\u00faceho z\u00e1pachu - ide\u00e1lny na diskr\u00e9tne a osvie\u017euj\u00face u\u017e\u00edvanie kedyko\u013evek a kdeko\u013evek.<\/p>\n<table>\n<tbody>\n<tr>\n<td><b>Atrib\u00fat<\/b><\/td>\n<td><b>Podrobnosti<\/b><\/td>\n<\/tr>\n<tr>\n<td><b>Zna\u010dka<\/b><\/td>\n<td><span style=\"font-weight: 400;\">MYNT<\/span><\/td>\n<\/tr>\n<tr>\n<td><b>Typ v\u00fdrobku<\/b><\/td>\n<td><span style=\"font-weight: 400;\">V\u0161etky biele nikot\u00ednov\u00e9 vreck\u00e1<\/span><\/td>\n<\/tr>\n<tr>\n<td><b>Form\u00e1t<\/b><\/td>\n<td>Slim<\/td>\n<\/tr>\n<tr>\n<td><b>Pr\u00edchu\u0165<\/b><\/td>\n<td>Li\u010di<\/td>\n<\/tr>\n<tr>\n<td><b>Sila nikot\u00ednu<\/b><\/td>\n<td><span style=\"font-weight: 400;\">6 mg na s\u00e1\u010dok (12 mg\/g)<\/span><\/td>\n<\/tr>\n<tr>\n<td><b>Hmotnos\u0165 porcie<\/b><\/td>\n<td><span style=\"font-weight: 400;\">0,5 gramu<\/span><\/td>\n<\/tr>\n<tr>\n<td><b>Po\u010det porci\u00ed<\/b><\/td>\n<td><span style=\"font-weight: 400;\">20 za plechovku<\/span><\/td>\n<\/tr>\n<tr>\n<td><b>Celkov\u00e1 hmotnos\u0165 plechovky<\/b><\/td>\n<td><span style=\"font-weight: 400;\">8 gramov<\/span><\/td>\n<\/tr>\n<tr>\n<td><b>V\u00fdrobca<\/b><\/td>\n<td>Satyam's Sun Products Pvt Ltd<\/td>\n<\/tr>\n<tr>\n<td><b>Pozoruhodn\u00e9 funkcie<\/b><\/td>\n<td><span style=\"font-weight: 400;\">Bez tab\u00e1ku, tenk\u00fd form\u00e1t, exotick\u00e1 a osvie\u017euj\u00faca pr\u00edchu\u0165 l\u00fd\u010dia<\/span><\/td>\n<\/tr>\n<\/tbody>\n<\/table>","protected":false},"excerpt":{"rendered":"<p data-start=\"1386\" data-end=\"1459\"><strong>Li\u010di<\/strong> pr\u00edchu\u0165 v <b>\u0161t\u00edhly <\/b>vrecko s <strong data-start=\"1494\" data-end=\"1513\">6 mg nikot\u00ednu<\/strong> na jedno vrecko.<\/p>","protected":false},"featured_media":47209,"comment_status":"open","ping_status":"closed","template":"","format":[206],"meta":{"_acf_changed":false},"product_brand":[],"product_cat":[11212],"product_tag":[16559],"flavours":[196],"nicotine":[209,235],"class_list":{"0":"post-45964","1":"product","2":"type-product","3":"status-publish","4":"has-post-thumbnail","6":"product_cat-mynt","7":"product_tag-6-mg-pouch","8":"pa_quantity-1-pack","9":"pa_quantity-10-pack","10":"pa_quantity-3-pack","11":"pa_quantity-30-pack","12":"pa_quantity-5-pack","13":"pa_quantity-60-pack","14":"flavours-fruits-berries","15":"format-slim","16":"nicotine-12-mg-g","17":"nicotine-normal","19":"first","20":"outofstock","21":"taxable","22":"shipping-taxable","23":"purchasable","24":"product-type-variable"},"acf":[],"_links":{"self":[{"href":"https:\/\/whitelip.com\/sk\/wp-json\/wp\/v2\/product\/45964","targetHints":{"allow":["GET"]}}],"collection":[{"href":"https:\/\/whitelip.com\/sk\/wp-json\/wp\/v2\/product"}],"about":[{"href":"https:\/\/whitelip.com\/sk\/wp-json\/wp\/v2\/types\/product"}],"replies":[{"embeddable":true,"href":"https:\/\/whitelip.com\/sk\/wp-json\/wp\/v2\/comments?post=45964"}],"wp:featuredmedia":[{"embeddable":true,"href":"https:\/\/whitelip.com\/sk\/wp-json\/wp\/v2\/media\/47209"}],"wp:attachment":[{"href":"https:\/\/whitelip.com\/sk\/wp-json\/wp\/v2\/media?parent=45964"}],"wp:term":[{"taxonomy":"product_brand","embeddable":true,"href":"https:\/\/whitelip.com\/sk\/wp-json\/wp\/v2\/product_brand?post=45964"},{"taxonomy":"product_cat","embeddable":true,"href":"https:\/\/whitelip.com\/sk\/wp-json\/wp\/v2\/product_cat?post=45964"},{"taxonomy":"product_tag","embeddable":true,"href":"https:\/\/whitelip.com\/sk\/wp-json\/wp\/v2\/product_tag?post=45964"},{"taxonomy":"flavours","embeddable":true,"href":"https:\/\/whitelip.com\/sk\/wp-json\/wp\/v2\/flavours?post=45964"},{"taxonomy":"format","embeddable":true,"href":"https:\/\/whitelip.com\/sk\/wp-json\/wp\/v2\/format?post=45964"},{"taxonomy":"nicotine","embeddable":true,"href":"https:\/\/whitelip.com\/sk\/wp-json\/wp\/v2\/nicotine?post=45964"}],"curies":[{"name":"wp","href":"https:\/\/api.w.org\/{rel}","templated":true}]}}