{"id":43869,"date":"2025-11-26T11:14:00","date_gmt":"2025-11-26T11:14:00","guid":{"rendered":"https:\/\/whitelip.com\/?post_type=product&#038;p=43869"},"modified":"2026-01-28T05:32:51","modified_gmt":"2026-01-28T05:32:51","slug":"kelly-white-zebra-kelly-refillcan","status":"publish","type":"product","link":"https:\/\/whitelip.com\/sk\/refill-cans\/kelly-white-zebra-kelly-refillcan\/","title":{"rendered":"Kelly White Zebra Kelly Refill Can"},"content":{"rendered":"<p data-start=\"169\" data-end=\"449\">Zebra Kelly je odv\u00e1\u017ena a z\u00e1bavn\u00e1 refillov\u00e1 plechovka navrhnut\u00e1 pre pou\u017e\u00edvate\u013eov, ktor\u00ed chc\u00fa \u00falo\u017en\u00fd doplnok, ktor\u00fd vy\u010dnieva. S n\u00e1padn\u00fdm \u010dierno-bielym vzorom zebry sp\u00e1ja praktick\u00e9 ka\u017edodenn\u00e9 pou\u017eitie so z\u00e1bavn\u00fdm a charakteristick\u00fdm dizajnom, ktor\u00fd okam\u017eite pri\u0165ahuje pozornos\u0165.<\/p>\n<p data-start=\"451\" data-end=\"766\">Ako s\u00fa\u010das\u0165 kolekcie Kelly, Zebra Kelly je vyroben\u00e1 s d\u00f4razom na kvalitu, odolnos\u0165 a pou\u017e\u00edvate\u013esky pr\u00edvetn\u00fa funkcionalitu. Jej vzorovan\u00fd exter\u00e9r pon\u00faka modern\u00fd vzh\u013ead a z\u00e1rove\u0148 si zachov\u00e1va pohodln\u00e9 pocity v ruke, \u010do z nej rob\u00ed perfektn\u00e9ho spolo\u010dn\u00edka \u010di u\u017e v pr\u00e1ci, na ceste alebo ve\u010der.<\/p>\n<p data-start=\"768\" data-end=\"1070\">Plechovka je \u00faplne refillov\u00e1 a m\u00f4\u017ee by\u0165 naplnen\u00e1 ak\u00fdmiko\u013evek nikot\u00ednov\u00fdmi vrec\u00fa\u0161kami pod\u013ea v\u00e1\u0161ho v\u00fdberu. S kapacitou a\u017e 20 porci\u00ed pon\u00faka dlhotrvaj\u00facu a udr\u017eate\u013en\u00fa alternat\u00edvu k jednorazov\u00e9mu baleniu. Interi\u00e9r je navrhnut\u00fd tak, aby va\u0161e vrec\u00fa\u0161ka zostali \u00fah\u013eadne uskladnen\u00e9 a \u013eahko dostupn\u00e9 po\u010das cel\u00e9ho d\u0148a.<\/p>","protected":false},"excerpt":{"rendered":"<p data-start=\"1327\" data-end=\"1548\">Zebra Kelly je refillov\u00e1 plechovka s odv\u00e1\u017enym \u010dierno-bielym vzorom zebry. Z\u00e1bavn\u00fd a praktick\u00fd doplnok z kolekcie Kelly, ktor\u00fd pon\u00faka \u00falo\u017en\u00fd priestor a\u017e pre 20 nikot\u00ednov\u00fdch vrec\u00fa\u0161ok.<\/p>","protected":false},"featured_media":46776,"comment_status":"open","ping_status":"closed","template":"","format":[],"meta":{"_acf_changed":false},"product_brand":[],"product_cat":[10726],"product_tag":[],"flavours":[],"nicotine":[],"class_list":{"0":"post-43869","1":"product","2":"type-product","3":"status-publish","4":"has-post-thumbnail","6":"product_cat-refill-cans","8":"first","9":"instock","10":"taxable","11":"shipping-taxable","12":"purchasable","13":"product-type-simple"},"acf":[],"_links":{"self":[{"href":"https:\/\/whitelip.com\/sk\/wp-json\/wp\/v2\/product\/43869","targetHints":{"allow":["GET"]}}],"collection":[{"href":"https:\/\/whitelip.com\/sk\/wp-json\/wp\/v2\/product"}],"about":[{"href":"https:\/\/whitelip.com\/sk\/wp-json\/wp\/v2\/types\/product"}],"replies":[{"embeddable":true,"href":"https:\/\/whitelip.com\/sk\/wp-json\/wp\/v2\/comments?post=43869"}],"wp:featuredmedia":[{"embeddable":true,"href":"https:\/\/whitelip.com\/sk\/wp-json\/wp\/v2\/media\/46776"}],"wp:attachment":[{"href":"https:\/\/whitelip.com\/sk\/wp-json\/wp\/v2\/media?parent=43869"}],"wp:term":[{"taxonomy":"product_brand","embeddable":true,"href":"https:\/\/whitelip.com\/sk\/wp-json\/wp\/v2\/product_brand?post=43869"},{"taxonomy":"product_cat","embeddable":true,"href":"https:\/\/whitelip.com\/sk\/wp-json\/wp\/v2\/product_cat?post=43869"},{"taxonomy":"product_tag","embeddable":true,"href":"https:\/\/whitelip.com\/sk\/wp-json\/wp\/v2\/product_tag?post=43869"},{"taxonomy":"flavours","embeddable":true,"href":"https:\/\/whitelip.com\/sk\/wp-json\/wp\/v2\/flavours?post=43869"},{"taxonomy":"format","embeddable":true,"href":"https:\/\/whitelip.com\/sk\/wp-json\/wp\/v2\/format?post=43869"},{"taxonomy":"nicotine","embeddable":true,"href":"https:\/\/whitelip.com\/sk\/wp-json\/wp\/v2\/nicotine?post=43869"}],"curies":[{"name":"wp","href":"https:\/\/api.w.org\/{rel}","templated":true}]}}