{"id":43865,"date":"2025-11-26T11:09:13","date_gmt":"2025-11-26T11:09:13","guid":{"rendered":"https:\/\/whitelip.com\/?post_type=product&#038;p=43865"},"modified":"2026-01-28T05:32:06","modified_gmt":"2026-01-28T05:32:06","slug":"kelly-white-classic-kelly-refillcan","status":"publish","type":"product","link":"https:\/\/whitelip.com\/sk\/refill-cans\/kelly-white-classic-kelly-refillcan\/","title":{"rendered":"N\u00e1pl\u0148 do plechovky Kelly White Classic Kelly"},"content":{"rendered":"<p data-start=\"148\" data-end=\"469\">Classic Kelly je nad\u010dasov\u00e1 plnite\u013en\u00e1 kanva ur\u010den\u00e1 pre pou\u017e\u00edvate\u013eov, ktor\u00ed oce\u0148uj\u00fa \u010dist\u00fa eleganciu a spo\u013eahliv\u00fa funk\u010dnos\u0165. Tento model s \u010diernym povrchom z umelej ko\u017ee so vzorom krokod\u00edla a rafinovan\u00fdmi strieborn\u00fdmi detailmi dosahuje dokonal\u00fa rovnov\u00e1hu medzi sofistikovanos\u0165ou a jednoduchos\u0165ou, v\u010faka \u010domu je vhodn\u00fd na ka\u017ed\u00fa pr\u00edle\u017eitos\u0165.<\/p>\n<p data-start=\"471\" data-end=\"819\">Ako s\u00fa\u010das\u0165 kolekcie Kelly je Classic Kelly vyroben\u00e1 s d\u00f4razom na kvalitu, odolnos\u0165 a ka\u017edodenn\u00fa pou\u017eite\u013enos\u0165. Text\u00farovan\u00fd povrch z umelej ko\u017ee poskytuje prvotriedny pocit a z\u00e1rove\u0148 zaru\u010duje pohodln\u00e9 uchopenie. Jeho nen\u00e1padn\u00fd, ale \u0161t\u00fdlov\u00fd vzh\u013ead z neho rob\u00ed univerz\u00e1lny doplnok, ktor\u00fd je ide\u00e1lny pre profesion\u00e1lne prostredie aj uvo\u013enen\u00fa ka\u017edodenn\u00fa rutinu.<\/p>\n<p data-start=\"821\" data-end=\"1118\">Plechovka je plne plnite\u013en\u00e1 a pojme a\u017e 20 nikot\u00ednov\u00fdch vrec\u00fa\u0161ok, \u010d\u00edm pon\u00faka dlhodob\u00fa a ekologick\u00fa alternat\u00edvu k jednorazov\u00fdm obalom. Classic Kelly je navrhnut\u00fd na jednoduch\u00e9 pou\u017e\u00edvanie a praktick\u00e9 skladovanie, v\u010faka \u010domu zostan\u00fa va\u0161e vrec\u00fa\u0161ka preh\u013eadne usporiadan\u00e9 a dostupn\u00e9 v\u017edy, ke\u010f ich budete potrebova\u0165.<\/p>","protected":false},"excerpt":{"rendered":"<p data-start=\"1327\" data-end=\"1548\">Classic Kelly je nad\u010dasov\u00e1 plnite\u013en\u00e1 plechovka s povrchovou \u00fapravou z umelej ko\u017ee s \u010diernym krokod\u00edl\u00edm vzorom a strieborn\u00fdmi detailmi. Praktick\u00fd a elegantn\u00fd doplnok z kolekcie Kelly, ktor\u00fd pon\u00faka \u00falo\u017en\u00fd priestor a\u017e na 20 nikot\u00ednov\u00fdch vreciek.<\/p>","protected":false},"featured_media":46777,"comment_status":"open","ping_status":"closed","template":"","format":[],"meta":{"_acf_changed":false},"product_brand":[],"product_cat":[10726],"product_tag":[],"flavours":[],"nicotine":[],"class_list":{"0":"post-43865","1":"product","2":"type-product","3":"status-publish","4":"has-post-thumbnail","6":"product_cat-refill-cans","8":"first","9":"instock","10":"taxable","11":"shipping-taxable","12":"purchasable","13":"product-type-simple"},"acf":[],"_links":{"self":[{"href":"https:\/\/whitelip.com\/sk\/wp-json\/wp\/v2\/product\/43865","targetHints":{"allow":["GET"]}}],"collection":[{"href":"https:\/\/whitelip.com\/sk\/wp-json\/wp\/v2\/product"}],"about":[{"href":"https:\/\/whitelip.com\/sk\/wp-json\/wp\/v2\/types\/product"}],"replies":[{"embeddable":true,"href":"https:\/\/whitelip.com\/sk\/wp-json\/wp\/v2\/comments?post=43865"}],"wp:featuredmedia":[{"embeddable":true,"href":"https:\/\/whitelip.com\/sk\/wp-json\/wp\/v2\/media\/46777"}],"wp:attachment":[{"href":"https:\/\/whitelip.com\/sk\/wp-json\/wp\/v2\/media?parent=43865"}],"wp:term":[{"taxonomy":"product_brand","embeddable":true,"href":"https:\/\/whitelip.com\/sk\/wp-json\/wp\/v2\/product_brand?post=43865"},{"taxonomy":"product_cat","embeddable":true,"href":"https:\/\/whitelip.com\/sk\/wp-json\/wp\/v2\/product_cat?post=43865"},{"taxonomy":"product_tag","embeddable":true,"href":"https:\/\/whitelip.com\/sk\/wp-json\/wp\/v2\/product_tag?post=43865"},{"taxonomy":"flavours","embeddable":true,"href":"https:\/\/whitelip.com\/sk\/wp-json\/wp\/v2\/flavours?post=43865"},{"taxonomy":"format","embeddable":true,"href":"https:\/\/whitelip.com\/sk\/wp-json\/wp\/v2\/format?post=43865"},{"taxonomy":"nicotine","embeddable":true,"href":"https:\/\/whitelip.com\/sk\/wp-json\/wp\/v2\/nicotine?post=43865"}],"curies":[{"name":"wp","href":"https:\/\/api.w.org\/{rel}","templated":true}]}}