{"id":43863,"date":"2025-11-26T11:06:33","date_gmt":"2025-11-26T11:06:33","guid":{"rendered":"https:\/\/whitelip.com\/?post_type=product&#038;p=43863"},"modified":"2026-01-28T05:31:35","modified_gmt":"2026-01-28T05:31:35","slug":"kelly-white-rebel-kelly-refillcan","status":"publish","type":"product","link":"https:\/\/whitelip.com\/sk\/refill-cans\/kelly-white-rebel-kelly-refillcan\/","title":{"rendered":"N\u00e1pl\u0148 do plechovky Kelly White Rebel Kelly"},"content":{"rendered":"<p data-start=\"146\" data-end=\"453\">Rebel Kelly je odv\u00e1\u017ena a \u0161t\u00fdlov\u00e1 plnite\u013en\u00e1 plechovka ur\u010den\u00e1 pre pou\u017e\u00edvate\u013eov, ktor\u00ed chc\u00fa pr\u00e9miov\u00e9 pr\u00edslu\u0161enstvo s v\u00fdraznou osobnos\u0165ou. Tento model s tmavo\u010derven\u00fdm povrchom z umelej ko\u017ee so vzorom krokod\u00edla a jemn\u00fdm zlat\u00fdm akcentom prin\u00e1\u0161a sebavedom\u00fd a modern\u00fd vzh\u013ead, ktor\u00fd vynik\u00e1 bez toho, aby bol ohromuj\u00faci.<\/p>\n<p data-start=\"455\" data-end=\"831\">Kolekcia Rebel Kelly je s\u00fa\u010das\u0165ou kolekcie Kelly a je vyroben\u00e1 s jasn\u00fdm d\u00f4razom na odolnos\u0165, kvalitu a dizajn. Text\u00farovan\u00fd krokod\u00edl\u00ed vzor dod\u00e1va luxusn\u00fd pocit a z\u00e1rove\u0148 pon\u00faka pohodln\u00e9 uchopenie, v\u010faka \u010domu je vhodn\u00e1 na ka\u017edodenn\u00e9 pou\u017eitie aj na sl\u00e1vnostnej\u0161ie pr\u00edle\u017eitosti. V\u010faka svojmu jedine\u010dn\u00e9mu dizajnu je ide\u00e1lnou vo\u013ebou pre pou\u017e\u00edvate\u013eov, ktor\u00ed uprednost\u0148uj\u00fa doplnky s postojom a individualitou.<\/p>\n<p data-start=\"833\" data-end=\"1098\">Rebel Kelly je plne plnite\u013en\u00fd a pojme a\u017e 20 nikot\u00ednov\u00fdch vrec\u00fa\u0161ok, \u010d\u00edm poskytuje dlhodob\u00fa a udr\u017eate\u013en\u00fa alternat\u00edvu k jednorazov\u00fdm obalom. Vn\u00fatorn\u00fd priestor je navrhnut\u00fd tak, aby bol praktick\u00fd a zabezpe\u010dil, \u017ee va\u0161e vrec\u00fa\u0161ka zostan\u00fa preh\u013eadne ulo\u017een\u00e9 a \u013eahko dostupn\u00e9.<\/p>","protected":false},"excerpt":{"rendered":"<p data-start=\"1327\" data-end=\"1548\">Rebel Kelly je plnite\u013en\u00e1 plechovka z \u010dervenej umelej ko\u017ee so vzorom krokod\u00edla a jemn\u00fdm zlat\u00fdm detailom. Sebavedom\u00fd a \u0161t\u00fdlov\u00fd doplnok z kolekcie Kelly, ktor\u00fd pon\u00faka praktick\u00fd \u00falo\u017en\u00fd priestor a\u017e na 20 nikot\u00ednov\u00fdch vreciek.<\/p>","protected":false},"featured_media":46779,"comment_status":"open","ping_status":"closed","template":"","format":[],"meta":{"_acf_changed":false},"product_brand":[],"product_cat":[10726],"product_tag":[],"flavours":[],"nicotine":[],"class_list":{"0":"post-43863","1":"product","2":"type-product","3":"status-publish","4":"has-post-thumbnail","6":"product_cat-refill-cans","8":"first","9":"instock","10":"taxable","11":"shipping-taxable","12":"purchasable","13":"product-type-simple"},"acf":[],"_links":{"self":[{"href":"https:\/\/whitelip.com\/sk\/wp-json\/wp\/v2\/product\/43863","targetHints":{"allow":["GET"]}}],"collection":[{"href":"https:\/\/whitelip.com\/sk\/wp-json\/wp\/v2\/product"}],"about":[{"href":"https:\/\/whitelip.com\/sk\/wp-json\/wp\/v2\/types\/product"}],"replies":[{"embeddable":true,"href":"https:\/\/whitelip.com\/sk\/wp-json\/wp\/v2\/comments?post=43863"}],"wp:featuredmedia":[{"embeddable":true,"href":"https:\/\/whitelip.com\/sk\/wp-json\/wp\/v2\/media\/46779"}],"wp:attachment":[{"href":"https:\/\/whitelip.com\/sk\/wp-json\/wp\/v2\/media?parent=43863"}],"wp:term":[{"taxonomy":"product_brand","embeddable":true,"href":"https:\/\/whitelip.com\/sk\/wp-json\/wp\/v2\/product_brand?post=43863"},{"taxonomy":"product_cat","embeddable":true,"href":"https:\/\/whitelip.com\/sk\/wp-json\/wp\/v2\/product_cat?post=43863"},{"taxonomy":"product_tag","embeddable":true,"href":"https:\/\/whitelip.com\/sk\/wp-json\/wp\/v2\/product_tag?post=43863"},{"taxonomy":"flavours","embeddable":true,"href":"https:\/\/whitelip.com\/sk\/wp-json\/wp\/v2\/flavours?post=43863"},{"taxonomy":"format","embeddable":true,"href":"https:\/\/whitelip.com\/sk\/wp-json\/wp\/v2\/format?post=43863"},{"taxonomy":"nicotine","embeddable":true,"href":"https:\/\/whitelip.com\/sk\/wp-json\/wp\/v2\/nicotine?post=43863"}],"curies":[{"name":"wp","href":"https:\/\/api.w.org\/{rel}","templated":true}]}}