{"id":43861,"date":"2025-11-26T11:04:32","date_gmt":"2025-11-26T11:04:32","guid":{"rendered":"https:\/\/whitelip.com\/?post_type=product&#038;p=43861"},"modified":"2026-01-28T05:30:52","modified_gmt":"2026-01-28T05:30:52","slug":"kelly-white-icon-kelly-refillcan","status":"publish","type":"product","link":"https:\/\/whitelip.com\/sk\/refill-cans\/kelly-white-icon-kelly-refillcan\/","title":{"rendered":"N\u00e1pl\u0148 do plechovky Kelly White Icon Kelly"},"content":{"rendered":"<p data-start=\"167\" data-end=\"440\">Icon Kelly je rafinovan\u00e1 plnite\u013en\u00e1 kanva ur\u010den\u00e1 pre pou\u017e\u00edvate\u013eov, ktor\u00ed oce\u0148uj\u00fa \u010dist\u00fd a sofistikovan\u00fd vzh\u013ead. Tento model zabalen\u00fd do hladkej \u010diernej umelej ko\u017ee prin\u00e1\u0161a nad\u010dasov\u00fd a elegantn\u00fd vzh\u013ead, ktor\u00fd sa bez probl\u00e9mov hod\u00ed do ka\u017edodennej rutiny aj na form\u00e1lnej\u0161ie pr\u00edle\u017eitosti.<\/p>\n<p data-start=\"442\" data-end=\"775\">Kolekcia Icon Kelly je s\u00fa\u010das\u0165ou kolekcie Kelly a zameriava sa na kombin\u00e1ciu odolnosti, prvotriedneho dizajnu a praktickej funk\u010dnosti. M\u00e4kk\u00fd povrch z umelej ko\u017ee na dotyk pon\u00faka pohodln\u00e9 uchopenie pri zachovan\u00ed elegantnej a modernej estetiky. V\u010faka svojmu minimalistick\u00e9mu vzh\u013eadu je ide\u00e1lnou vo\u013ebou pre t\u00fdch, ktor\u00ed uprednost\u0148uj\u00fa jemn\u00fa eleganciu pred v\u00fdrazn\u00fdmi vzormi.<\/p>\n<p data-start=\"777\" data-end=\"1099\">Rovnako ako v\u0161etky modely z kolekcie Kelly je aj Icon Kelly plne plnite\u013en\u00fd. Mo\u017eno ju naplni\u0165 \u013eubovo\u013en\u00fdmi nikot\u00ednov\u00fdmi vrec\u00fa\u0161kami, ktor\u00e9 si vyberiete, \u010do predstavuje dlhodob\u00fa a ekologick\u00fa alternat\u00edvu k jednorazov\u00fdm obalom. Do plechovky sa zmest\u00ed a\u017e 20 d\u00e1vok, tak\u017ee je praktick\u00e1 a \u013eahko sa pren\u00e1\u0161a vo vrecku alebo v ta\u0161ke.<\/p>","protected":false},"excerpt":{"rendered":"<p data-start=\"1240\" data-end=\"1417\">Icon Kelly je elegantn\u00e1 plnite\u013en\u00e1 plechovka z hladkej \u010diernej umelej ko\u017ee. Nad\u010dasov\u00fd a praktick\u00fd doplnok z kolekcie Kelly, ktor\u00fd pon\u00faka elegantn\u00e9 a pohodln\u00e9 ulo\u017eenie a\u017e 20 nikot\u00ednov\u00fdch vreciek.<\/p>","protected":false},"featured_media":46780,"comment_status":"open","ping_status":"closed","template":"","format":[],"meta":{"_acf_changed":false},"product_brand":[],"product_cat":[10726],"product_tag":[],"flavours":[],"nicotine":[],"class_list":{"0":"post-43861","1":"product","2":"type-product","3":"status-publish","4":"has-post-thumbnail","6":"product_cat-refill-cans","8":"first","9":"instock","10":"taxable","11":"shipping-taxable","12":"purchasable","13":"product-type-simple"},"acf":[],"_links":{"self":[{"href":"https:\/\/whitelip.com\/sk\/wp-json\/wp\/v2\/product\/43861","targetHints":{"allow":["GET"]}}],"collection":[{"href":"https:\/\/whitelip.com\/sk\/wp-json\/wp\/v2\/product"}],"about":[{"href":"https:\/\/whitelip.com\/sk\/wp-json\/wp\/v2\/types\/product"}],"replies":[{"embeddable":true,"href":"https:\/\/whitelip.com\/sk\/wp-json\/wp\/v2\/comments?post=43861"}],"wp:featuredmedia":[{"embeddable":true,"href":"https:\/\/whitelip.com\/sk\/wp-json\/wp\/v2\/media\/46780"}],"wp:attachment":[{"href":"https:\/\/whitelip.com\/sk\/wp-json\/wp\/v2\/media?parent=43861"}],"wp:term":[{"taxonomy":"product_brand","embeddable":true,"href":"https:\/\/whitelip.com\/sk\/wp-json\/wp\/v2\/product_brand?post=43861"},{"taxonomy":"product_cat","embeddable":true,"href":"https:\/\/whitelip.com\/sk\/wp-json\/wp\/v2\/product_cat?post=43861"},{"taxonomy":"product_tag","embeddable":true,"href":"https:\/\/whitelip.com\/sk\/wp-json\/wp\/v2\/product_tag?post=43861"},{"taxonomy":"flavours","embeddable":true,"href":"https:\/\/whitelip.com\/sk\/wp-json\/wp\/v2\/flavours?post=43861"},{"taxonomy":"format","embeddable":true,"href":"https:\/\/whitelip.com\/sk\/wp-json\/wp\/v2\/format?post=43861"},{"taxonomy":"nicotine","embeddable":true,"href":"https:\/\/whitelip.com\/sk\/wp-json\/wp\/v2\/nicotine?post=43861"}],"curies":[{"name":"wp","href":"https:\/\/api.w.org\/{rel}","templated":true}]}}