{"id":43859,"date":"2025-11-26T11:02:34","date_gmt":"2025-11-26T11:02:34","guid":{"rendered":"https:\/\/whitelip.com\/?post_type=product&#038;p=43859"},"modified":"2026-02-05T09:12:05","modified_gmt":"2026-02-05T09:12:05","slug":"kelly-white-sky-kelly-refillcan","status":"publish","type":"product","link":"https:\/\/whitelip.com\/sk\/refill-cans\/kelly-white-sky-kelly-refillcan\/","title":{"rendered":"N\u00e1pl\u0148 do plechovky Kelly White Sky Kelly"},"content":{"rendered":"<p data-start=\"152\" data-end=\"412\">Sky Kelly je \u0161t\u00fdlov\u00e1 plnite\u013en\u00e1 plechovka zdoben\u00e1 svetlomodr\u00fdmi kamienkami, ktor\u00e9 odr\u00e1\u017eaj\u00fa svetlo a vytv\u00e1raj\u00fa jemn\u00fd, trblietav\u00fd efekt. Sky Kelly je navrhnut\u00e1 ako s\u00fa\u010das\u0165 kolekcie Kelly a sp\u00e1ja praktick\u00fa funk\u010dnos\u0165 so svie\u017eou a modernou estetikou.<\/p>\n<p data-start=\"414\" data-end=\"709\">Plechovka je vyroben\u00e1 na opakovan\u00e9 pou\u017eitie a mo\u017eno ju naplni\u0165 \u013eubovo\u013en\u00fdmi nikot\u00ednov\u00fdmi vrec\u00fa\u0161kami pod\u013ea vlastn\u00e9ho v\u00fdberu. S priestorom a\u017e na 20 d\u00e1vok pon\u00faka dlhotrvaj\u00facu a pohodln\u00fa alternat\u00edvu k jednorazov\u00fdm obalom. Jej odoln\u00e1 kon\u0161trukcia a \u013eahko otv\u00e1rate\u013en\u00fd dizajn z nej robia praktick\u00fd doplnok na ka\u017edodenn\u00e9 pou\u017eitie.<\/p>\n<p data-start=\"711\" data-end=\"951\">Jasne modr\u00fd povrch s kamienkami dod\u00e1va hodink\u00e1m Sky Kelly jedine\u010dn\u00fd vzh\u013ead, ktor\u00fd p\u00f4sob\u00ed elegantne a z\u00e1rove\u0148 hravo. Pohodlne sa zmest\u00ed do vreciek a ta\u0161iek, tak\u017ee je ide\u00e1lnym spolo\u010dn\u00edkom, \u010di u\u017e ste v pr\u00e1ci, na cest\u00e1ch alebo vyr\u00e1\u017eate ve\u010der von.<\/p>","protected":false},"excerpt":{"rendered":"<p data-start=\"1240\" data-end=\"1417\">Sky Kelly je plnite\u013en\u00e1 plechovka so svetlomodr\u00fdmi kamienkami a priestorom na 20 nikot\u00ednov\u00fdch vrec\u00fa\u0161ok. \u0160t\u00fdlov\u00fd a praktick\u00fd doplnok z kolekcie Kelly, ur\u010den\u00fd na modern\u00e9 a elegantn\u00e9 skladovanie.<\/p>","protected":false},"featured_media":46781,"comment_status":"open","ping_status":"closed","template":"","format":[],"meta":{"_acf_changed":false},"product_brand":[],"product_cat":[10726],"product_tag":[],"flavours":[],"nicotine":[],"class_list":{"0":"post-43859","1":"product","2":"type-product","3":"status-publish","4":"has-post-thumbnail","6":"product_cat-refill-cans","8":"first","9":"instock","10":"taxable","11":"shipping-taxable","12":"purchasable","13":"product-type-simple"},"acf":[],"_links":{"self":[{"href":"https:\/\/whitelip.com\/sk\/wp-json\/wp\/v2\/product\/43859","targetHints":{"allow":["GET"]}}],"collection":[{"href":"https:\/\/whitelip.com\/sk\/wp-json\/wp\/v2\/product"}],"about":[{"href":"https:\/\/whitelip.com\/sk\/wp-json\/wp\/v2\/types\/product"}],"replies":[{"embeddable":true,"href":"https:\/\/whitelip.com\/sk\/wp-json\/wp\/v2\/comments?post=43859"}],"wp:featuredmedia":[{"embeddable":true,"href":"https:\/\/whitelip.com\/sk\/wp-json\/wp\/v2\/media\/46781"}],"wp:attachment":[{"href":"https:\/\/whitelip.com\/sk\/wp-json\/wp\/v2\/media?parent=43859"}],"wp:term":[{"taxonomy":"product_brand","embeddable":true,"href":"https:\/\/whitelip.com\/sk\/wp-json\/wp\/v2\/product_brand?post=43859"},{"taxonomy":"product_cat","embeddable":true,"href":"https:\/\/whitelip.com\/sk\/wp-json\/wp\/v2\/product_cat?post=43859"},{"taxonomy":"product_tag","embeddable":true,"href":"https:\/\/whitelip.com\/sk\/wp-json\/wp\/v2\/product_tag?post=43859"},{"taxonomy":"flavours","embeddable":true,"href":"https:\/\/whitelip.com\/sk\/wp-json\/wp\/v2\/flavours?post=43859"},{"taxonomy":"format","embeddable":true,"href":"https:\/\/whitelip.com\/sk\/wp-json\/wp\/v2\/format?post=43859"},{"taxonomy":"nicotine","embeddable":true,"href":"https:\/\/whitelip.com\/sk\/wp-json\/wp\/v2\/nicotine?post=43859"}],"curies":[{"name":"wp","href":"https:\/\/api.w.org\/{rel}","templated":true}]}}