{"id":43855,"date":"2025-11-26T10:59:34","date_gmt":"2025-11-26T10:59:34","guid":{"rendered":"https:\/\/whitelip.com\/?post_type=product&#038;p=43855"},"modified":"2026-01-28T05:30:04","modified_gmt":"2026-01-28T05:30:04","slug":"kelly-white-golden-kelly-refillcan","status":"publish","type":"product","link":"https:\/\/whitelip.com\/sk\/refill-cans\/kelly-white-golden-kelly-refillcan\/","title":{"rendered":"N\u00e1pl\u0148 do plechovky Kelly White Golden Kelly"},"content":{"rendered":"<p data-start=\"214\" data-end=\"513\">Golden Kelly je pr\u00e9miov\u00e1 plnite\u013en\u00e1 kanva navrhnut\u00e1 pre pou\u017e\u00edvate\u013eov, ktor\u00ed chc\u00fa spoji\u0165 praktick\u00fa funk\u010dnos\u0165 s luxusn\u00fdm, v\u00fdrazn\u00fdm dizajnom. Tento model s trblietav\u00fdm vonkaj\u0161\u00edm povrchom so zlat\u00fdmi kamienkami prin\u00e1\u0161a do ka\u017edodenn\u00e9ho skladovania n\u00e1dych glamour a vynikne ako \u0161t\u00fdlov\u00fd doplnok v ka\u017edom prostred\u00ed.<\/p>\n<p data-start=\"515\" data-end=\"873\">Kolekcia Golden Kelly je s\u00fa\u010das\u0165ou kolekcie Kelly a zameriava sa na odolnos\u0165 a kvalitu dizajnu. Plechovka je vyroben\u00e1 tak, aby sa dala opakovane pou\u017e\u00edva\u0165 a plni\u0165 \u013eubovo\u013en\u00fdmi nikot\u00ednov\u00fdmi vrec\u00fa\u0161kami pod\u013ea v\u00e1\u0161ho v\u00fdberu, \u010d\u00edm pon\u00faka dlhotrvaj\u00facu a udr\u017eate\u013enej\u0161iu alternat\u00edvu k jednorazov\u00fdm obalom. Jej \u0161trukt\u00fara je vytvoren\u00e1 tak, aby va\u0161e vrec\u00fa\u0161ka boli preh\u013eadne ulo\u017een\u00e9 a \u013eahko dostupn\u00e9 po\u010das cel\u00e9ho d\u0148a.<\/p>\n<p data-start=\"875\" data-end=\"1146\">Trblietav\u00e1 zlat\u00e1 povrchov\u00e1 \u00faprava dod\u00e1va hodink\u00e1m Golden Kelly odv\u00e1\u017eny, elegantn\u00fd vzh\u013ead a z\u00e1rove\u0148 si zachov\u00e1va pohodln\u00fd a praktick\u00fd tvar vhodn\u00fd do vreciek a ta\u0161iek. \u010ci u\u017e ju pou\u017e\u00edvate denne, alebo pri \u0161peci\u00e1lnych pr\u00edle\u017eitostiach, dod\u00e1 va\u0161ej rutine prvotriedny pocit a pozdvihne v\u00e1\u0161 osobn\u00fd \u0161t\u00fdl.<\/p>","protected":false},"excerpt":{"rendered":"<p data-start=\"1240\" data-end=\"1417\">Golden Kelly je luxusn\u00e1 plnite\u013en\u00e1 plechovka s trblietav\u00fdmi zlat\u00fdmi kamienkami. Praktick\u00fd a \u0161t\u00fdlov\u00fd doplnok z kolekcie Kelly, ur\u010den\u00fd na prvotriedne skladovanie nikot\u00ednov\u00fdch vreciek.<\/p>","protected":false},"featured_media":46782,"comment_status":"open","ping_status":"closed","template":"","format":[],"meta":{"_acf_changed":false},"product_brand":[],"product_cat":[10726],"product_tag":[],"flavours":[],"nicotine":[],"class_list":{"0":"post-43855","1":"product","2":"type-product","3":"status-publish","4":"has-post-thumbnail","6":"product_cat-refill-cans","8":"first","9":"instock","10":"taxable","11":"shipping-taxable","12":"purchasable","13":"product-type-simple"},"acf":[],"_links":{"self":[{"href":"https:\/\/whitelip.com\/sk\/wp-json\/wp\/v2\/product\/43855","targetHints":{"allow":["GET"]}}],"collection":[{"href":"https:\/\/whitelip.com\/sk\/wp-json\/wp\/v2\/product"}],"about":[{"href":"https:\/\/whitelip.com\/sk\/wp-json\/wp\/v2\/types\/product"}],"replies":[{"embeddable":true,"href":"https:\/\/whitelip.com\/sk\/wp-json\/wp\/v2\/comments?post=43855"}],"wp:featuredmedia":[{"embeddable":true,"href":"https:\/\/whitelip.com\/sk\/wp-json\/wp\/v2\/media\/46782"}],"wp:attachment":[{"href":"https:\/\/whitelip.com\/sk\/wp-json\/wp\/v2\/media?parent=43855"}],"wp:term":[{"taxonomy":"product_brand","embeddable":true,"href":"https:\/\/whitelip.com\/sk\/wp-json\/wp\/v2\/product_brand?post=43855"},{"taxonomy":"product_cat","embeddable":true,"href":"https:\/\/whitelip.com\/sk\/wp-json\/wp\/v2\/product_cat?post=43855"},{"taxonomy":"product_tag","embeddable":true,"href":"https:\/\/whitelip.com\/sk\/wp-json\/wp\/v2\/product_tag?post=43855"},{"taxonomy":"flavours","embeddable":true,"href":"https:\/\/whitelip.com\/sk\/wp-json\/wp\/v2\/flavours?post=43855"},{"taxonomy":"format","embeddable":true,"href":"https:\/\/whitelip.com\/sk\/wp-json\/wp\/v2\/format?post=43855"},{"taxonomy":"nicotine","embeddable":true,"href":"https:\/\/whitelip.com\/sk\/wp-json\/wp\/v2\/nicotine?post=43855"}],"curies":[{"name":"wp","href":"https:\/\/api.w.org\/{rel}","templated":true}]}}