{"id":43850,"date":"2025-11-26T10:43:45","date_gmt":"2025-11-26T10:43:45","guid":{"rendered":"https:\/\/whitelip.com\/?post_type=product&#038;p=43850"},"modified":"2026-03-11T04:56:42","modified_gmt":"2026-03-11T04:56:42","slug":"kelly-white-nightclub-kelly-refillcan","status":"publish","type":"product","link":"https:\/\/whitelip.com\/sk\/refill-cans\/kelly-white-nightclub-kelly-refillcan\/","title":{"rendered":"Kelly White Nightclub Kelly N\u00e1pl\u0148 do plechovky"},"content":{"rendered":"<p data-start=\"249\" data-end=\"554\">Nightclub Kelly je pr\u00e9miov\u00e1 plnite\u013en\u00e1 plechovka ur\u010den\u00e1 pre pou\u017e\u00edvate\u013eov, ktor\u00ed chc\u00fa odv\u00e1\u017eny a elegantn\u00fd sp\u00f4sob uchov\u00e1vania nikot\u00ednov\u00fdch vrec\u00fa\u0161ok. Vonkaj\u0161ia strana je pokryt\u00e1 mal\u00fdmi \u010diernymi kamienkami, ktor\u00e9 jemne odr\u00e1\u017eaj\u00fa svetlo, \u010d\u00edm dod\u00e1vaj\u00fa plechovke elegantn\u00fd a luxusn\u00fd vzh\u013ead vhodn\u00fd na ka\u017edodenn\u00e9 pou\u017eitie aj na \u0161peci\u00e1lne pr\u00edle\u017eitosti.<\/p>\n<p data-start=\"556\" data-end=\"890\">Tento model je s\u00fa\u010das\u0165ou kolekcie Kelly a sp\u00e1ja \u0161t\u00fdlov\u00fd dizajn s dlhotrvaj\u00facou funk\u010dnos\u0165ou. Vn\u00fatorn\u00e1 \u010das\u0165 je vyroben\u00e1 z plastu ur\u010den\u00e9ho na pou\u017eitie v potravin\u00e1rstve, \u010do zaru\u010duje, \u017ee va\u0161e nikot\u00ednov\u00e9 vrec\u00fa\u0161ka bud\u00fa v\u017edy bezpe\u010dne a hygienicky ulo\u017een\u00e9. V\u010faka kon\u0161trukcii, ktor\u00fa mo\u017eno op\u00e4tovne naplni\u0165, je odolnou a udr\u017eate\u013enej\u0161ou alternat\u00edvou k jednorazov\u00fdm obalom.<\/p>\n<p data-start=\"892\" data-end=\"1206\">No\u010dn\u00fd klub Kelly je vytvoren\u00fd s d\u00f4razom na detail a vysokokvalitn\u00e9 \u0161tandardy <span class=\"hover:entity-accent entity-underline inline cursor-pointer align-baseline\"><span class=\"whitespace-normal\">White Industries AB<\/span><\/span>, ktor\u00e9 pon\u00fakaj\u00fa dokonal\u00fa rovnov\u00e1hu medzi praktickos\u0165ou a estetikou. \u010ci u\u017e d\u00e1vate prednos\u0165 decentn\u00e9mu doplnku alebo nie\u010domu s modern\u00fdm n\u00e1dychom, t\u00e1to plechovka poskytuje \u0161t\u00fdlov\u00e9 a spo\u013eahliv\u00e9 rie\u0161enie na uskladnenie.<\/p>","protected":false},"excerpt":{"rendered":"<p data-start=\"1240\" data-end=\"1417\">Nightclub Kelly je plnite\u013en\u00e1 pr\u00e9miov\u00e1 plechovka s \u010diernymi kamienkami a interi\u00e9rom z potravin\u00e1rskej ocele. \u0160t\u00fdlov\u00e9 a odoln\u00e9 pr\u00edslu\u0161enstvo ur\u010den\u00e9 na bezpe\u010dn\u00e9 a elegantn\u00e9 skladovanie nikot\u00ednov\u00fdch vrec\u00fa\u0161ok.<\/p>","protected":false},"featured_media":46784,"comment_status":"open","ping_status":"closed","template":"","format":[],"meta":{"_acf_changed":false},"product_brand":[],"product_cat":[10726],"product_tag":[],"flavours":[],"nicotine":[],"class_list":{"0":"post-43850","1":"product","2":"type-product","3":"status-publish","4":"has-post-thumbnail","6":"product_cat-refill-cans","8":"first","9":"instock","10":"taxable","11":"shipping-taxable","12":"purchasable","13":"product-type-simple"},"acf":[],"_links":{"self":[{"href":"https:\/\/whitelip.com\/sk\/wp-json\/wp\/v2\/product\/43850","targetHints":{"allow":["GET"]}}],"collection":[{"href":"https:\/\/whitelip.com\/sk\/wp-json\/wp\/v2\/product"}],"about":[{"href":"https:\/\/whitelip.com\/sk\/wp-json\/wp\/v2\/types\/product"}],"replies":[{"embeddable":true,"href":"https:\/\/whitelip.com\/sk\/wp-json\/wp\/v2\/comments?post=43850"}],"wp:featuredmedia":[{"embeddable":true,"href":"https:\/\/whitelip.com\/sk\/wp-json\/wp\/v2\/media\/46784"}],"wp:attachment":[{"href":"https:\/\/whitelip.com\/sk\/wp-json\/wp\/v2\/media?parent=43850"}],"wp:term":[{"taxonomy":"product_brand","embeddable":true,"href":"https:\/\/whitelip.com\/sk\/wp-json\/wp\/v2\/product_brand?post=43850"},{"taxonomy":"product_cat","embeddable":true,"href":"https:\/\/whitelip.com\/sk\/wp-json\/wp\/v2\/product_cat?post=43850"},{"taxonomy":"product_tag","embeddable":true,"href":"https:\/\/whitelip.com\/sk\/wp-json\/wp\/v2\/product_tag?post=43850"},{"taxonomy":"flavours","embeddable":true,"href":"https:\/\/whitelip.com\/sk\/wp-json\/wp\/v2\/flavours?post=43850"},{"taxonomy":"format","embeddable":true,"href":"https:\/\/whitelip.com\/sk\/wp-json\/wp\/v2\/format?post=43850"},{"taxonomy":"nicotine","embeddable":true,"href":"https:\/\/whitelip.com\/sk\/wp-json\/wp\/v2\/nicotine?post=43850"}],"curies":[{"name":"wp","href":"https:\/\/api.w.org\/{rel}","templated":true}]}}