{"id":43795,"date":"2025-11-26T10:27:34","date_gmt":"2025-11-26T10:27:34","guid":{"rendered":"https:\/\/whitelip.com\/?post_type=product&#038;p=43795"},"modified":"2026-01-28T05:29:01","modified_gmt":"2026-01-28T05:29:01","slug":"kelly-white-sparkling-kelly-refillcan","status":"publish","type":"product","link":"https:\/\/whitelip.com\/sk\/refill-cans\/kelly-white-sparkling-kelly-refillcan\/","title":{"rendered":"N\u00e1pl\u0148 do plechovky Kelly White Sparkling Kelly"},"content":{"rendered":"<p data-start=\"163\" data-end=\"440\">Sparkling Kelly je pr\u00e9miov\u00e1 plnite\u013en\u00e1 plechovka ur\u010den\u00e1 pre pou\u017e\u00edvate\u013eov, ktor\u00ed chc\u00fa spoji\u0165 praktick\u00e9 skladovanie s o\u010daruj\u00facim, p\u00fatav\u00fdm vzh\u013eadom. Toto pr\u00edslu\u0161enstvo pokryt\u00e9 trblietav\u00fdmi strieborn\u00fdmi kamienkami n\u00e1dherne odr\u00e1\u017ea svetlo a dod\u00e1va ka\u017edodennej rutine elegantn\u00fd n\u00e1dych.<\/p>\n<p data-start=\"442\" data-end=\"773\">Kolekcia Sparkling Kelly je s\u00fa\u010das\u0165ou kolekcie Kelly a je vyroben\u00e1 s d\u00f4razom na kvalitu, odolnos\u0165 a dizajn. Plechovka je vyroben\u00e1 z vysokokvalitn\u00fdch materi\u00e1lov a sl\u00fa\u017ei ako opakovane pou\u017eite\u013en\u00e9 rie\u0161enie na skladovanie nikot\u00ednov\u00fdch vrec\u00fa\u0161ok. V\u010faka svojej kon\u0161trukcii, ktor\u00fa mo\u017eno op\u00e4tovne naplni\u0165, predstavuje dlhotrvaj\u00facu a udr\u017eate\u013enej\u0161iu alternat\u00edvu k jednorazov\u00fdm obalom.<\/p>\n<p data-start=\"775\" data-end=\"1071\">Vn\u00fatorn\u00fd priestor je navrhnut\u00fd tak, aby boli va\u0161e vreck\u00e1 \u013eahko dostupn\u00e9, zatia\u013e \u010do trblietav\u00fd vonkaj\u0161\u00ed povrch men\u00ed plechovku na \u0161t\u00fdlov\u00fd doplnok, ktor\u00fd m\u00f4\u017eete hrdo nosi\u0165 vo vrecku alebo v ta\u0161ke. \u010ci u\u017e ju pou\u017e\u00edvate denne, alebo pri \u0161peci\u00e1lnych pr\u00edle\u017eitostiach, Sparkling Kelly pon\u00faka dokonal\u00fa rovnov\u00e1hu medzi funk\u010dnos\u0165ou a luxusom.<\/p>","protected":false},"excerpt":{"rendered":"<p data-start=\"1240\" data-end=\"1417\">Sparkling Kelly je plnite\u013en\u00e1 pr\u00e9miov\u00e1 plechovka zdoben\u00e1 trblietav\u00fdmi strieborn\u00fdmi kamienkami. Je to \u0161t\u00fdlov\u00fd a praktick\u00fd doplnok ur\u010den\u00fd na elegantn\u00e9 skladovanie nikot\u00ednov\u00fdch vrec\u00fa\u0161ok.<\/p>","protected":false},"featured_media":46785,"comment_status":"open","ping_status":"closed","template":"","format":[],"meta":{"_acf_changed":false},"product_brand":[],"product_cat":[10726],"product_tag":[],"flavours":[],"nicotine":[],"class_list":{"0":"post-43795","1":"product","2":"type-product","3":"status-publish","4":"has-post-thumbnail","6":"product_cat-refill-cans","8":"first","9":"instock","10":"taxable","11":"shipping-taxable","12":"purchasable","13":"product-type-simple"},"acf":[],"_links":{"self":[{"href":"https:\/\/whitelip.com\/sk\/wp-json\/wp\/v2\/product\/43795","targetHints":{"allow":["GET"]}}],"collection":[{"href":"https:\/\/whitelip.com\/sk\/wp-json\/wp\/v2\/product"}],"about":[{"href":"https:\/\/whitelip.com\/sk\/wp-json\/wp\/v2\/types\/product"}],"replies":[{"embeddable":true,"href":"https:\/\/whitelip.com\/sk\/wp-json\/wp\/v2\/comments?post=43795"}],"wp:featuredmedia":[{"embeddable":true,"href":"https:\/\/whitelip.com\/sk\/wp-json\/wp\/v2\/media\/46785"}],"wp:attachment":[{"href":"https:\/\/whitelip.com\/sk\/wp-json\/wp\/v2\/media?parent=43795"}],"wp:term":[{"taxonomy":"product_brand","embeddable":true,"href":"https:\/\/whitelip.com\/sk\/wp-json\/wp\/v2\/product_brand?post=43795"},{"taxonomy":"product_cat","embeddable":true,"href":"https:\/\/whitelip.com\/sk\/wp-json\/wp\/v2\/product_cat?post=43795"},{"taxonomy":"product_tag","embeddable":true,"href":"https:\/\/whitelip.com\/sk\/wp-json\/wp\/v2\/product_tag?post=43795"},{"taxonomy":"flavours","embeddable":true,"href":"https:\/\/whitelip.com\/sk\/wp-json\/wp\/v2\/flavours?post=43795"},{"taxonomy":"format","embeddable":true,"href":"https:\/\/whitelip.com\/sk\/wp-json\/wp\/v2\/format?post=43795"},{"taxonomy":"nicotine","embeddable":true,"href":"https:\/\/whitelip.com\/sk\/wp-json\/wp\/v2\/nicotine?post=43795"}],"curies":[{"name":"wp","href":"https:\/\/api.w.org\/{rel}","templated":true}]}}