{"id":35130,"date":"2025-11-22T21:26:39","date_gmt":"2025-11-22T21:26:39","guid":{"rendered":"https:\/\/whitelip.com\/?post_type=product&#038;p=35130"},"modified":"2026-04-05T17:36:09","modified_gmt":"2026-04-05T17:36:09","slug":"denssi-berry-beast-caffeine","status":"publish","type":"product","link":"https:\/\/whitelip.com\/sk\/denssi-caffeine-pouches\/denssi-berry-beast-caffeine\/","title":{"rendered":"Denssi Berry Beast Kofe\u00edn"},"content":{"rendered":"<p data-start=\"146\" data-end=\"514\">Denssi Energy Berry Beast je ur\u010den\u00fd pre t\u00fdch, ktor\u00ed chc\u00fa \u010dist\u00fa, stabiln\u00fa energiu s v\u00fdraznou pr\u00edchu\u0165ou mie\u0161an\u00fdch bob\u00fa\u013e. Ka\u017ed\u00e9 tenk\u00e9 vrecko prin\u00e1\u0161a \u017eiv\u00fa zmes jah\u00f4d, \u010du\u010doriedok a mal\u00edn, vyv\u00e1\u017een\u00fa pr\u00edrodn\u00fdm kofe\u00ednom pre plynul\u00e9 a dlhotrvaj\u00face s\u00fastredenie. Pr\u00edchu\u0165 je \u0161\u0165avnat\u00e1, pikantn\u00e1 a osvie\u017euj\u00faca a dod\u00e1 v\u00e1m energiu, ktor\u00e1 v\u00e1s povzbud\u00ed a z\u00e1rove\u0148 uspokoj\u00ed.<\/p>\n<p data-start=\"516\" data-end=\"783\">V\u010faka svojmu tenk\u00e9mu, diskr\u00e9tnemu form\u00e1tu sa Berry Beast d\u00e1 \u013eahko pou\u017e\u00edva\u0165 kedyko\u013evek, v pr\u00e1ci, v posil\u0148ovni alebo na cest\u00e1ch. Neobsahuje \u017eiadny cukor, neobsahuje tabak a \u017eiadny neporiadok. Len \u010dist\u00e1 vzpruha ur\u010den\u00e1 na zostrenie va\u0161ej koncentr\u00e1cie bez n\u00e1razov energetick\u00fdch n\u00e1pojov alebo \u0165a\u017eivosti k\u00e1vy.<\/p>\n<table style=\"height: 395px;\" width=\"375\">\n<tbody>\n<tr>\n<td><b>Atrib\u00fat<\/b><\/td>\n<td><b>Podrobnosti<\/b><\/td>\n<\/tr>\n<tr>\n<td><b>Zna\u010dka<\/b><\/td>\n<td>Denssi<\/td>\n<\/tr>\n<tr>\n<td><b>Typ v\u00fdrobku<\/b><\/td>\n<td><span style=\"font-weight: 400;\">All White Kofeinov\u00e9 kapsuly<\/span><\/td>\n<\/tr>\n<tr>\n<td><b>Form\u00e1t<\/b><\/td>\n<td>Slim<\/td>\n<\/tr>\n<tr>\n<td><b>Pr\u00edchu\u0165<\/b><\/td>\n<td>Zmie\u0161an\u00e9 bobu\u013ey<\/td>\n<\/tr>\n<tr>\n<td><b>Sila kofe\u00ednu<\/b><\/td>\n<td>100 mg<\/td>\n<\/tr>\n<tr>\n<td><b>V\u00fdrobca<\/b><\/td>\n<td><span style=\"font-weight: 400;\">Denssi<\/span><\/td>\n<\/tr>\n<tr>\n<td><b>Po\u010det porci\u00ed<\/b><\/td>\n<td><span style=\"font-weight: 400;\">15 za plechovku<\/span><\/td>\n<\/tr>\n<tr>\n<td><b>Pozoruhodn\u00e9 funkcie<\/b><\/td>\n<td><span style=\"font-weight: 400;\">Bez tab\u00e1ku, \u0161t\u00edhly form\u00e1t<\/span><\/td>\n<\/tr>\n<tr>\n<td><\/td>\n<td><\/td>\n<\/tr>\n<tr>\n<td><\/td>\n<td><\/td>\n<\/tr>\n<\/tbody>\n<\/table>","protected":false},"excerpt":{"rendered":"<p data-start=\"1185\" data-end=\"1369\">Berry Beast prin\u00e1\u0161a sladk\u00fa, pikantn\u00fa zmes rozmixovan\u00fdch bobu\u013eov\u00edn s \u010dist\u00fdm kofe\u00ednov\u00fdm n\u00e1bojom. \u0160t\u00edhly, diskr\u00e9tny a bez cukru pre plynul\u00fa, dlhotrvaj\u00facu energiu kedyko\u013evek.<\/p>","protected":false},"featured_media":35134,"comment_status":"open","ping_status":"closed","template":"","format":[206],"meta":{"_acf_changed":false},"product_brand":[],"product_cat":[267],"product_tag":[],"flavours":[196],"nicotine":[243],"class_list":{"0":"post-35130","1":"product","2":"type-product","3":"status-publish","4":"has-post-thumbnail","6":"product_cat-denssi-caffeine-pouches","7":"pa_quantity-1-pack","8":"pa_quantity-10-pack","9":"pa_quantity-3-pack","10":"pa_quantity-30-pack","11":"pa_quantity-5-pack","12":"pa_quantity-60-pack","13":"flavours-fruits-berries","14":"format-slim","15":"nicotine-caffeine","17":"first","18":"instock","19":"taxable","20":"shipping-taxable","21":"purchasable","22":"product-type-variable"},"acf":[],"_links":{"self":[{"href":"https:\/\/whitelip.com\/sk\/wp-json\/wp\/v2\/product\/35130","targetHints":{"allow":["GET"]}}],"collection":[{"href":"https:\/\/whitelip.com\/sk\/wp-json\/wp\/v2\/product"}],"about":[{"href":"https:\/\/whitelip.com\/sk\/wp-json\/wp\/v2\/types\/product"}],"replies":[{"embeddable":true,"href":"https:\/\/whitelip.com\/sk\/wp-json\/wp\/v2\/comments?post=35130"}],"wp:featuredmedia":[{"embeddable":true,"href":"https:\/\/whitelip.com\/sk\/wp-json\/wp\/v2\/media\/35134"}],"wp:attachment":[{"href":"https:\/\/whitelip.com\/sk\/wp-json\/wp\/v2\/media?parent=35130"}],"wp:term":[{"taxonomy":"product_brand","embeddable":true,"href":"https:\/\/whitelip.com\/sk\/wp-json\/wp\/v2\/product_brand?post=35130"},{"taxonomy":"product_cat","embeddable":true,"href":"https:\/\/whitelip.com\/sk\/wp-json\/wp\/v2\/product_cat?post=35130"},{"taxonomy":"product_tag","embeddable":true,"href":"https:\/\/whitelip.com\/sk\/wp-json\/wp\/v2\/product_tag?post=35130"},{"taxonomy":"flavours","embeddable":true,"href":"https:\/\/whitelip.com\/sk\/wp-json\/wp\/v2\/flavours?post=35130"},{"taxonomy":"format","embeddable":true,"href":"https:\/\/whitelip.com\/sk\/wp-json\/wp\/v2\/format?post=35130"},{"taxonomy":"nicotine","embeddable":true,"href":"https:\/\/whitelip.com\/sk\/wp-json\/wp\/v2\/nicotine?post=35130"}],"curies":[{"name":"wp","href":"https:\/\/api.w.org\/{rel}","templated":true}]}}