{"id":35125,"date":"2025-11-22T21:24:13","date_gmt":"2025-11-22T21:24:13","guid":{"rendered":"https:\/\/whitelip.com\/?post_type=product&#038;p=35125"},"modified":"2026-05-07T10:11:40","modified_gmt":"2026-05-07T10:11:40","slug":"denssi-southern-boost-caffeine","status":"publish","type":"product","link":"https:\/\/whitelip.com\/sk\/denssi-caffeine-pouches\/denssi-southern-boost-caffeine\/","title":{"rendered":"Denssi Southern Boost Kofe\u00edn"},"content":{"rendered":"<p data-start=\"173\" data-end=\"550\">Denssi Energy Southern Boost prin\u00e1\u0161a jemn\u00fa, osvie\u017euj\u00facu chu\u0165 brosky\u0148ov\u00e9ho \u013eadov\u00e9ho \u010daju v \u010distom, kofe\u00ednovom vrec\u00fa\u0161ku. Ka\u017ed\u00e9 tenk\u00e9 vrec\u00fa\u0161ko prin\u00e1\u0161a \u013eahko sladk\u00fa, chladiv\u00fa brosky\u0148ov\u00fa pr\u00edchu\u0165, ktor\u00e1 je ako klasick\u00fd ju\u017eansk\u00fd \u013eadov\u00fd \u010daj, vyv\u00e1\u017een\u00e1 pr\u00edrodn\u00fdm kofe\u00ednom pre stabiln\u00e9 s\u00fastredenie a dlhotrvaj\u00facu energiu. Bez cukru, bez tabaku, bez tekut\u00edn len \u010dist\u00e1 chu\u0165 a v\u00fdkon.<\/p>\n<p data-start=\"552\" data-end=\"887\">V\u010faka tenk\u00e9mu a diskr\u00e9tnemu form\u00e1tu m\u00f4\u017eete n\u00e1ramok Southern Boost pou\u017e\u00edva\u0165 kdeko\u013evek, \u010di u\u017e pracujete, \u0161tudujete alebo si udr\u017eiavate ostros\u0165 po\u010das dlh\u00e9ho d\u0148a. Toto vrec\u00fa\u0161ko s jemn\u00fdm chladiv\u00fdm povrchom a autentick\u00fdm brosky\u0148ovo-\u010dajov\u00fdm profilom pon\u00faka pokojn\u00fa, ale povzbudzuj\u00facu d\u00e1vku, ktor\u00e1 v\u00e1s udr\u017e\u00ed s\u00fastreden\u00fdch bez n\u00e1razov sladk\u00fdch n\u00e1pojov alebo horkosti k\u00e1vy.<\/p>\n<table style=\"height: 395px;\" width=\"375\">\n<tbody>\n<tr>\n<td><b>Atrib\u00fat<\/b><\/td>\n<td><b>Podrobnosti<\/b><\/td>\n<\/tr>\n<tr>\n<td><b>Zna\u010dka<\/b><\/td>\n<td>Denssi<\/td>\n<\/tr>\n<tr>\n<td><b>Typ v\u00fdrobku<\/b><\/td>\n<td><span style=\"font-weight: 400;\">All White Kofeinov\u00e9 kapsuly<\/span><\/td>\n<\/tr>\n<tr>\n<td><b>Form\u00e1t<\/b><\/td>\n<td>Slim<\/td>\n<\/tr>\n<tr>\n<td><b>Pr\u00edchu\u0165<\/b><\/td>\n<td>Broskv\u00e1\u0148ov\u00fd \u013eadov\u00fd \u010daj<\/td>\n<\/tr>\n<tr>\n<td><b>Sila kofe\u00ednu<\/b><\/td>\n<td>100 mg<\/td>\n<\/tr>\n<tr>\n<td><b>V\u00fdrobca<\/b><\/td>\n<td><span style=\"font-weight: 400;\">Denssi<\/span><\/td>\n<\/tr>\n<tr>\n<td><b>Po\u010det porci\u00ed<\/b><\/td>\n<td><span style=\"font-weight: 400;\">15 za plechovku<\/span><\/td>\n<\/tr>\n<tr>\n<td><b>Pozoruhodn\u00e9 funkcie<\/b><\/td>\n<td><span style=\"font-weight: 400;\">Bez tab\u00e1ku, \u0161t\u00edhly form\u00e1t<\/span><\/td>\n<\/tr>\n<tr>\n<td><\/td>\n<td><\/td>\n<\/tr>\n<tr>\n<td><\/td>\n<td><\/td>\n<\/tr>\n<\/tbody>\n<\/table>","protected":false},"excerpt":{"rendered":"<p data-start=\"1185\" data-end=\"1369\">Southern Boost prin\u00e1\u0161a chu\u0165 chladen\u00e9ho brosky\u0148ov\u00e9ho \u013eadov\u00e9ho \u010daju s \u010dist\u00fdm kofe\u00ednov\u00fdm n\u00e1bojom. Tenk\u00e9, diskr\u00e9tne vrec\u00fa\u0161ka bez cukru s\u00fa navrhnut\u00e9 pre hladk\u00e9 a dlhotrvaj\u00face s\u00fastredenie.<\/p>","protected":false},"featured_media":35129,"comment_status":"open","ping_status":"closed","template":"","format":[206],"meta":{"_acf_changed":false},"product_brand":[],"product_cat":[267],"product_tag":[],"flavours":[196],"nicotine":[243],"class_list":{"0":"post-35125","1":"product","2":"type-product","3":"status-publish","4":"has-post-thumbnail","6":"product_cat-denssi-caffeine-pouches","7":"pa_quantity-1-pack","8":"pa_quantity-10-pack","9":"pa_quantity-3-pack","10":"pa_quantity-30-pack","11":"pa_quantity-5-pack","12":"pa_quantity-60-pack","13":"flavours-fruits-berries","14":"format-slim","15":"nicotine-caffeine","17":"first","18":"instock","19":"taxable","20":"shipping-taxable","21":"purchasable","22":"product-type-variable"},"acf":[],"_links":{"self":[{"href":"https:\/\/whitelip.com\/sk\/wp-json\/wp\/v2\/product\/35125","targetHints":{"allow":["GET"]}}],"collection":[{"href":"https:\/\/whitelip.com\/sk\/wp-json\/wp\/v2\/product"}],"about":[{"href":"https:\/\/whitelip.com\/sk\/wp-json\/wp\/v2\/types\/product"}],"replies":[{"embeddable":true,"href":"https:\/\/whitelip.com\/sk\/wp-json\/wp\/v2\/comments?post=35125"}],"wp:featuredmedia":[{"embeddable":true,"href":"https:\/\/whitelip.com\/sk\/wp-json\/wp\/v2\/media\/35129"}],"wp:attachment":[{"href":"https:\/\/whitelip.com\/sk\/wp-json\/wp\/v2\/media?parent=35125"}],"wp:term":[{"taxonomy":"product_brand","embeddable":true,"href":"https:\/\/whitelip.com\/sk\/wp-json\/wp\/v2\/product_brand?post=35125"},{"taxonomy":"product_cat","embeddable":true,"href":"https:\/\/whitelip.com\/sk\/wp-json\/wp\/v2\/product_cat?post=35125"},{"taxonomy":"product_tag","embeddable":true,"href":"https:\/\/whitelip.com\/sk\/wp-json\/wp\/v2\/product_tag?post=35125"},{"taxonomy":"flavours","embeddable":true,"href":"https:\/\/whitelip.com\/sk\/wp-json\/wp\/v2\/flavours?post=35125"},{"taxonomy":"format","embeddable":true,"href":"https:\/\/whitelip.com\/sk\/wp-json\/wp\/v2\/format?post=35125"},{"taxonomy":"nicotine","embeddable":true,"href":"https:\/\/whitelip.com\/sk\/wp-json\/wp\/v2\/nicotine?post=35125"}],"curies":[{"name":"wp","href":"https:\/\/api.w.org\/{rel}","templated":true}]}}