{"id":34953,"date":"2025-11-21T16:07:24","date_gmt":"2025-11-21T16:07:24","guid":{"rendered":"https:\/\/whitelip.com\/?post_type=product&#038;p=34953"},"modified":"2026-04-12T23:53:50","modified_gmt":"2026-04-12T23:53:50","slug":"denssi-tropical-fury-caffeine","status":"publish","type":"product","link":"https:\/\/whitelip.com\/sk\/denssi-caffeine-pouches\/denssi-tropical-fury-caffeine\/","title":{"rendered":"Denssi Tropical Fury Caffeine"},"content":{"rendered":"<p data-start=\"162\" data-end=\"584\">Denssi Energy Tropical Fury prin\u00e1\u0161a siln\u00fd pr\u00edval tropickej chuti v kombin\u00e1cii s \u010distou a trvalou kofe\u00ednovou energiou. Ka\u017ed\u00e9 tenk\u00e9 vrecko sp\u00e1ja anan\u00e1s, citrusy a marakuju do \u017eiv\u00e9ho profilu ovocn\u00e9ho pun\u010du, ktor\u00fd prin\u00e1\u0161a pocit leta, nech ste kdeko\u013evek. Pr\u00edrodn\u00fd kofe\u00ednov\u00fd n\u00e1boj je navrhnut\u00fd pre r\u00fdchlu aktiv\u00e1ciu a dlhotrvaj\u00face s\u00fastredenie, \u010do v\u00e1m pom\u00f4\u017ee zosta\u0165 v strehu po\u010das pr\u00e1ce, tr\u00e9ningu alebo n\u00e1ro\u010dn\u00fdch dn\u00ed na cest\u00e1ch.<\/p>\n<p data-start=\"586\" data-end=\"898\">\u0160t\u00edhly, diskr\u00e9tny form\u00e1t umo\u017e\u0148uje bezprobl\u00e9mov\u00e9 pou\u017e\u00edvanie kedyko\u013evek, ke\u010f potrebujete doplni\u0165 energiu bez pitia k\u00e1vy alebo energetick\u00fdch n\u00e1pojov. Tropical Fury je \u00faplne bez tabaku a cukru, pon\u00faka hladk\u00fd a povzbudzuj\u00faci z\u00e1\u017eitok bez n\u00e1razov a zbyto\u010dn\u00fdch pr\u00edsad. Jasn\u00e1 pr\u00edchu\u0165. Siln\u00e1 energia. Nulov\u00fd kompromis.<\/p>\n<table style=\"height: 395px;\" width=\"375\">\n<tbody>\n<tr>\n<td><b>Atrib\u00fat<\/b><\/td>\n<td><b>Podrobnosti<\/b><\/td>\n<\/tr>\n<tr>\n<td><b>Zna\u010dka<\/b><\/td>\n<td>Denssi<\/td>\n<\/tr>\n<tr>\n<td><b>Typ v\u00fdrobku<\/b><\/td>\n<td><span style=\"font-weight: 400;\">All White kofeinov\u00e9 kapsuly<\/span><\/td>\n<\/tr>\n<tr>\n<td><b>Form\u00e1t<\/b><\/td>\n<td>Slim<\/td>\n<\/tr>\n<tr>\n<td><b>Pr\u00edchu\u0165<\/b><\/td>\n<td>Tropick\u00e9 ovocie<\/td>\n<\/tr>\n<tr>\n<td><b>Sila kofe\u00ednu<\/b><\/td>\n<td>100 mg<\/td>\n<\/tr>\n<tr>\n<td><b>V\u00fdrobca<\/b><\/td>\n<td><span style=\"font-weight: 400;\">Denssi<\/span><\/td>\n<\/tr>\n<tr>\n<td><b>Po\u010det porci\u00ed<\/b><\/td>\n<td><span style=\"font-weight: 400;\">15 za plechovku<\/span><\/td>\n<\/tr>\n<tr>\n<td><b>Pozoruhodn\u00e9 funkcie<\/b><\/td>\n<td><span style=\"font-weight: 400;\">Bez tab\u00e1ku, \u0161t\u00edhly form\u00e1t<\/span><\/td>\n<\/tr>\n<tr>\n<td><\/td>\n<td><\/td>\n<\/tr>\n<tr>\n<td><\/td>\n<td><\/td>\n<\/tr>\n<\/tbody>\n<\/table>","protected":false},"excerpt":{"rendered":"<p data-start=\"1185\" data-end=\"1369\">Denssi Energy Tropical Fury prin\u00e1\u0161a odv\u00e1\u017enu zmes anan\u00e1su, citrusov a marakuje s pr\u00edrodn\u00fdm kofe\u00ednom. Tenk\u00e9, diskr\u00e9tne vrec\u00fa\u0161ka bez cukru a tabaku s\u00fa ur\u010den\u00e9 na r\u00fdchle a dlhotrvaj\u00face dodanie energie, kedyko\u013evek ju potrebujete.<\/p>","protected":false},"featured_media":34957,"comment_status":"open","ping_status":"closed","template":"","format":[206],"meta":{"_acf_changed":false},"product_brand":[],"product_cat":[267],"product_tag":[],"flavours":[196],"nicotine":[243],"class_list":{"0":"post-34953","1":"product","2":"type-product","3":"status-publish","4":"has-post-thumbnail","6":"product_cat-denssi-caffeine-pouches","7":"pa_quantity-1-pack","8":"pa_quantity-10-pack","9":"pa_quantity-3-pack","10":"pa_quantity-30-pack","11":"pa_quantity-5-pack","12":"pa_quantity-60-pack","13":"flavours-fruits-berries","14":"format-slim","15":"nicotine-caffeine","17":"first","18":"instock","19":"taxable","20":"shipping-taxable","21":"purchasable","22":"product-type-variable"},"acf":[],"_links":{"self":[{"href":"https:\/\/whitelip.com\/sk\/wp-json\/wp\/v2\/product\/34953","targetHints":{"allow":["GET"]}}],"collection":[{"href":"https:\/\/whitelip.com\/sk\/wp-json\/wp\/v2\/product"}],"about":[{"href":"https:\/\/whitelip.com\/sk\/wp-json\/wp\/v2\/types\/product"}],"replies":[{"embeddable":true,"href":"https:\/\/whitelip.com\/sk\/wp-json\/wp\/v2\/comments?post=34953"}],"wp:featuredmedia":[{"embeddable":true,"href":"https:\/\/whitelip.com\/sk\/wp-json\/wp\/v2\/media\/34957"}],"wp:attachment":[{"href":"https:\/\/whitelip.com\/sk\/wp-json\/wp\/v2\/media?parent=34953"}],"wp:term":[{"taxonomy":"product_brand","embeddable":true,"href":"https:\/\/whitelip.com\/sk\/wp-json\/wp\/v2\/product_brand?post=34953"},{"taxonomy":"product_cat","embeddable":true,"href":"https:\/\/whitelip.com\/sk\/wp-json\/wp\/v2\/product_cat?post=34953"},{"taxonomy":"product_tag","embeddable":true,"href":"https:\/\/whitelip.com\/sk\/wp-json\/wp\/v2\/product_tag?post=34953"},{"taxonomy":"flavours","embeddable":true,"href":"https:\/\/whitelip.com\/sk\/wp-json\/wp\/v2\/flavours?post=34953"},{"taxonomy":"format","embeddable":true,"href":"https:\/\/whitelip.com\/sk\/wp-json\/wp\/v2\/format?post=34953"},{"taxonomy":"nicotine","embeddable":true,"href":"https:\/\/whitelip.com\/sk\/wp-json\/wp\/v2\/nicotine?post=34953"}],"curies":[{"name":"wp","href":"https:\/\/api.w.org\/{rel}","templated":true}]}}