{"id":34946,"date":"2025-11-21T15:21:43","date_gmt":"2025-11-21T15:21:43","guid":{"rendered":"https:\/\/whitelip.com\/?post_type=product&#038;p=34946"},"modified":"2026-05-07T10:11:40","modified_gmt":"2026-05-07T10:11:40","slug":"cafero-vanilla-latte-caffeine","status":"publish","type":"product","link":"https:\/\/whitelip.com\/sk\/cafero-caffeine-pouches\/cafero-vanilla-latte-caffeine\/","title":{"rendered":"Cafero Vanilla Latte Kofe\u00edn"},"content":{"rendered":"<p data-start=\"204\" data-end=\"466\">Cafero Vanilla Latte prin\u00e1\u0161a jemn\u00fd a kr\u00e9mov\u00fd z\u00e1\u017eitok z k\u00e1vy v praktickom vrec\u00fa\u0161kovom form\u00e1te. Ka\u017ed\u00e1 plechovka obsahuje 20 celobielych vrec\u00fa\u0161ok, ktor\u00e9 kombinuj\u00fa chu\u0165 jemne pra\u017eenej k\u00e1vy s jemn\u00fdm n\u00e1dychom vanilky, \u010d\u00edm vytv\u00e1raj\u00fa vyv\u00e1\u017een\u00fd a uspokojiv\u00fd chu\u0165ov\u00fd profil.<\/p>\n<p data-start=\"468\" data-end=\"790\">Ka\u017ed\u00e9 vrec\u00fa\u0161ko obsahuje 80 mg \u010dist\u00e9ho kofe\u00ednu, \u010do je rovnak\u00e9 mno\u017estvo ako \u0161tandardn\u00e1 \u0161\u00e1lka k\u00e1vy. S nulov\u00fdm obsahom cukru, nulov\u00fdm obsahom kal\u00f3ri\u00ed a bez pr\u00eddavn\u00fdch l\u00e1tok pon\u00faka Cafero Vanilla Latte \u010dist\u00fd a \u00fa\u010dinn\u00fd sp\u00f4sob, ako zv\u00fd\u0161i\u0165 s\u00fastredenie, bdelos\u0165 a energiu, kedyko\u013evek to potrebujete - bez pitia k\u00e1vy alebo konzum\u00e1cie zbyto\u010dn\u00fdch pr\u00edsad.<\/p>\n<table>\n<tbody>\n<tr>\n<td><b>Atrib\u00fat<\/b><\/td>\n<td><b>Podrobnosti<\/b><\/td>\n<\/tr>\n<tr>\n<td><b>Zna\u010dka<\/b><\/td>\n<td>Cafero<\/td>\n<\/tr>\n<tr>\n<td><b>Typ v\u00fdrobku<\/b><\/td>\n<td><span style=\"font-weight: 400;\">V\u0161etky biele nikot\u00ednov\u00e9 vreck\u00e1<\/span><\/td>\n<\/tr>\n<tr>\n<td><b>Form\u00e1t<\/b><\/td>\n<td>Slim<\/td>\n<\/tr>\n<tr>\n<td><b>Pr\u00edchu\u0165<\/b><\/td>\n<td>Vanilkov\u00e1 Latte<\/td>\n<\/tr>\n<tr>\n<td><b>Sila kofe\u00ednu<\/b><\/td>\n<td>80 mg<\/td>\n<\/tr>\n<tr>\n<td><b>Hmotnos\u0165 porcie<\/b><\/td>\n<td><span style=\"font-weight: 400;\">0,65 gramu<\/span><\/td>\n<\/tr>\n<tr>\n<td><b>Po\u010det porci\u00ed<\/b><\/td>\n<td><span style=\"font-weight: 400;\">20 za plechovku<\/span><\/td>\n<\/tr>\n<tr>\n<td><b>Celkov\u00e1 hmotnos\u0165 plechovky<\/b><\/td>\n<td><span style=\"font-weight: 400;\">13 gramov<\/span><\/td>\n<\/tr>\n<tr>\n<td><b>V\u00fdrobca<\/b><\/td>\n<td><span style=\"font-weight: 400;\">Luna corporate<\/span><\/td>\n<\/tr>\n<tr>\n<td><b>Pozoruhodn\u00e9 funkcie<\/b><\/td>\n<td><span style=\"font-weight: 400;\">Bez tab\u00e1ku, \u0161t\u00edhly form\u00e1t<\/span><\/td>\n<\/tr>\n<\/tbody>\n<\/table>","protected":false},"excerpt":{"rendered":"<p data-start=\"1185\" data-end=\"1369\">Cafero Vanilla Latte prin\u00e1\u0161a jemn\u00fa chu\u0165 k\u00e1vy s n\u00e1dychom vanilky v <strong data-start=\"1309\" data-end=\"1323\">tenk\u00e9 vrecko<\/strong> obsahuj\u00face <strong data-start=\"1335\" data-end=\"1363\">80 mg kofe\u00ednu vo vrec\u00fa\u0161ku<\/strong>. Bez cukru, bez kal\u00f3ri\u00ed, diskr\u00e9tne a pohodln\u00e9.<\/p>","protected":false},"featured_media":34950,"comment_status":"open","ping_status":"closed","template":"","format":[206],"meta":{"_acf_changed":false},"product_brand":[],"product_cat":[266],"product_tag":[],"flavours":[192],"nicotine":[243],"class_list":{"0":"post-34946","1":"product","2":"type-product","3":"status-publish","4":"has-post-thumbnail","6":"product_cat-cafero-caffeine-pouches","7":"pa_quantity-1-pack","8":"pa_quantity-10-pack","9":"pa_quantity-3-pack","10":"pa_quantity-30-pack","11":"pa_quantity-5-pack","12":"pa_quantity-60-pack","13":"flavours-coffee","14":"format-slim","15":"nicotine-caffeine","17":"first","18":"instock","19":"taxable","20":"shipping-taxable","21":"purchasable","22":"product-type-variable"},"acf":[],"_links":{"self":[{"href":"https:\/\/whitelip.com\/sk\/wp-json\/wp\/v2\/product\/34946","targetHints":{"allow":["GET"]}}],"collection":[{"href":"https:\/\/whitelip.com\/sk\/wp-json\/wp\/v2\/product"}],"about":[{"href":"https:\/\/whitelip.com\/sk\/wp-json\/wp\/v2\/types\/product"}],"replies":[{"embeddable":true,"href":"https:\/\/whitelip.com\/sk\/wp-json\/wp\/v2\/comments?post=34946"}],"wp:featuredmedia":[{"embeddable":true,"href":"https:\/\/whitelip.com\/sk\/wp-json\/wp\/v2\/media\/34950"}],"wp:attachment":[{"href":"https:\/\/whitelip.com\/sk\/wp-json\/wp\/v2\/media?parent=34946"}],"wp:term":[{"taxonomy":"product_brand","embeddable":true,"href":"https:\/\/whitelip.com\/sk\/wp-json\/wp\/v2\/product_brand?post=34946"},{"taxonomy":"product_cat","embeddable":true,"href":"https:\/\/whitelip.com\/sk\/wp-json\/wp\/v2\/product_cat?post=34946"},{"taxonomy":"product_tag","embeddable":true,"href":"https:\/\/whitelip.com\/sk\/wp-json\/wp\/v2\/product_tag?post=34946"},{"taxonomy":"flavours","embeddable":true,"href":"https:\/\/whitelip.com\/sk\/wp-json\/wp\/v2\/flavours?post=34946"},{"taxonomy":"format","embeddable":true,"href":"https:\/\/whitelip.com\/sk\/wp-json\/wp\/v2\/format?post=34946"},{"taxonomy":"nicotine","embeddable":true,"href":"https:\/\/whitelip.com\/sk\/wp-json\/wp\/v2\/nicotine?post=34946"}],"curies":[{"name":"wp","href":"https:\/\/api.w.org\/{rel}","templated":true}]}}