{"id":34941,"date":"2025-11-21T15:18:30","date_gmt":"2025-11-21T15:18:30","guid":{"rendered":"https:\/\/whitelip.com\/?post_type=product&#038;p=34941"},"modified":"2026-05-07T10:11:40","modified_gmt":"2026-05-07T10:11:40","slug":"cafero-americano-caffeine","status":"publish","type":"product","link":"https:\/\/whitelip.com\/sk\/cafero-caffeine-pouches\/cafero-americano-caffeine\/","title":{"rendered":"Cafero Americano Kofe\u00edn"},"content":{"rendered":"<p data-start=\"211\" data-end=\"494\">Cafero Americano pon\u00faka v\u00fdrazn\u00fa a autentick\u00fa chu\u0165 klasickej \u010diernej k\u00e1vy v \u010distom a pohodlnom vrec\u00fa\u0161ku. Ka\u017ed\u00e1 plechovka obsahuje 20 celobielych vrec\u00fa\u0161ok s pr\u00edchu\u0165ou hlbok\u00e9ho pra\u017een\u00e9ho profilu Americano, ktor\u00fd prin\u00e1\u0161a \u010dist\u00fd charakter k\u00e1vy bez cukru, kal\u00f3ri\u00ed alebo pridan\u00fdch pr\u00edsad.<\/p>\n<p data-start=\"496\" data-end=\"839\">Ka\u017ed\u00e9 vrec\u00fa\u0161ko obsahuje 80 mg \u010dist\u00e9ho kofe\u00ednu, \u010do sa rovn\u00e1 jednej \u0161tandardnej \u0161\u00e1lke k\u00e1vy, a poskytuje v\u00e1m r\u00fdchlu a spo\u013eahliv\u00fa d\u00e1vku v\u017edy, ke\u010f sa potrebujete lep\u0161ie s\u00fastredi\u0165, z\u00edska\u0165 energiu alebo du\u0161evn\u00fa jasnos\u0165. S nulov\u00fdm obsahom cukru, nulov\u00fdm obsahom kal\u00f3ri\u00ed, absol\u00fatne bez nikot\u00ednu a bez tabaku predstavuje Cafero Americano modern\u00fd a diskr\u00e9tny sp\u00f4sob, ako si udr\u017ea\u0165 bdelos\u0165 po\u010das cel\u00e9ho d\u0148a.<\/p>\n<table>\n<tbody>\n<tr>\n<td><b>Atrib\u00fat<\/b><\/td>\n<td><b>Podrobnosti<\/b><\/td>\n<\/tr>\n<tr>\n<td><b>Zna\u010dka<\/b><\/td>\n<td>Cafero<\/td>\n<\/tr>\n<tr>\n<td><b>Typ v\u00fdrobku<\/b><\/td>\n<td><span style=\"font-weight: 400;\">V\u0161etky biele nikot\u00ednov\u00e9 vreck\u00e1<\/span><\/td>\n<\/tr>\n<tr>\n<td><b>Form\u00e1t<\/b><\/td>\n<td>Slim<\/td>\n<\/tr>\n<tr>\n<td><b>Pr\u00edchu\u0165<\/b><\/td>\n<td>Americano<\/td>\n<\/tr>\n<tr>\n<td><b>Sila kofe\u00ednu<\/b><\/td>\n<td>80 mg<\/td>\n<\/tr>\n<tr>\n<td><b>Hmotnos\u0165 porcie<\/b><\/td>\n<td><span style=\"font-weight: 400;\">0,65 gramu<\/span><\/td>\n<\/tr>\n<tr>\n<td><b>Po\u010det porci\u00ed<\/b><\/td>\n<td><span style=\"font-weight: 400;\">20 za plechovku<\/span><\/td>\n<\/tr>\n<tr>\n<td><b>Celkov\u00e1 hmotnos\u0165 plechovky<\/b><\/td>\n<td><span style=\"font-weight: 400;\">13 gramov<\/span><\/td>\n<\/tr>\n<tr>\n<td><b>V\u00fdrobca<\/b><\/td>\n<td><span style=\"font-weight: 400;\">Luna corporate<\/span><\/td>\n<\/tr>\n<tr>\n<td><b>Pozoruhodn\u00e9 funkcie<\/b><\/td>\n<td><span style=\"font-weight: 400;\">Bez tab\u00e1ku, \u0161t\u00edhly form\u00e1t<\/span><\/td>\n<\/tr>\n<\/tbody>\n<\/table>","protected":false},"excerpt":{"rendered":"<p data-start=\"1185\" data-end=\"1369\">Cafero Americano prin\u00e1\u0161a <strong data-start=\"1211\" data-end=\"1242\">klasick\u00e1 pr\u00edchu\u0165 \u010diernej k\u00e1vy<\/strong> v <strong data-start=\"1248\" data-end=\"1262\">tenk\u00e9 vrecko<\/strong> s <strong data-start=\"1268\" data-end=\"1296\">80 mg kofe\u00ednu vo vrec\u00fa\u0161ku<\/strong>. \u010cist\u00e1, bez cukru a bez kal\u00f3ri\u00ed energia v diskr\u00e9tnom form\u00e1te.<\/p>","protected":false},"featured_media":34945,"comment_status":"open","ping_status":"closed","template":"","format":[206],"meta":{"_acf_changed":false},"product_brand":[],"product_cat":[266],"product_tag":[],"flavours":[192],"nicotine":[243],"class_list":{"0":"post-34941","1":"product","2":"type-product","3":"status-publish","4":"has-post-thumbnail","6":"product_cat-cafero-caffeine-pouches","7":"pa_quantity-1-pack","8":"pa_quantity-10-pack","9":"pa_quantity-3-pack","10":"pa_quantity-30-pack","11":"pa_quantity-5-pack","12":"pa_quantity-60-pack","13":"flavours-coffee","14":"format-slim","15":"nicotine-caffeine","17":"first","18":"instock","19":"taxable","20":"shipping-taxable","21":"purchasable","22":"product-type-variable"},"acf":[],"_links":{"self":[{"href":"https:\/\/whitelip.com\/sk\/wp-json\/wp\/v2\/product\/34941","targetHints":{"allow":["GET"]}}],"collection":[{"href":"https:\/\/whitelip.com\/sk\/wp-json\/wp\/v2\/product"}],"about":[{"href":"https:\/\/whitelip.com\/sk\/wp-json\/wp\/v2\/types\/product"}],"replies":[{"embeddable":true,"href":"https:\/\/whitelip.com\/sk\/wp-json\/wp\/v2\/comments?post=34941"}],"wp:featuredmedia":[{"embeddable":true,"href":"https:\/\/whitelip.com\/sk\/wp-json\/wp\/v2\/media\/34945"}],"wp:attachment":[{"href":"https:\/\/whitelip.com\/sk\/wp-json\/wp\/v2\/media?parent=34941"}],"wp:term":[{"taxonomy":"product_brand","embeddable":true,"href":"https:\/\/whitelip.com\/sk\/wp-json\/wp\/v2\/product_brand?post=34941"},{"taxonomy":"product_cat","embeddable":true,"href":"https:\/\/whitelip.com\/sk\/wp-json\/wp\/v2\/product_cat?post=34941"},{"taxonomy":"product_tag","embeddable":true,"href":"https:\/\/whitelip.com\/sk\/wp-json\/wp\/v2\/product_tag?post=34941"},{"taxonomy":"flavours","embeddable":true,"href":"https:\/\/whitelip.com\/sk\/wp-json\/wp\/v2\/flavours?post=34941"},{"taxonomy":"format","embeddable":true,"href":"https:\/\/whitelip.com\/sk\/wp-json\/wp\/v2\/format?post=34941"},{"taxonomy":"nicotine","embeddable":true,"href":"https:\/\/whitelip.com\/sk\/wp-json\/wp\/v2\/nicotine?post=34941"}],"curies":[{"name":"wp","href":"https:\/\/api.w.org\/{rel}","templated":true}]}}