{"id":34936,"date":"2025-11-21T15:07:54","date_gmt":"2025-11-21T15:07:54","guid":{"rendered":"https:\/\/whitelip.com\/?post_type=product&#038;p=34936"},"modified":"2026-05-07T10:11:40","modified_gmt":"2026-05-07T10:11:40","slug":"cafero-cappuccino-caffeine","status":"publish","type":"product","link":"https:\/\/whitelip.com\/sk\/cafero-caffeine-pouches\/cafero-cappuccino-caffeine\/","title":{"rendered":"Cafero Cappuccino Caffeine"},"content":{"rendered":"<p data-start=\"250\" data-end=\"533\">Cafero Cappuccino prin\u00e1\u0161a jemn\u00fd a kr\u00e9mov\u00fd z\u00e1\u017eitok z k\u00e1vy v diskr\u00e9tnom a pohodlnom vrec\u00fa\u0161ku. Ka\u017ed\u00e1 plechovka obsahuje 20 celobielych vrec\u00fa\u0161ok s pr\u00edchu\u0165ou bohat\u00e9ho cappuccina a jemn\u00fdm n\u00e1dychom mlie\u010dnej peny, ktor\u00e9 pon\u00fakaj\u00fa chu\u0165 \u010derstvo uvarenej \u0161\u00e1lky bez cukru, kal\u00f3ri\u00ed alebo horkosti.<\/p>\n<p data-start=\"535\" data-end=\"859\">Ka\u017ed\u00e9 vrecko obsahuje 80 mg \u010dist\u00e9ho kofe\u00ednu, \u010do zodpoved\u00e1 jednej \u0161\u00e1lke k\u00e1vy, a poskytuje v\u00e1m tak \u010dist\u00fa a stabiln\u00fa d\u00e1vku v\u017edy, ke\u010f potrebujete zv\u00fd\u0161en\u00fa energiu, s\u00fastredenie alebo bdelos\u0165. Cafero Cappuccino neobsahuje tabak, nikot\u00edn ani cukor a je ide\u00e1lne pre u\u017e\u00edvate\u013eov, ktor\u00ed h\u013eadaj\u00fa alternat\u00edvny sp\u00f4sob, ako si udr\u017ea\u0165 energiu po\u010das cel\u00e9ho d\u0148a.<\/p>\n<table>\n<tbody>\n<tr>\n<td><b>Atrib\u00fat<\/b><\/td>\n<td><b>Podrobnosti<\/b><\/td>\n<\/tr>\n<tr>\n<td><b>Zna\u010dka<\/b><\/td>\n<td>Cafero<\/td>\n<\/tr>\n<tr>\n<td><b>Typ v\u00fdrobku<\/b><\/td>\n<td><span style=\"font-weight: 400;\">V\u0161etky biele nikot\u00ednov\u00e9 vreck\u00e1<\/span><\/td>\n<\/tr>\n<tr>\n<td><b>Form\u00e1t<\/b><\/td>\n<td>Slim<\/td>\n<\/tr>\n<tr>\n<td><b>Pr\u00edchu\u0165<\/b><\/td>\n<td>Cappuccino<\/td>\n<\/tr>\n<tr>\n<td><b>Sila kofe\u00ednu<\/b><\/td>\n<td>80 mg<\/td>\n<\/tr>\n<tr>\n<td><b>Hmotnos\u0165 porcie<\/b><\/td>\n<td><span style=\"font-weight: 400;\">0,65 gramu<\/span><\/td>\n<\/tr>\n<tr>\n<td><b>Po\u010det porci\u00ed<\/b><\/td>\n<td><span style=\"font-weight: 400;\">20 za plechovku<\/span><\/td>\n<\/tr>\n<tr>\n<td><b>Celkov\u00e1 hmotnos\u0165 plechovky<\/b><\/td>\n<td><span style=\"font-weight: 400;\">13 gramov<\/span><\/td>\n<\/tr>\n<tr>\n<td><b>V\u00fdrobca<\/b><\/td>\n<td><span style=\"font-weight: 400;\">Luna corporate<\/span><\/td>\n<\/tr>\n<tr>\n<td><b>Pozoruhodn\u00e9 funkcie<\/b><\/td>\n<td><span style=\"font-weight: 400;\">Bez tab\u00e1ku, \u0161t\u00edhly form\u00e1t<\/span><\/td>\n<\/tr>\n<\/tbody>\n<\/table>","protected":false},"excerpt":{"rendered":"<p data-start=\"1207\" data-end=\"1417\">Cafero Cappuccino prin\u00e1\u0161a <strong data-start=\"1197\" data-end=\"1218\">pr\u00edchu\u0165 cappuccino<\/strong> v tenkom vrecku s <strong data-start=\"1244\" data-end=\"1272\">80 mg kofe\u00ednu vo vrec\u00fa\u0161ku<\/strong>. \u010cist\u00e1, bez cukru a bez kal\u00f3ri\u00ed energia v diskr\u00e9tnom form\u00e1te.<\/p>","protected":false},"featured_media":34940,"comment_status":"open","ping_status":"closed","template":"","format":[206],"meta":{"_acf_changed":false},"product_brand":[],"product_cat":[266],"product_tag":[],"flavours":[192],"nicotine":[243],"class_list":{"0":"post-34936","1":"product","2":"type-product","3":"status-publish","4":"has-post-thumbnail","6":"product_cat-cafero-caffeine-pouches","7":"pa_quantity-1-pack","8":"pa_quantity-10-pack","9":"pa_quantity-3-pack","10":"pa_quantity-30-pack","11":"pa_quantity-5-pack","12":"pa_quantity-60-pack","13":"flavours-coffee","14":"format-slim","15":"nicotine-caffeine","17":"first","18":"instock","19":"taxable","20":"shipping-taxable","21":"purchasable","22":"product-type-variable"},"acf":[],"_links":{"self":[{"href":"https:\/\/whitelip.com\/sk\/wp-json\/wp\/v2\/product\/34936","targetHints":{"allow":["GET"]}}],"collection":[{"href":"https:\/\/whitelip.com\/sk\/wp-json\/wp\/v2\/product"}],"about":[{"href":"https:\/\/whitelip.com\/sk\/wp-json\/wp\/v2\/types\/product"}],"replies":[{"embeddable":true,"href":"https:\/\/whitelip.com\/sk\/wp-json\/wp\/v2\/comments?post=34936"}],"wp:featuredmedia":[{"embeddable":true,"href":"https:\/\/whitelip.com\/sk\/wp-json\/wp\/v2\/media\/34940"}],"wp:attachment":[{"href":"https:\/\/whitelip.com\/sk\/wp-json\/wp\/v2\/media?parent=34936"}],"wp:term":[{"taxonomy":"product_brand","embeddable":true,"href":"https:\/\/whitelip.com\/sk\/wp-json\/wp\/v2\/product_brand?post=34936"},{"taxonomy":"product_cat","embeddable":true,"href":"https:\/\/whitelip.com\/sk\/wp-json\/wp\/v2\/product_cat?post=34936"},{"taxonomy":"product_tag","embeddable":true,"href":"https:\/\/whitelip.com\/sk\/wp-json\/wp\/v2\/product_tag?post=34936"},{"taxonomy":"flavours","embeddable":true,"href":"https:\/\/whitelip.com\/sk\/wp-json\/wp\/v2\/flavours?post=34936"},{"taxonomy":"format","embeddable":true,"href":"https:\/\/whitelip.com\/sk\/wp-json\/wp\/v2\/format?post=34936"},{"taxonomy":"nicotine","embeddable":true,"href":"https:\/\/whitelip.com\/sk\/wp-json\/wp\/v2\/nicotine?post=34936"}],"curies":[{"name":"wp","href":"https:\/\/api.w.org\/{rel}","templated":true}]}}