{"id":34917,"date":"2025-11-21T14:28:27","date_gmt":"2025-11-21T14:28:27","guid":{"rendered":"https:\/\/whitelip.com\/?post_type=product&#038;p=34917"},"modified":"2026-04-10T16:58:33","modified_gmt":"2026-04-10T16:58:33","slug":"licorice-violet-slim","status":"publish","type":"product","link":"https:\/\/whitelip.com\/sk\/nor\/licorice-violet-slim\/","title":{"rendered":"NOR Sladk\u00e9 drievko a fialov\u00e1 Slim"},"content":{"rendered":"<p data-start=\"184\" data-end=\"517\">NOR Licorice &amp; Violet Slim pon\u00faka v\u00fdrazn\u00fa kombin\u00e1ciu bohatej sladkej sladkosti sladk\u00e9ho drievka a jemnej fialovej chuti, ktor\u00e1 vytv\u00e1ra vyv\u00e1\u017een\u00fd chu\u0165ov\u00fd profil in\u0161pirovan\u00fd seversk\u00fdmi chu\u0165ov\u00fdmi trad\u00edciami. Kvetinov\u00e9 t\u00f3ny dop\u013a\u0148aj\u00fa hlb\u0161ie t\u00f3ny sladk\u00e9ho drievka a v\u00fdsledkom je hladk\u00fd a rafinovan\u00fd charakter, ktor\u00fd sa odli\u0161uje od be\u017enej\u0161\u00edch vrec\u00fa\u0161kov\u00fdch pr\u00edchut\u00ed.<\/p>\n<p data-start=\"519\" data-end=\"865\">Ka\u017ed\u00e9 tenk\u00e9 vrec\u00fa\u0161ko obsahuje 6 mg nikot\u00ednu, \u010do zodpoved\u00e1 8 mg na gram, a poskytuje tak mierny a\u017e stredne siln\u00fd z\u00e1\u017eitok vhodn\u00fd pre pou\u017e\u00edvate\u013eov, ktor\u00ed uprednost\u0148uj\u00fa jemn\u00e9 pod\u00e1vanie nikot\u00ednu bez toho, aby obetovali komplexnos\u0165 chuti. \u0160t\u00edhly celobiely form\u00e1t zaru\u010duje diskr\u00e9tne a pohodln\u00e9 ulo\u017eenie pod perou, zatia\u013e \u010do vlhk\u00e1 text\u00fara poskytuje stabiln\u00fa chu\u0165 a uvo\u013e\u0148ovanie nikot\u00ednu.<\/p>\n<table>\n<tbody>\n<tr>\n<td><b>Atrib\u00fat<\/b><\/td>\n<td><b>Podrobnosti<\/b><\/td>\n<\/tr>\n<tr>\n<td><b>Zna\u010dka<\/b><\/td>\n<td>NOR<\/td>\n<\/tr>\n<tr>\n<td><b>Typ v\u00fdrobku<\/b><\/td>\n<td><span style=\"font-weight: 400;\">V\u0161etky biele nikot\u00ednov\u00e9 vreck\u00e1<\/span><\/td>\n<\/tr>\n<tr>\n<td><b>Form\u00e1t<\/b><\/td>\n<td>Slim<\/td>\n<\/tr>\n<tr>\n<td><b>Pr\u00edchu\u0165<\/b><\/td>\n<td>Sladk\u00e9 drievko, fialov\u00e1<\/td>\n<\/tr>\n<tr>\n<td><b>Sila nikot\u00ednu<\/b><\/td>\n<td><span style=\"font-weight: 400;\">6 mg na vrecko (8 mg\/g)<\/span><\/td>\n<\/tr>\n<tr>\n<td><b>Hmotnos\u0165 porcie<\/b><\/td>\n<td><span style=\"font-weight: 400;\">0,74 gramu<\/span><\/td>\n<\/tr>\n<tr>\n<td><b>Po\u010det porci\u00ed<\/b><\/td>\n<td><span style=\"font-weight: 400;\">20 za plechovku<\/span><\/td>\n<\/tr>\n<tr>\n<td><b>Celkov\u00e1 hmotnos\u0165 plechovky<\/b><\/td>\n<td><span style=\"font-weight: 400;\">15,5 gramu<\/span><\/td>\n<\/tr>\n<tr>\n<td><b>V\u00fdrobca<\/b><\/td>\n<td>NOR<\/td>\n<\/tr>\n<tr>\n<td><b>Pozoruhodn\u00e9 funkcie<\/b><\/td>\n<td><span style=\"font-weight: 400;\">Bez tabaku, tenk\u00fd form\u00e1t, sladk\u00e1 a \u0161tip\u013eav\u00e1 pr\u00edchu\u0165 \u010diernej \u010dere\u0161ne<\/span><\/td>\n<\/tr>\n<\/tbody>\n<\/table>","protected":false},"excerpt":{"rendered":"<p data-start=\"1227\" data-end=\"1357\">NOR Sladk\u00e9 drievko a fialov\u00e1 Slim s <strong data-start=\"1214\" data-end=\"1237\">sladk\u00e9 drievko a fialov\u00e1<\/strong>, <strong data-start=\"1239\" data-end=\"1266\">6 mg nikot\u00ednu na vrecko<\/strong> a <strong data-start=\"1271\" data-end=\"1279\">\u0161t\u00edhly<\/strong> form\u00e1t prin\u00e1\u0161a jemn\u00fd, kvetinov\u00fd z\u00e1\u017eitok z celej bielej farby.<\/p>","protected":false},"featured_media":34984,"comment_status":"open","ping_status":"closed","template":"","format":[206],"meta":{"_acf_changed":false},"product_brand":[],"product_cat":[265],"product_tag":[16445,16559],"flavours":[198],"nicotine":[230,236],"class_list":{"0":"post-34917","1":"product","2":"type-product","3":"status-publish","4":"has-post-thumbnail","6":"product_cat-nor","7":"product_tag-20-off","8":"product_tag-6-mg-pouch","9":"pa_quantity-1-pack","10":"pa_quantity-10-pack","11":"pa_quantity-3-pack","12":"pa_quantity-30-pack","13":"pa_quantity-5-pack","14":"pa_quantity-60-pack","15":"flavours-licorice","16":"format-slim","17":"nicotine-8-mg-g","18":"nicotine-strong","20":"first","21":"instock","22":"sale","23":"taxable","24":"shipping-taxable","25":"purchasable","26":"product-type-variable"},"acf":[],"_links":{"self":[{"href":"https:\/\/whitelip.com\/sk\/wp-json\/wp\/v2\/product\/34917","targetHints":{"allow":["GET"]}}],"collection":[{"href":"https:\/\/whitelip.com\/sk\/wp-json\/wp\/v2\/product"}],"about":[{"href":"https:\/\/whitelip.com\/sk\/wp-json\/wp\/v2\/types\/product"}],"replies":[{"embeddable":true,"href":"https:\/\/whitelip.com\/sk\/wp-json\/wp\/v2\/comments?post=34917"}],"wp:featuredmedia":[{"embeddable":true,"href":"https:\/\/whitelip.com\/sk\/wp-json\/wp\/v2\/media\/34984"}],"wp:attachment":[{"href":"https:\/\/whitelip.com\/sk\/wp-json\/wp\/v2\/media?parent=34917"}],"wp:term":[{"taxonomy":"product_brand","embeddable":true,"href":"https:\/\/whitelip.com\/sk\/wp-json\/wp\/v2\/product_brand?post=34917"},{"taxonomy":"product_cat","embeddable":true,"href":"https:\/\/whitelip.com\/sk\/wp-json\/wp\/v2\/product_cat?post=34917"},{"taxonomy":"product_tag","embeddable":true,"href":"https:\/\/whitelip.com\/sk\/wp-json\/wp\/v2\/product_tag?post=34917"},{"taxonomy":"flavours","embeddable":true,"href":"https:\/\/whitelip.com\/sk\/wp-json\/wp\/v2\/flavours?post=34917"},{"taxonomy":"format","embeddable":true,"href":"https:\/\/whitelip.com\/sk\/wp-json\/wp\/v2\/format?post=34917"},{"taxonomy":"nicotine","embeddable":true,"href":"https:\/\/whitelip.com\/sk\/wp-json\/wp\/v2\/nicotine?post=34917"}],"curies":[{"name":"wp","href":"https:\/\/api.w.org\/{rel}","templated":true}]}}