{"id":34910,"date":"2025-11-21T14:23:13","date_gmt":"2025-11-21T14:23:13","guid":{"rendered":"https:\/\/whitelip.com\/?post_type=product&#038;p=34910"},"modified":"2026-04-28T10:11:43","modified_gmt":"2026-04-28T10:11:43","slug":"nor-peppermint-slim","status":"publish","type":"product","link":"https:\/\/whitelip.com\/sk\/nor\/nor-peppermint-slim\/","title":{"rendered":"NOR Peppermint Slim"},"content":{"rendered":"<p data-start=\"189\" data-end=\"604\">NOR Peppermint Slim prin\u00e1\u0161a \u010dist\u00fd a chladiv\u00fd z\u00e1\u017eitok z m\u00e4ty piepornej v diskr\u00e9tnom, tenkom bielom form\u00e1te. Ka\u017ed\u00e9 vrec\u00fa\u0161ko obsahuje 12 mg nikot\u00ednu, \u010do zodpoved\u00e1 16 mg na gram, \u010d\u00edm sa rad\u00ed do kateg\u00f3rie siln\u00fdch cigariet a je vhodn\u00fd pre pou\u017e\u00edvate\u013eov, ktor\u00ed uprednost\u0148uj\u00fa v\u00fdraznej\u0161ie uvo\u013e\u0148ovanie nikot\u00ednu. Vreck\u00e1, ktor\u00e9 vyr\u00e1ba spolo\u010dnos\u0165 NOR, s\u00fa vyvinut\u00e9 pre konzistentn\u00fa chu\u0165, minim\u00e1lne kvapkanie a stabiln\u00fa vlhkos\u0165 po\u010das cel\u00e9ho pou\u017e\u00edvania.<\/p>\n<p data-start=\"606\" data-end=\"939\">M\u00e4tov\u00fd profil je svie\u017ei a osvie\u017euj\u00faci, pon\u00faka stabiln\u00fd chladiv\u00fd pocit, ktor\u00fd zost\u00e1va dlhodobo vyv\u00e1\u017een\u00fd. \u0160t\u00edhly dizajn zais\u0165uje pohodln\u00e9 ulo\u017eenie pod perou a umo\u017e\u0148uje, aby vrec\u00fa\u0161ko zostalo diskr\u00e9tne vo v\u0161etk\u00fdch prostrediach. Ke\u010f\u017ee ide o \u00faplne biele vrec\u00fa\u0161ko bez nikot\u00ednu, v\u00fdrobok sa vyh\u00fdba zafarbeniu a zachov\u00e1va si \u010dist\u00fd povrch.<\/p>\n<table>\n<tbody>\n<tr>\n<td><b>Atrib\u00fat<\/b><\/td>\n<td><b>Podrobnosti<\/b><\/td>\n<\/tr>\n<tr>\n<td><b>Zna\u010dka<\/b><\/td>\n<td>NOR<\/td>\n<\/tr>\n<tr>\n<td><b>Typ v\u00fdrobku<\/b><\/td>\n<td><span style=\"font-weight: 400;\">V\u0161etky biele nikot\u00ednov\u00e9 vreck\u00e1<\/span><\/td>\n<\/tr>\n<tr>\n<td><b>Form\u00e1t<\/b><\/td>\n<td>Slim<\/td>\n<\/tr>\n<tr>\n<td><b>Pr\u00edchu\u0165<\/b><\/td>\n<td>M\u00e4ta pieporn\u00e1<\/td>\n<\/tr>\n<tr>\n<td><b>Sila nikot\u00ednu<\/b><\/td>\n<td><span style=\"font-weight: 400;\">12 mg na vrecko (16 mg\/g)<\/span><\/td>\n<\/tr>\n<tr>\n<td><b>Hmotnos\u0165 porcie<\/b><\/td>\n<td><span style=\"font-weight: 400;\">0,74 gramu<\/span><\/td>\n<\/tr>\n<tr>\n<td><b>Po\u010det porci\u00ed<\/b><\/td>\n<td><span style=\"font-weight: 400;\">21 za plechovku<\/span><\/td>\n<\/tr>\n<tr>\n<td><b>Celkov\u00e1 hmotnos\u0165 plechovky<\/b><\/td>\n<td><span style=\"font-weight: 400;\">15,5 gramu<\/span><\/td>\n<\/tr>\n<tr>\n<td><b>V\u00fdrobca<\/b><\/td>\n<td>NOR<\/td>\n<\/tr>\n<tr>\n<td><b>Pozoruhodn\u00e9 funkcie<\/b><\/td>\n<td><span style=\"font-weight: 400;\">Bez tabaku, tenk\u00fd form\u00e1t, sladk\u00e1 a \u0161tip\u013eav\u00e1 pr\u00edchu\u0165 \u010diernej \u010dere\u0161ne<\/span><\/td>\n<\/tr>\n<\/tbody>\n<\/table>","protected":false},"excerpt":{"rendered":"<p data-start=\"1227\" data-end=\"1357\">NOR Peppermint Slim s <strong data-start=\"1350\" data-end=\"1364\">m\u00e4ta pieporn\u00e1<\/strong>, <strong data-start=\"1366\" data-end=\"1394\">12 mg nikot\u00ednu na vrecko<\/strong> a <strong data-start=\"1399\" data-end=\"1407\">\u0161t\u00edhly<\/strong> Form\u00e1t poskytuje siln\u00fd a chladiv\u00fd z\u00e1\u017eitok z celej bielej farby.<\/p>","protected":false},"featured_media":34983,"comment_status":"open","ping_status":"closed","template":"","format":[206],"meta":{"_acf_changed":false},"product_brand":[],"product_cat":[265],"product_tag":[16561],"flavours":[199],"nicotine":[213,232],"class_list":{"0":"post-34910","1":"product","2":"type-product","3":"status-publish","4":"has-post-thumbnail","6":"product_cat-nor","7":"product_tag-12-mg-pouch","8":"pa_quantity-1-pack","9":"pa_quantity-10-pack","10":"pa_quantity-3-pack","11":"pa_quantity-30-pack","12":"pa_quantity-5-pack","13":"flavours-mint","14":"format-slim","15":"nicotine-16-mg-g","16":"nicotine-extra-strong","18":"first","19":"outofstock","20":"sale","21":"taxable","22":"shipping-taxable","23":"purchasable","24":"product-type-variable"},"acf":[],"_links":{"self":[{"href":"https:\/\/whitelip.com\/sk\/wp-json\/wp\/v2\/product\/34910","targetHints":{"allow":["GET"]}}],"collection":[{"href":"https:\/\/whitelip.com\/sk\/wp-json\/wp\/v2\/product"}],"about":[{"href":"https:\/\/whitelip.com\/sk\/wp-json\/wp\/v2\/types\/product"}],"replies":[{"embeddable":true,"href":"https:\/\/whitelip.com\/sk\/wp-json\/wp\/v2\/comments?post=34910"}],"wp:featuredmedia":[{"embeddable":true,"href":"https:\/\/whitelip.com\/sk\/wp-json\/wp\/v2\/media\/34983"}],"wp:attachment":[{"href":"https:\/\/whitelip.com\/sk\/wp-json\/wp\/v2\/media?parent=34910"}],"wp:term":[{"taxonomy":"product_brand","embeddable":true,"href":"https:\/\/whitelip.com\/sk\/wp-json\/wp\/v2\/product_brand?post=34910"},{"taxonomy":"product_cat","embeddable":true,"href":"https:\/\/whitelip.com\/sk\/wp-json\/wp\/v2\/product_cat?post=34910"},{"taxonomy":"product_tag","embeddable":true,"href":"https:\/\/whitelip.com\/sk\/wp-json\/wp\/v2\/product_tag?post=34910"},{"taxonomy":"flavours","embeddable":true,"href":"https:\/\/whitelip.com\/sk\/wp-json\/wp\/v2\/flavours?post=34910"},{"taxonomy":"format","embeddable":true,"href":"https:\/\/whitelip.com\/sk\/wp-json\/wp\/v2\/format?post=34910"},{"taxonomy":"nicotine","embeddable":true,"href":"https:\/\/whitelip.com\/sk\/wp-json\/wp\/v2\/nicotine?post=34910"}],"curies":[{"name":"wp","href":"https:\/\/api.w.org\/{rel}","templated":true}]}}