{"id":34896,"date":"2025-11-21T13:48:20","date_gmt":"2025-11-21T13:48:20","guid":{"rendered":"https:\/\/whitelip.com\/?post_type=product&#038;p=34896"},"modified":"2026-05-01T10:10:49","modified_gmt":"2026-05-01T10:10:49","slug":"nor-mint-slim","status":"publish","type":"product","link":"https:\/\/whitelip.com\/sk\/nor\/nor-mint-slim\/","title":{"rendered":"NOR Mint Slim"},"content":{"rendered":"<p data-start=\"345\" data-end=\"694\">NOR Mint Slim prin\u00e1\u0161a \u010dist\u00fd a osvie\u017euj\u00faci m\u00e4tov\u00fd profil v tenkom bielom form\u00e1te. Ka\u017ed\u00e9 vrec\u00fa\u0161ko obsahuje 6 mg nikot\u00ednu, \u010do zodpoved\u00e1 8 mg na gram, a pon\u00faka stredne siln\u00fa, vyv\u00e1\u017een\u00fa chu\u0165 vhodn\u00fa na ka\u017edodenn\u00e9 pou\u017e\u00edvanie. Vrec\u00fa\u0161ka, ktor\u00e9 vyr\u00e1ba spolo\u010dnos\u0165 NOR, s\u00fa navrhnut\u00e9 tak, aby zabezpe\u010dovali konzistentn\u00fa chu\u0165, vlhkos\u0165 a uvo\u013e\u0148ovanie nikot\u00ednu.<\/p>\n<p data-start=\"696\" data-end=\"921\">\u0160t\u00edhly form\u00e1t zaru\u010duje diskr\u00e9tne a pohodln\u00e9 nosenie pod perou. M\u00e4tov\u00e1 chu\u0165 je chladiv\u00e1, jemn\u00e1 a st\u00e1la po\u010das cel\u00e9ho z\u00e1\u017eitku. Ke\u010f\u017ee ide o \u00faplne biely v\u00fdrobok bez tabaku, zabra\u0148uje vzniku \u0161kv\u0155n a poskytuje \u010dist\u00fd povrch.<\/p>\n<table>\n<tbody>\n<tr>\n<td><b>Atrib\u00fat<\/b><\/td>\n<td><b>Podrobnosti<\/b><\/td>\n<\/tr>\n<tr>\n<td><b>Zna\u010dka<\/b><\/td>\n<td>NOR<\/td>\n<\/tr>\n<tr>\n<td><b>Typ v\u00fdrobku<\/b><\/td>\n<td><span style=\"font-weight: 400;\">V\u0161etky biele nikot\u00ednov\u00e9 vreck\u00e1<\/span><\/td>\n<\/tr>\n<tr>\n<td><b>Form\u00e1t<\/b><\/td>\n<td>Slim<\/td>\n<\/tr>\n<tr>\n<td><b>Pr\u00edchu\u0165<\/b><\/td>\n<td>M\u00e4ta<\/td>\n<\/tr>\n<tr>\n<td><b>Sila nikot\u00ednu<\/b><\/td>\n<td><span style=\"font-weight: 400;\">6 mg na vrecko (8 mg\/g)<\/span><\/td>\n<\/tr>\n<tr>\n<td><b>Hmotnos\u0165 porcie<\/b><\/td>\n<td><span style=\"font-weight: 400;\">0,74 gramu<\/span><\/td>\n<\/tr>\n<tr>\n<td><b>Po\u010det porci\u00ed<\/b><\/td>\n<td><span style=\"font-weight: 400;\">21 za plechovku<\/span><\/td>\n<\/tr>\n<tr>\n<td><b>Celkov\u00e1 hmotnos\u0165 plechovky<\/b><\/td>\n<td><span style=\"font-weight: 400;\">15,5 gramu<\/span><\/td>\n<\/tr>\n<tr>\n<td><b>V\u00fdrobca<\/b><\/td>\n<td>NOR<\/td>\n<\/tr>\n<tr>\n<td><b>Pozoruhodn\u00e9 funkcie<\/b><\/td>\n<td><span style=\"font-weight: 400;\">Bez tabaku, tenk\u00fd form\u00e1t, sladk\u00e1 a \u0161tip\u013eav\u00e1 pr\u00edchu\u0165 \u010diernej \u010dere\u0161ne<\/span><\/td>\n<\/tr>\n<\/tbody>\n<\/table>","protected":false},"excerpt":{"rendered":"<p data-start=\"1227\" data-end=\"1357\">NOR Mint Slim s <strong data-start=\"1246\" data-end=\"1254\">m\u00e4ta<\/strong>, <strong data-start=\"1256\" data-end=\"1283\">6 mg nikot\u00ednu na vrecko<\/strong> a <strong data-start=\"1288\" data-end=\"1296\">\u0161t\u00edhly<\/strong> form\u00e1t poskytuje \u010dist\u00fd a osvie\u017euj\u00faci z\u00e1\u017eitok v bielej farbe.<\/p>","protected":false},"featured_media":34982,"comment_status":"open","ping_status":"closed","template":"","format":[206],"meta":{"_acf_changed":false},"product_brand":[],"product_cat":[265],"product_tag":[16445,16559],"flavours":[199],"nicotine":[230,236],"class_list":{"0":"post-34896","1":"product","2":"type-product","3":"status-publish","4":"has-post-thumbnail","6":"product_cat-nor","7":"product_tag-20-off","8":"product_tag-6-mg-pouch","9":"pa_quantity-1-pack","10":"pa_quantity-10-pack","11":"pa_quantity-3-pack","12":"pa_quantity-30-pack","13":"pa_quantity-5-pack","14":"pa_quantity-60-pack","15":"flavours-mint","16":"format-slim","17":"nicotine-8-mg-g","18":"nicotine-strong","20":"first","21":"outofstock","22":"sale","23":"taxable","24":"shipping-taxable","25":"purchasable","26":"product-type-variable"},"acf":[],"_links":{"self":[{"href":"https:\/\/whitelip.com\/sk\/wp-json\/wp\/v2\/product\/34896","targetHints":{"allow":["GET"]}}],"collection":[{"href":"https:\/\/whitelip.com\/sk\/wp-json\/wp\/v2\/product"}],"about":[{"href":"https:\/\/whitelip.com\/sk\/wp-json\/wp\/v2\/types\/product"}],"replies":[{"embeddable":true,"href":"https:\/\/whitelip.com\/sk\/wp-json\/wp\/v2\/comments?post=34896"}],"wp:featuredmedia":[{"embeddable":true,"href":"https:\/\/whitelip.com\/sk\/wp-json\/wp\/v2\/media\/34982"}],"wp:attachment":[{"href":"https:\/\/whitelip.com\/sk\/wp-json\/wp\/v2\/media?parent=34896"}],"wp:term":[{"taxonomy":"product_brand","embeddable":true,"href":"https:\/\/whitelip.com\/sk\/wp-json\/wp\/v2\/product_brand?post=34896"},{"taxonomy":"product_cat","embeddable":true,"href":"https:\/\/whitelip.com\/sk\/wp-json\/wp\/v2\/product_cat?post=34896"},{"taxonomy":"product_tag","embeddable":true,"href":"https:\/\/whitelip.com\/sk\/wp-json\/wp\/v2\/product_tag?post=34896"},{"taxonomy":"flavours","embeddable":true,"href":"https:\/\/whitelip.com\/sk\/wp-json\/wp\/v2\/flavours?post=34896"},{"taxonomy":"format","embeddable":true,"href":"https:\/\/whitelip.com\/sk\/wp-json\/wp\/v2\/format?post=34896"},{"taxonomy":"nicotine","embeddable":true,"href":"https:\/\/whitelip.com\/sk\/wp-json\/wp\/v2\/nicotine?post=34896"}],"curies":[{"name":"wp","href":"https:\/\/api.w.org\/{rel}","templated":true}]}}