{"id":34862,"date":"2025-11-21T11:38:08","date_gmt":"2025-11-21T11:38:08","guid":{"rendered":"https:\/\/whitelip.com\/?post_type=product&#038;p=34862"},"modified":"2026-05-06T10:11:28","modified_gmt":"2026-05-06T10:11:28","slug":"zyn-black-cherry-prime-15mg","status":"publish","type":"product","link":"https:\/\/whitelip.com\/sk\/zyn\/zyn-black-cherry-prime-15mg\/","title":{"rendered":"ZYN Black Cherry Prime 1,5 mg"},"content":{"rendered":"<p data-start=\"231\" data-end=\"598\">ZYN Black Cherry Prime 1,5 mg pon\u00faka jemn\u00fd a pr\u00edstupn\u00fd nikot\u00ednov\u00fd z\u00e1\u017eitok s pr\u00edchu\u0165ou zrel\u00fdch \u010diernych \u010dere\u0161n\u00ed. Chu\u0165 je jemne sladk\u00e1 s prirodzenou ovocnou h\u013abkou, ktor\u00e1 vyhovuje pou\u017e\u00edvate\u013eom, ktor\u00ed uprednost\u0148uj\u00fa jemn\u00fd a vyv\u00e1\u017een\u00fd profil. Charakter je \u010dist\u00fd a hladk\u00fd, v\u010faka \u010domu je vrec\u00fa\u0161ko vhodn\u00e9 na ka\u017edodenn\u00e9 pou\u017e\u00edvanie alebo pre t\u00fdch, ktor\u00ed vstupuj\u00fa do ni\u017e\u0161ej nikot\u00ednovej sily.<\/p>\n<p data-start=\"600\" data-end=\"879\">Ka\u017ed\u00e9 mini vrec\u00fa\u0161ko obsahuje 1,5 mg nikot\u00ednu, \u010do ho rad\u00ed do kateg\u00f3rie extra miernych cigariet. T\u00e1to \u00farove\u0148 podporuje jemn\u00e9 uvo\u013e\u0148ovanie, ktor\u00e9 zost\u00e1va vidite\u013en\u00e9 bez toho, aby sa stalo dominantn\u00fdm. Mini form\u00e1t zaru\u010duje diskr\u00e9tne ulo\u017eenie pod perou a umo\u017e\u0148uje pohodln\u00e9 pou\u017e\u00edvanie po\u010das cel\u00e9ho d\u0148a.<\/p>\n<table>\n<tbody>\n<tr>\n<td><b>Atrib\u00fat<\/b><\/td>\n<td><b>Podrobnosti<\/b><\/td>\n<\/tr>\n<tr>\n<td><b>Zna\u010dka<\/b><\/td>\n<td><span style=\"font-weight: 400;\">ZYN<\/span><\/td>\n<\/tr>\n<tr>\n<td><b>Typ v\u00fdrobku<\/b><\/td>\n<td><span style=\"font-weight: 400;\">V\u0161etky biele nikot\u00ednov\u00e9 vreck\u00e1<\/span><\/td>\n<\/tr>\n<tr>\n<td><b>Form\u00e1t<\/b><\/td>\n<td>Mini<\/td>\n<\/tr>\n<tr>\n<td><b>Pr\u00edchu\u0165<\/b><\/td>\n<td><span style=\"font-weight: 400;\">\u010cierna \u010dere\u0161\u0148a<\/span><\/td>\n<\/tr>\n<tr>\n<td><b>Sila nikot\u00ednu<\/b><\/td>\n<td><span style=\"font-weight: 400;\">1,5 mg na vrecko (3,75 mg\/g)<\/span><\/td>\n<\/tr>\n<tr>\n<td><b>Hmotnos\u0165 porcie<\/b><\/td>\n<td><span style=\"font-weight: 400;\">0,4 gramu<\/span><\/td>\n<\/tr>\n<tr>\n<td><b>Po\u010det porci\u00ed<\/b><\/td>\n<td><span style=\"font-weight: 400;\">15 za plechovku<\/span><\/td>\n<\/tr>\n<tr>\n<td><b>Celkov\u00e1 hmotnos\u0165 plechovky<\/b><\/td>\n<td><span style=\"font-weight: 400;\">6 gramov<\/span><\/td>\n<\/tr>\n<tr>\n<td><b>V\u00fdrobca<\/b><\/td>\n<td><span style=\"font-weight: 400;\">\u0160v\u00e9dska z\u00e1palka<\/span><\/td>\n<\/tr>\n<tr>\n<td><b>Pozoruhodn\u00e9 funkcie<\/b><\/td>\n<td><span style=\"font-weight: 400;\">Bez tabaku, tenk\u00fd form\u00e1t, sladk\u00e1 a \u0161tip\u013eav\u00e1 pr\u00edchu\u0165 \u010diernej \u010dere\u0161ne<\/span><\/td>\n<\/tr>\n<\/tbody>\n<\/table>","protected":false},"excerpt":{"rendered":"<p data-start=\"1386\" data-end=\"1459\">Chu\u0165 \u010diernej \u010dere\u0161ne v <strong data-start=\"1474\" data-end=\"1482\">mini<\/strong> vrecko s <strong data-start=\"1494\" data-end=\"1513\">1,5 mg nikot\u00ednu<\/strong> na jedno vrecko.<\/p>","protected":false},"featured_media":34866,"comment_status":"open","ping_status":"closed","template":"","format":[205],"meta":{"_acf_changed":false},"product_brand":[],"product_cat":[37],"product_tag":[17009],"flavours":[196],"nicotine":[224,234],"class_list":{"0":"post-34862","1":"product","2":"type-product","3":"status-publish","4":"has-post-thumbnail","6":"product_cat-zyn","7":"product_tag-1-5-mg-pouch","8":"pa_quantity-1-pack","9":"pa_quantity-10-pack","10":"pa_quantity-3-pack","11":"pa_quantity-30-pack","12":"pa_quantity-5-pack","13":"pa_quantity-60-pack","14":"flavours-fruits-berries","15":"format-mini","16":"nicotine-4-mg-g","17":"nicotine-mild","19":"first","20":"outofstock","21":"taxable","22":"shipping-taxable","23":"purchasable","24":"product-type-variable"},"acf":[],"_links":{"self":[{"href":"https:\/\/whitelip.com\/sk\/wp-json\/wp\/v2\/product\/34862","targetHints":{"allow":["GET"]}}],"collection":[{"href":"https:\/\/whitelip.com\/sk\/wp-json\/wp\/v2\/product"}],"about":[{"href":"https:\/\/whitelip.com\/sk\/wp-json\/wp\/v2\/types\/product"}],"replies":[{"embeddable":true,"href":"https:\/\/whitelip.com\/sk\/wp-json\/wp\/v2\/comments?post=34862"}],"wp:featuredmedia":[{"embeddable":true,"href":"https:\/\/whitelip.com\/sk\/wp-json\/wp\/v2\/media\/34866"}],"wp:attachment":[{"href":"https:\/\/whitelip.com\/sk\/wp-json\/wp\/v2\/media?parent=34862"}],"wp:term":[{"taxonomy":"product_brand","embeddable":true,"href":"https:\/\/whitelip.com\/sk\/wp-json\/wp\/v2\/product_brand?post=34862"},{"taxonomy":"product_cat","embeddable":true,"href":"https:\/\/whitelip.com\/sk\/wp-json\/wp\/v2\/product_cat?post=34862"},{"taxonomy":"product_tag","embeddable":true,"href":"https:\/\/whitelip.com\/sk\/wp-json\/wp\/v2\/product_tag?post=34862"},{"taxonomy":"flavours","embeddable":true,"href":"https:\/\/whitelip.com\/sk\/wp-json\/wp\/v2\/flavours?post=34862"},{"taxonomy":"format","embeddable":true,"href":"https:\/\/whitelip.com\/sk\/wp-json\/wp\/v2\/format?post=34862"},{"taxonomy":"nicotine","embeddable":true,"href":"https:\/\/whitelip.com\/sk\/wp-json\/wp\/v2\/nicotine?post=34862"}],"curies":[{"name":"wp","href":"https:\/\/api.w.org\/{rel}","templated":true}]}}