{"id":34852,"date":"2025-11-21T11:21:44","date_gmt":"2025-11-21T11:21:44","guid":{"rendered":"https:\/\/whitelip.com\/?post_type=product&#038;p=34852"},"modified":"2026-04-29T10:11:23","modified_gmt":"2026-04-29T10:11:23","slug":"loop-spicy-apple-hyper-strong-limited-edition","status":"publish","type":"product","link":"https:\/\/whitelip.com\/sk\/loop\/loop-spicy-apple-hyper-strong-limited-edition\/","title":{"rendered":"LOOP Spicy Apple Hyper Strong Limited Edition"},"content":{"rendered":"<h2>LOOP Spicy Apple Hyper Strong Limited Edition<\/h2>\n<p data-start=\"192\" data-end=\"605\">LOOP Spicy Apple Hyper Strong Limited Edition je \u00faplne biele vrec\u00fa\u0161ko bez tabaku vyvinut\u00e9 pod zna\u010dkou LOOP. T\u00e1to limitovan\u00e1 ed\u00edcia vst\u00fapila na trh 10. novembra 2025 a dod\u00e1va sa v tenkom form\u00e1te navrhnutom tak, aby sa diskr\u00e9tne a pohodlne umiestnil pod pery. V\u00fdrobok neobsahuje tabak, ale obsahuje nikot\u00edn a je klasifikovan\u00fd ako extra siln\u00fd variant.<\/p>\n<p data-start=\"607\" data-end=\"944\">V chuti sa sp\u00e1ja zelen\u00e9 jablko s \u010dili a vytv\u00e1ra vyv\u00e1\u017een\u00fd profil, ktor\u00fd je ovocn\u00fd aj korenist\u00fd. Ka\u017ed\u00e9 vrec\u00fa\u0161ko obsahuje 15,6 mg nikot\u00ednu, \u010do zodpoved\u00e1 koncentr\u00e1cii nikot\u00ednu 25 mg\/g. To zara\u010fuje v\u00fdrobok do kateg\u00f3rie s vysokou silou, ktor\u00e1 je vhodn\u00e1 pre u\u017e\u00edvate\u013eov h\u013eadaj\u00facich intenz\u00edvnej\u0161\u00ed z\u00e1\u017eitok. Plechovka obsahuje 20 tenk\u00fdch vrec\u00fa\u0161ok.<\/p>\n<table>\n<tbody>\n<tr>\n<td><b>Atrib\u00fat<\/b><\/td>\n<td><b>Podrobnosti<\/b><\/td>\n<\/tr>\n<tr>\n<td><span style=\"font-weight: 400;\">Obsah na plechovku<\/span><\/td>\n<td><span style=\"font-weight: 400;\">12g,5 (20 s\u00e1\u010dkov)<\/span><\/td>\n<\/tr>\n<tr>\n<td><span style=\"font-weight: 400;\">Obsah nikot\u00ednu<\/span><\/td>\n<td>25 mg\/g (15,6 mg na s\u00e1\u010dok)<\/td>\n<\/tr>\n<tr>\n<td><span style=\"font-weight: 400;\">Form\u00e1t vrecka<\/span><\/td>\n<td><span style=\"font-weight: 400;\">Slim<\/span><\/td>\n<\/tr>\n<tr>\n<td><span style=\"font-weight: 400;\">V\u00fdrobca<\/span><\/td>\n<td><span style=\"font-weight: 400;\">LOOP<\/span><\/td>\n<\/tr>\n<tr>\n<td><span style=\"font-weight: 400;\">Pr\u00edchu\u0165<\/span><\/td>\n<td>Zelen\u00e9 jablko, chili<\/td>\n<\/tr>\n<tr>\n<td><span style=\"font-weight: 400;\">Typ<\/span><\/td>\n<td><span style=\"font-weight: 400;\">Celobiele vrecko, bez tabaku<\/span><\/td>\n<\/tr>\n<\/tbody>\n<\/table>","protected":false},"excerpt":{"rendered":"<article class=\"text-token-text-primary w-full focus:outline-none [--shadow-height:45px] has-data-writing-block:pointer-events-none has-data-writing-block:-mt-(--shadow-height) has-data-writing-block:pt-(--shadow-height) [&amp;:has([data-writing-block])&gt;*]:pointer-events-auto [content-visibility:auto] supports-[content-visibility:auto]:[contain-intrinsic-size:auto_100lvh] scroll-mt-[calc(var(--header-height)+min(200px,max(70px,20svh)))]\" dir=\"auto\" tabindex=\"-1\" data-turn-id=\"e86c9b11-50a9-41f9-b294-818efec600d1\" data-testid=\"conversation-turn-214\" data-scroll-anchor=\"true\" data-turn=\"assistant\">\n<div class=\"text-base my-auto mx-auto pb-10 [--thread-content-margin:--spacing(4)] thread-sm:[--thread-content-margin:--spacing(6)] thread-lg:[--thread-content-margin:--spacing(16)] px-(--thread-content-margin)\">\n<div class=\"[--thread-content-max-width:40rem] thread-lg:[--thread-content-max-width:48rem] mx-auto max-w-(--thread-content-max-width) flex-1 group\/turn-messages focus-visible:outline-hidden relative flex w-full min-w-0 flex-col agent-turn\" tabindex=\"-1\">\n<div class=\"flex max-w-full flex-col grow\">\n<div class=\"min-h-8 text-message relative flex w-full flex-col items-end gap-2 text-start break-words whitespace-normal [.text-message+&amp;]:mt-1\" dir=\"auto\" data-message-author-role=\"assistant\" data-message-id=\"5151ea74-c1a0-4b43-b437-c97fee5e667b\" data-message-model-slug=\"gpt-5-thinking\">\n<div class=\"flex w-full flex-col gap-1 empty:hidden first:pt-[1px]\">\n<div class=\"markdown prose dark:prose-invert w-full break-words dark markdown-new-styling\">\n<p data-start=\"1294\" data-end=\"1372\">Green apple and chili in a <strong data-start=\"1321\" data-end=\"1329\">slim<\/strong> pouch with <strong data-start=\"1341\" data-end=\"1361\">15.6 mg nicotine<\/strong> per pouch.<\/p>\n<\/div>\n<\/div>\n<\/div>\n<\/div>\n<\/div>\n<\/div>\n<\/article>\n","protected":false},"featured_media":34987,"comment_status":"open","ping_status":"closed","template":"","format":[206],"meta":{"_acf_changed":false},"product_brand":[],"product_cat":[32],"product_tag":[17005],"flavours":[187,196],"nicotine":[219,232],"class_list":{"0":"post-34852","1":"product","2":"type-product","3":"status-publish","4":"has-post-thumbnail","6":"product_cat-loop","7":"product_tag-15-6-mg-pouch","8":"pa_quantity-1-pack","9":"pa_quantity-10-pack","10":"pa_quantity-3-pack","11":"pa_quantity-30-pack","12":"pa_quantity-5-pack","13":"pa_quantity-60-pack","14":"flavours-chili","15":"flavours-fruits-berries","16":"format-slim","17":"nicotine-25-mg-g","18":"nicotine-extra-strong","20":"first","21":"outofstock","22":"taxable","23":"shipping-taxable","24":"purchasable","25":"product-type-variable"},"acf":[],"_links":{"self":[{"href":"https:\/\/whitelip.com\/sk\/wp-json\/wp\/v2\/product\/34852","targetHints":{"allow":["GET"]}}],"collection":[{"href":"https:\/\/whitelip.com\/sk\/wp-json\/wp\/v2\/product"}],"about":[{"href":"https:\/\/whitelip.com\/sk\/wp-json\/wp\/v2\/types\/product"}],"replies":[{"embeddable":true,"href":"https:\/\/whitelip.com\/sk\/wp-json\/wp\/v2\/comments?post=34852"}],"wp:featuredmedia":[{"embeddable":true,"href":"https:\/\/whitelip.com\/sk\/wp-json\/wp\/v2\/media\/34987"}],"wp:attachment":[{"href":"https:\/\/whitelip.com\/sk\/wp-json\/wp\/v2\/media?parent=34852"}],"wp:term":[{"taxonomy":"product_brand","embeddable":true,"href":"https:\/\/whitelip.com\/sk\/wp-json\/wp\/v2\/product_brand?post=34852"},{"taxonomy":"product_cat","embeddable":true,"href":"https:\/\/whitelip.com\/sk\/wp-json\/wp\/v2\/product_cat?post=34852"},{"taxonomy":"product_tag","embeddable":true,"href":"https:\/\/whitelip.com\/sk\/wp-json\/wp\/v2\/product_tag?post=34852"},{"taxonomy":"flavours","embeddable":true,"href":"https:\/\/whitelip.com\/sk\/wp-json\/wp\/v2\/flavours?post=34852"},{"taxonomy":"format","embeddable":true,"href":"https:\/\/whitelip.com\/sk\/wp-json\/wp\/v2\/format?post=34852"},{"taxonomy":"nicotine","embeddable":true,"href":"https:\/\/whitelip.com\/sk\/wp-json\/wp\/v2\/nicotine?post=34852"}],"curies":[{"name":"wp","href":"https:\/\/api.w.org\/{rel}","templated":true}]}}