{"id":34519,"date":"2025-11-18T11:44:42","date_gmt":"2025-11-18T11:44:42","guid":{"rendered":"https:\/\/whitelip.com\/?post_type=product&#038;p=34519"},"modified":"2026-04-15T11:36:49","modified_gmt":"2026-04-15T11:36:49","slug":"kuma-cherry","status":"publish","type":"product","link":"https:\/\/whitelip.com\/sk\/kuma\/kuma-cherry\/","title":{"rendered":"KUMA \u010cere\u0161\u0148a"},"content":{"rendered":"<p data-start=\"113\" data-end=\"461\">KUMA Cherry dod\u00e1va jasn\u00fd a ovocn\u00fd \u010dere\u0161\u0148ov\u00fd profil v \u0161t\u00edhlom nik\u00f3tinov vrecku navrhnutom na nen\u00e1padn\u00e9 pou\u017eitie. Pr\u00edchu\u0165 kombinuje sladk\u00e9 bylinn\u00e9 t\u00f3ny s \u010dist\u00fdm fin\u00e1lom, \u010do poskytuje vyv\u00e1\u017een\u00fa sk\u00fasenos\u0165 pre pou\u017e\u00edvate\u013eov, ktor\u00ed si u\u017e\u00edvaj\u00fa \u010derven\u00e9 ovocie. Klasifikovan\u00e1 ako extra siln\u00e1, ka\u017ed\u00e9 vrecko obsahuje 11 mg nik\u00f3tinu, s obsahom nik\u00f3tinu 20 mg na gram. \u0160t\u00edhly form\u00e1t pon\u00faka pohodln\u00fd a diskr\u00e9tny fit pod perami, zatia\u013e \u010do ka\u017ed\u00e1 porcia v\u00e1\u017ei 0,55 gramov. Ka\u017ed\u00e1 plechovka obsahuje 20 porci\u00ed s celkovou \u010distou hmotnos\u0165ou 11 gramov, \u010do z nej rob\u00ed pohodln\u00fa bez tab\u00e1ku mo\u017enos\u0165 na ka\u017edodenn\u00e9 pou\u017eitie.<\/p>\n<p data-start=\"703\" data-end=\"971\">KUMA je \u0161v\u00e9dska zna\u010dka vyroben\u00e1 spolo\u010dnos\u0165ou Apr\u00e8s Nicotine AB. Od svojho spustenia v roku 2020 sa spolo\u010dnos\u0165 zameriavala na nik\u00f3tinov\u00e9 vreck\u00e1 na b\u00e1ze rastl\u00edn a bez tab\u00e1ku v r\u00f4znych s\u00edlach, pr\u00edchut\u00ed a form\u00e1toch. KUMA Cherry je s\u00fa\u010das\u0165ou bylinn\u00e9ho segmentu v produktovej rade.<\/p>\n<table>\n<tbody>\n<tr>\n<td><b>Atrib\u00fat<\/b><\/td>\n<td><b>Podrobnosti<\/b><\/td>\n<\/tr>\n<tr>\n<td><b>Obsah na plechovku<\/b><\/td>\n<td><span style=\"font-weight: 400;\">11 g (20 vreciek)<\/span><\/td>\n<\/tr>\n<tr>\n<td><b>Obsah nikot\u00ednu<\/b><\/td>\n<td><span style=\"font-weight: 400;\">20 mg\/g (11 mg na vrec\u00fa\u0161ko)<\/span><\/td>\n<\/tr>\n<tr>\n<td><b>Form\u00e1t vrecka<\/b><\/td>\n<td><span style=\"font-weight: 400;\">Slim<\/span><\/td>\n<\/tr>\n<tr>\n<td><b>V\u00fdrobca<\/b><\/td>\n<td>Apr\u00e8s Nicotine AB<\/td>\n<\/tr>\n<tr>\n<td><b>Pr\u00edchu\u0165<\/b><\/td>\n<td>\u010cere\u0161\u0148a, bylinky<\/td>\n<\/tr>\n<tr>\n<td><b>Typ<\/b><\/td>\n<td><span style=\"font-weight: 400;\">Nik\u00f3tinov\u00e9 vrecko<\/span><\/td>\n<\/tr>\n<\/tbody>\n<\/table>","protected":false},"excerpt":{"rendered":"<article class=\"text-token-text-primary w-full focus:outline-none [--shadow-height:45px] has-data-writing-block:pointer-events-none has-data-writing-block:-mt-(--shadow-height) has-data-writing-block:pt-(--shadow-height) [&amp;:has([data-writing-block])&gt;*]:pointer-events-auto [content-visibility:auto] supports-[content-visibility:auto]:[contain-intrinsic-size:auto_100lvh] scroll-mt-[calc(var(--header-height)+min(200px,max(70px,20svh)))]\" dir=\"auto\" tabindex=\"-1\" data-turn-id=\"fc20af27-e3c5-4b02-a951-d8248900574e\" data-testid=\"conversation-turn-146\" data-scroll-anchor=\"true\" data-turn=\"assistant\">\n<div class=\"text-base my-auto mx-auto pb-10 [--thread-content-margin:--spacing(4)] thread-sm:[--thread-content-margin:--spacing(6)] thread-lg:[--thread-content-margin:--spacing(16)] px-(--thread-content-margin)\">\n<div class=\"[--thread-content-max-width:40rem] thread-lg:[--thread-content-max-width:48rem] mx-auto max-w-(--thread-content-max-width) flex-1 group\/turn-messages focus-visible:outline-hidden relative flex w-full min-w-0 flex-col agent-turn\" tabindex=\"-1\">\n<div class=\"flex max-w-full flex-col grow\">\n<div class=\"min-h-8 text-message relative flex w-full flex-col items-end gap-2 text-start break-words whitespace-normal [.text-message+&amp;]:mt-1\" dir=\"auto\" data-message-author-role=\"assistant\" data-message-id=\"62160f6d-af8e-4bdd-844f-59034b1f33e1\" data-message-model-slug=\"gpt-5-thinking\">\n<div class=\"flex w-full flex-col gap-1 empty:hidden first:pt-[1px]\">\n<div class=\"markdown prose dark:prose-invert w-full break-words dark markdown-new-styling\">\n<p data-start=\"0\" data-end=\"267\" data-is-last-node=\"\" data-is-only-node=\"\">A fruity <strong data-start=\"1013\" data-end=\"1023\">cherry<\/strong> flavor in a <strong data-start=\"1036\" data-end=\"1044\">slim<\/strong> pouch with <strong data-start=\"1056\" data-end=\"1074\">11 mg nicotine<\/strong> per portion.<\/p>\n<\/div>\n<\/div>\n<\/div>\n<\/div>\n<\/div>\n<\/div>\n<\/article>\n","protected":false},"featured_media":34512,"comment_status":"open","ping_status":"closed","template":"","format":[206],"meta":{"_acf_changed":false},"product_brand":[],"product_cat":[264],"product_tag":[16551],"flavours":[196],"nicotine":[218,232],"class_list":{"0":"post-34519","1":"product","2":"type-product","3":"status-publish","4":"has-post-thumbnail","6":"product_cat-kuma","7":"product_tag-11-mg-pouch","8":"pa_quantity-1-pack","9":"pa_quantity-10-pack","10":"pa_quantity-3-pack","11":"pa_quantity-30-pack","12":"pa_quantity-5-pack","13":"pa_quantity-60-pack","14":"flavours-fruits-berries","15":"format-slim","16":"nicotine-20-mg-g","17":"nicotine-extra-strong","19":"first","20":"instock","21":"taxable","22":"shipping-taxable","23":"purchasable","24":"product-type-variable"},"acf":[],"_links":{"self":[{"href":"https:\/\/whitelip.com\/sk\/wp-json\/wp\/v2\/product\/34519","targetHints":{"allow":["GET"]}}],"collection":[{"href":"https:\/\/whitelip.com\/sk\/wp-json\/wp\/v2\/product"}],"about":[{"href":"https:\/\/whitelip.com\/sk\/wp-json\/wp\/v2\/types\/product"}],"replies":[{"embeddable":true,"href":"https:\/\/whitelip.com\/sk\/wp-json\/wp\/v2\/comments?post=34519"}],"wp:featuredmedia":[{"embeddable":true,"href":"https:\/\/whitelip.com\/sk\/wp-json\/wp\/v2\/media\/34512"}],"wp:attachment":[{"href":"https:\/\/whitelip.com\/sk\/wp-json\/wp\/v2\/media?parent=34519"}],"wp:term":[{"taxonomy":"product_brand","embeddable":true,"href":"https:\/\/whitelip.com\/sk\/wp-json\/wp\/v2\/product_brand?post=34519"},{"taxonomy":"product_cat","embeddable":true,"href":"https:\/\/whitelip.com\/sk\/wp-json\/wp\/v2\/product_cat?post=34519"},{"taxonomy":"product_tag","embeddable":true,"href":"https:\/\/whitelip.com\/sk\/wp-json\/wp\/v2\/product_tag?post=34519"},{"taxonomy":"flavours","embeddable":true,"href":"https:\/\/whitelip.com\/sk\/wp-json\/wp\/v2\/flavours?post=34519"},{"taxonomy":"format","embeddable":true,"href":"https:\/\/whitelip.com\/sk\/wp-json\/wp\/v2\/format?post=34519"},{"taxonomy":"nicotine","embeddable":true,"href":"https:\/\/whitelip.com\/sk\/wp-json\/wp\/v2\/nicotine?post=34519"}],"curies":[{"name":"wp","href":"https:\/\/api.w.org\/{rel}","templated":true}]}}