{"id":34508,"date":"2025-11-18T11:40:10","date_gmt":"2025-11-18T11:40:10","guid":{"rendered":"https:\/\/whitelip.com\/?post_type=product&#038;p=34508"},"modified":"2026-05-09T10:11:15","modified_gmt":"2026-05-09T10:11:15","slug":"kuma-wintergreen","status":"publish","type":"product","link":"https:\/\/whitelip.com\/sk\/kuma\/kuma-wintergreen\/","title":{"rendered":"KUMA Wintergreen"},"content":{"rendered":"<p data-start=\"128\" data-end=\"509\">KUMA Wintergreen prin\u00e1\u0161a svie\u017eu a chladiv\u00fa zmes zimnej zelene a m\u00e4ty v tenkom vrec\u00fa\u0161ku. Ka\u017ed\u00e1 porcia je klasifikovan\u00e1 ako extra siln\u00e1 a obsahuje 11 mg nikot\u00ednu, pri\u010dom obsah nikot\u00ednu je 20 mg na gram. V chu\u0165ovom profile sa sp\u00e1ja ostr\u00e1 svie\u017eos\u0165 zimozelene s \u010dist\u00fdm m\u00e4tov\u00fdm z\u00e1verom, v\u010faka \u010domu je vhodnou vo\u013ebou pre u\u017e\u00edvate\u013eov, ktor\u00ed uprednost\u0148uj\u00fa klasick\u00fa, chladiv\u00fa chu\u0165. Ka\u017ed\u00e9 vrec\u00fa\u0161ko v\u00e1\u017ei 0,55 gramu a je navrhnut\u00e9 v tenkom tvare pre diskr\u00e9tne a pohodln\u00e9 ulo\u017eenie pod peru. Plechovka obsahuje 20 d\u00e1vok s celkovou \u010distou hmotnos\u0165ou 11 gramov, ktor\u00e9 pon\u00fakaj\u00fa pohodln\u00fd a prenosn\u00fd nikot\u00ednov\u00fd z\u00e1\u017eitok.<\/p>\n<p data-start=\"743\" data-end=\"1042\">KUMA vyr\u00e1ba spolo\u010dnos\u0165 Apr\u00e8s Nicotine AB vo \u0160v\u00e9dsku. Od svojho uvedenia na trh v roku 2020 sa spolo\u010dnos\u0165 zameriava na vytv\u00e1ranie vrec\u00fa\u0161ok s nikot\u00ednom bez tabaku na rastlinnej b\u00e1ze v r\u00f4znych pr\u00edchutiach, sil\u00e1ch a form\u00e1toch. Odroda Wintergreen je jednou z chladiv\u00fdch, m\u00e4tov\u00fdch mo\u017enost\u00ed zna\u010dky v r\u00e1mci sortimentu.<\/p>\n<table>\n<tbody>\n<tr>\n<td><b>Atrib\u00fat<\/b><\/td>\n<td><b>Podrobnosti<\/b><\/td>\n<\/tr>\n<tr>\n<td><b>Obsah na plechovku<\/b><\/td>\n<td><span style=\"font-weight: 400;\">11 g (20 vreciek)<\/span><\/td>\n<\/tr>\n<tr>\n<td><b>Obsah nikot\u00ednu<\/b><\/td>\n<td><span style=\"font-weight: 400;\">20 mg\/g (11 mg na vrec\u00fa\u0161ko)<\/span><\/td>\n<\/tr>\n<tr>\n<td><b>Form\u00e1t vrecka<\/b><\/td>\n<td><span style=\"font-weight: 400;\">Slim<\/span><\/td>\n<\/tr>\n<tr>\n<td><b>V\u00fdrobca<\/b><\/td>\n<td>Apr\u00e8s Nicotine AB<\/td>\n<\/tr>\n<tr>\n<td><b>Pr\u00edchu\u0165<\/b><\/td>\n<td>Zimozelen, mentol<\/td>\n<\/tr>\n<tr>\n<td><b>Typ<\/b><\/td>\n<td><span style=\"font-weight: 400;\">Nik\u00f3tinov\u00e9 vrecko<\/span><\/td>\n<\/tr>\n<\/tbody>\n<\/table>","protected":false},"excerpt":{"rendered":"<article class=\"text-token-text-primary w-full focus:outline-none [--shadow-height:45px] has-data-writing-block:pointer-events-none has-data-writing-block:-mt-(--shadow-height) has-data-writing-block:pt-(--shadow-height) [&amp;:has([data-writing-block])&gt;*]:pointer-events-auto [content-visibility:auto] supports-[content-visibility:auto]:[contain-intrinsic-size:auto_100lvh] scroll-mt-[calc(var(--header-height)+min(200px,max(70px,20svh)))]\" dir=\"auto\" tabindex=\"-1\" data-turn-id=\"fc20af27-e3c5-4b02-a951-d8248900574e\" data-testid=\"conversation-turn-146\" data-scroll-anchor=\"true\" data-turn=\"assistant\">\n<div class=\"text-base my-auto mx-auto pb-10 [--thread-content-margin:--spacing(4)] thread-sm:[--thread-content-margin:--spacing(6)] thread-lg:[--thread-content-margin:--spacing(16)] px-(--thread-content-margin)\">\n<div class=\"[--thread-content-max-width:40rem] thread-lg:[--thread-content-max-width:48rem] mx-auto max-w-(--thread-content-max-width) flex-1 group\/turn-messages focus-visible:outline-hidden relative flex w-full min-w-0 flex-col agent-turn\" tabindex=\"-1\">\n<div class=\"flex max-w-full flex-col grow\">\n<div class=\"min-h-8 text-message relative flex w-full flex-col items-end gap-2 text-start break-words whitespace-normal [.text-message+&amp;]:mt-1\" dir=\"auto\" data-message-author-role=\"assistant\" data-message-id=\"62160f6d-af8e-4bdd-844f-59034b1f33e1\" data-message-model-slug=\"gpt-5-thinking\">\n<div class=\"flex w-full flex-col gap-1 empty:hidden first:pt-[1px]\">\n<div class=\"markdown prose dark:prose-invert w-full break-words dark markdown-new-styling\">\n<p data-start=\"0\" data-end=\"267\" data-is-last-node=\"\" data-is-only-node=\"\">A fresh mix of <strong data-start=\"1090\" data-end=\"1114\">wintergreen and mint<\/strong> in a <strong data-start=\"1120\" data-end=\"1128\">slim<\/strong> pouch with <strong data-start=\"1140\" data-end=\"1158\">11 mg nicotine<\/strong> per portion.<\/p>\n<\/div>\n<\/div>\n<\/div>\n<\/div>\n<\/div>\n<\/div>\n<\/article>\n","protected":false},"featured_media":34513,"comment_status":"open","ping_status":"closed","template":"","format":[206],"meta":{"_acf_changed":false},"product_brand":[],"product_cat":[264],"product_tag":[16551],"flavours":[203],"nicotine":[218,232],"class_list":{"0":"post-34508","1":"product","2":"type-product","3":"status-publish","4":"has-post-thumbnail","6":"product_cat-kuma","7":"product_tag-11-mg-pouch","8":"pa_quantity-1-pack","9":"pa_quantity-10-pack","10":"pa_quantity-3-pack","11":"pa_quantity-30-pack","12":"pa_quantity-5-pack","13":"pa_quantity-60-pack","14":"flavours-wintergreen","15":"format-slim","16":"nicotine-20-mg-g","17":"nicotine-extra-strong","19":"first","20":"instock","21":"taxable","22":"shipping-taxable","23":"purchasable","24":"product-type-variable","25":"has-default-attributes"},"acf":[],"_links":{"self":[{"href":"https:\/\/whitelip.com\/sk\/wp-json\/wp\/v2\/product\/34508","targetHints":{"allow":["GET"]}}],"collection":[{"href":"https:\/\/whitelip.com\/sk\/wp-json\/wp\/v2\/product"}],"about":[{"href":"https:\/\/whitelip.com\/sk\/wp-json\/wp\/v2\/types\/product"}],"replies":[{"embeddable":true,"href":"https:\/\/whitelip.com\/sk\/wp-json\/wp\/v2\/comments?post=34508"}],"wp:featuredmedia":[{"embeddable":true,"href":"https:\/\/whitelip.com\/sk\/wp-json\/wp\/v2\/media\/34513"}],"wp:attachment":[{"href":"https:\/\/whitelip.com\/sk\/wp-json\/wp\/v2\/media?parent=34508"}],"wp:term":[{"taxonomy":"product_brand","embeddable":true,"href":"https:\/\/whitelip.com\/sk\/wp-json\/wp\/v2\/product_brand?post=34508"},{"taxonomy":"product_cat","embeddable":true,"href":"https:\/\/whitelip.com\/sk\/wp-json\/wp\/v2\/product_cat?post=34508"},{"taxonomy":"product_tag","embeddable":true,"href":"https:\/\/whitelip.com\/sk\/wp-json\/wp\/v2\/product_tag?post=34508"},{"taxonomy":"flavours","embeddable":true,"href":"https:\/\/whitelip.com\/sk\/wp-json\/wp\/v2\/flavours?post=34508"},{"taxonomy":"format","embeddable":true,"href":"https:\/\/whitelip.com\/sk\/wp-json\/wp\/v2\/format?post=34508"},{"taxonomy":"nicotine","embeddable":true,"href":"https:\/\/whitelip.com\/sk\/wp-json\/wp\/v2\/nicotine?post=34508"}],"curies":[{"name":"wp","href":"https:\/\/api.w.org\/{rel}","templated":true}]}}