{"id":34498,"date":"2025-11-18T11:12:29","date_gmt":"2025-11-18T11:12:29","guid":{"rendered":"https:\/\/whitelip.com\/?post_type=product&#038;p=34498"},"modified":"2026-05-06T10:11:28","modified_gmt":"2026-05-06T10:11:28","slug":"rush-boost-mint-extreme","status":"publish","type":"product","link":"https:\/\/whitelip.com\/sk\/rush\/rush-boost-mint-extreme\/","title":{"rendered":"RUSH Boost Mint Extreme"},"content":{"rendered":"<p data-start=\"239\" data-end=\"557\">RUSH Boost Mint Extreme prin\u00e1\u0161a chladiv\u00fd m\u00e4tov\u00fd profil s v\u00fdraznou svie\u017eos\u0165ou, ktor\u00fd oslov\u00ed pou\u017e\u00edvate\u013eov, ktor\u00ed uprednost\u0148uj\u00fa ostr\u00fa a revitaliza\u010dn\u00fa chu\u0165. Ka\u017ed\u00e9 vrec\u00fa\u0161ko obsahuje 21 mg nikot\u00ednu, \u010do poskytuje extr\u00e9mne siln\u00fd z\u00e1\u017eitok ur\u010den\u00fd len pre ve\u013emi sk\u00fasen\u00fdch u\u017e\u00edvate\u013eov, ktor\u00fdm vyhovuje vysok\u00e1 hladina nikot\u00ednu. Vrec\u00fa\u0161ko je vyroben\u00e9 v tenkom form\u00e1te, ktor\u00fd pon\u00faka diskr\u00e9tne ulo\u017eenie pod perou s minim\u00e1lnou vidite\u013enos\u0165ou. S hmotnos\u0165ou porcie 0,7 g je \u013eahk\u00fd a \u013eahko sa pren\u00e1\u0161a po\u010das cel\u00e9ho d\u0148a, pri\u010dom st\u00e1le pon\u00faka stabiln\u00e9 uvo\u013e\u0148ovanie chuti a nikot\u00ednu. \u0160t\u00edhly dizajn tie\u017e zvy\u0161uje pohodlie, preto\u017ee umo\u017e\u0148uje, aby vrecko po\u010das pou\u017e\u00edvania prirodzene sedelo.<\/p>\n<table>\n<tbody>\n<tr>\n<td><b>Atrib\u00fat<\/b><\/td>\n<td><b>Podrobnosti<\/b><\/td>\n<\/tr>\n<tr>\n<td><b>Obsah na plechovku<\/b><\/td>\n<td><span style=\"font-weight: 400;\">14 g (20 vrec\u00fa\u0161ok)<\/span><\/td>\n<\/tr>\n<tr>\n<td><b>Obsah nikot\u00ednu<\/b><\/td>\n<td><span style=\"font-weight: 400;\">30 mg\/g (21 mg na vrec\u00fa\u0161ko)<\/span><\/td>\n<\/tr>\n<tr>\n<td><b>Form\u00e1t vrecka<\/b><\/td>\n<td><span style=\"font-weight: 400;\">Slim<\/span><\/td>\n<\/tr>\n<tr>\n<td><b>V\u00fdrobca<\/b><\/td>\n<td>RUSH<\/td>\n<\/tr>\n<tr>\n<td><b>Pr\u00edchu\u0165<\/b><\/td>\n<td>M\u00e4ta<\/td>\n<\/tr>\n<tr>\n<td><b>Typ<\/b><\/td>\n<td><span style=\"font-weight: 400;\">Nik\u00f3tinov\u00e9 vrecko<\/span><\/td>\n<\/tr>\n<\/tbody>\n<\/table>","protected":false},"excerpt":{"rendered":"<article class=\"text-token-text-primary w-full focus:outline-none [--shadow-height:45px] has-data-writing-block:pointer-events-none has-data-writing-block:-mt-(--shadow-height) has-data-writing-block:pt-(--shadow-height) [&amp;:has([data-writing-block])&gt;*]:pointer-events-auto [content-visibility:auto] supports-[content-visibility:auto]:[contain-intrinsic-size:auto_100lvh] scroll-mt-[calc(var(--header-height)+min(200px,max(70px,20svh)))]\" dir=\"auto\" tabindex=\"-1\" data-turn-id=\"fc20af27-e3c5-4b02-a951-d8248900574e\" data-testid=\"conversation-turn-146\" data-scroll-anchor=\"true\" data-turn=\"assistant\">\n<div class=\"text-base my-auto mx-auto pb-10 [--thread-content-margin:--spacing(4)] thread-sm:[--thread-content-margin:--spacing(6)] thread-lg:[--thread-content-margin:--spacing(16)] px-(--thread-content-margin)\">\n<div class=\"[--thread-content-max-width:40rem] thread-lg:[--thread-content-max-width:48rem] mx-auto max-w-(--thread-content-max-width) flex-1 group\/turn-messages focus-visible:outline-hidden relative flex w-full min-w-0 flex-col agent-turn\" tabindex=\"-1\">\n<div class=\"flex max-w-full flex-col grow\">\n<div class=\"min-h-8 text-message relative flex w-full flex-col items-end gap-2 text-start break-words whitespace-normal [.text-message+&amp;]:mt-1\" dir=\"auto\" data-message-author-role=\"assistant\" data-message-id=\"62160f6d-af8e-4bdd-844f-59034b1f33e1\" data-message-model-slug=\"gpt-5-thinking\">\n<div class=\"flex w-full flex-col gap-1 empty:hidden first:pt-[1px]\">\n<div class=\"markdown prose dark:prose-invert w-full break-words dark markdown-new-styling\">\n<p data-start=\"0\" data-end=\"267\" data-is-last-node=\"\" data-is-only-node=\"\">A cooling <strong data-start=\"1191\" data-end=\"1199\">mint<\/strong> flavor in a <strong data-start=\"1212\" data-end=\"1220\">slim<\/strong> pouch delivering <strong data-start=\"1238\" data-end=\"1256\">21 mg nicotine<\/strong> per pouch. Designed for discretion and an extremely strong experience.<\/p>\n<\/div>\n<\/div>\n<\/div>\n<\/div>\n<\/div>\n<\/div>\n<\/article>\n","protected":false},"featured_media":34502,"comment_status":"open","ping_status":"closed","template":"","format":[206],"meta":{"_acf_changed":false},"product_brand":[],"product_cat":[244],"product_tag":[16999],"flavours":[199],"nicotine":[221,233],"class_list":{"0":"post-34498","1":"product","2":"type-product","3":"status-publish","4":"has-post-thumbnail","6":"product_cat-rush","7":"product_tag-21-mg-pouch","8":"pa_quantity-1-pack","9":"pa_quantity-10-pack","10":"pa_quantity-3-pack","11":"pa_quantity-30-pack","12":"pa_quantity-5-pack","13":"pa_quantity-60-pack","14":"flavours-mint","15":"format-slim","16":"nicotine-30-mg-g","17":"nicotine-extreme","19":"first","20":"outofstock","21":"taxable","22":"shipping-taxable","23":"purchasable","24":"product-type-variable"},"acf":[],"_links":{"self":[{"href":"https:\/\/whitelip.com\/sk\/wp-json\/wp\/v2\/product\/34498","targetHints":{"allow":["GET"]}}],"collection":[{"href":"https:\/\/whitelip.com\/sk\/wp-json\/wp\/v2\/product"}],"about":[{"href":"https:\/\/whitelip.com\/sk\/wp-json\/wp\/v2\/types\/product"}],"replies":[{"embeddable":true,"href":"https:\/\/whitelip.com\/sk\/wp-json\/wp\/v2\/comments?post=34498"}],"wp:featuredmedia":[{"embeddable":true,"href":"https:\/\/whitelip.com\/sk\/wp-json\/wp\/v2\/media\/34502"}],"wp:attachment":[{"href":"https:\/\/whitelip.com\/sk\/wp-json\/wp\/v2\/media?parent=34498"}],"wp:term":[{"taxonomy":"product_brand","embeddable":true,"href":"https:\/\/whitelip.com\/sk\/wp-json\/wp\/v2\/product_brand?post=34498"},{"taxonomy":"product_cat","embeddable":true,"href":"https:\/\/whitelip.com\/sk\/wp-json\/wp\/v2\/product_cat?post=34498"},{"taxonomy":"product_tag","embeddable":true,"href":"https:\/\/whitelip.com\/sk\/wp-json\/wp\/v2\/product_tag?post=34498"},{"taxonomy":"flavours","embeddable":true,"href":"https:\/\/whitelip.com\/sk\/wp-json\/wp\/v2\/flavours?post=34498"},{"taxonomy":"format","embeddable":true,"href":"https:\/\/whitelip.com\/sk\/wp-json\/wp\/v2\/format?post=34498"},{"taxonomy":"nicotine","embeddable":true,"href":"https:\/\/whitelip.com\/sk\/wp-json\/wp\/v2\/nicotine?post=34498"}],"curies":[{"name":"wp","href":"https:\/\/api.w.org\/{rel}","templated":true}]}}