{"id":33360,"date":"2025-11-04T08:32:30","date_gmt":"2025-11-04T08:32:30","guid":{"rendered":"https:\/\/whitelip.com\/?post_type=product&#038;p=33360"},"modified":"2026-04-29T10:11:23","modified_gmt":"2026-04-29T10:11:23","slug":"puff-pouch-wasted-mango-jalapeno","status":"publish","type":"product","link":"https:\/\/whitelip.com\/sk\/puff-pouch\/puff-pouch-wasted-mango-jalapeno\/","title":{"rendered":"Puff &amp; Pouch Wasted Mango Jalape\u00f1o"},"content":{"rendered":"<p data-start=\"509\" data-end=\"871\">Puff &amp; Pouch Wasted Mango Jalape\u00f1o 16 mg in Slim kombinuje v\u00fdrazn\u00fd chu\u0165ov\u00fd profil so siln\u00fdm a vyv\u00e1\u017een\u00fdm nikot\u00ednov\u00fdm \u00fa\u010dinkom. So 16 mg nikot\u00ednu na gram poskytuje znate\u013en\u00fd a uspokojiv\u00fd z\u00e1sah bez toho, aby sa zn\u00ed\u017eil komfort alebo chu\u0165. Pr\u00edchu\u0165 je odv\u00e1\u017ena a osvie\u017euj\u00faca, ur\u010den\u00e1 pre pou\u017e\u00edvate\u013eov, ktor\u00ed oce\u0148uj\u00fa robustn\u00e9, ale jemn\u00e9 nikot\u00ednov\u00e9 vrec\u00fa\u0161ko. Tento v\u00fdrobok, ktor\u00fd vyr\u00e1ba spolo\u010dnos\u0165 Premium Pouch Global pod zna\u010dkou Puff and Pouch, vynik\u00e1 na eur\u00f3pskom trhu s nikot\u00ednov\u00fdmi vrec\u00fa\u0161kami vysokou kvalitou a rafinovan\u00fdm podan\u00edm. Ka\u017ed\u00e1 plechovka obsahuje 20 vrec\u00fa\u0161ok v diskr\u00e9tnom form\u00e1te Slim, ktor\u00fd pon\u00faka pohodln\u00e9 ulo\u017eenie pod perou na celodenn\u00e9 pou\u017e\u00edvanie. Puff and Pouch Wasted 16 mg je skvelou vo\u013ebou pre t\u00fdch, ktor\u00ed h\u013eadaj\u00fa pr\u00e9miov\u00e9, vysokokvalitn\u00e9 vrec\u00fa\u0161ka s konzistentnou silou a vyv\u00e1\u017eenou chu\u0165ou.<\/p>\n<table>\n<tbody>\n<tr>\n<td><b>Atrib\u00fat<\/b><\/td>\n<td><b>Podrobnosti<\/b><\/td>\n<\/tr>\n<tr>\n<td><span style=\"font-weight: 400;\">Obsah na plechovku<\/span><\/td>\n<td><span style=\"font-weight: 400;\">14 g (20 vrec\u00fa\u0161ok)<\/span><\/td>\n<\/tr>\n<tr>\n<td><span style=\"font-weight: 400;\">Obsah nikot\u00ednu<\/span><\/td>\n<td><span style=\"font-weight: 400;\">16 mg\/g (12 mg na vrecko)<\/span><\/td>\n<\/tr>\n<tr>\n<td><span style=\"font-weight: 400;\">Form\u00e1t vrecka<\/span><\/td>\n<td><span style=\"font-weight: 400;\">Slim<\/span><\/td>\n<\/tr>\n<tr>\n<td><span style=\"font-weight: 400;\">V\u00fdrobca<\/span><\/td>\n<td><span style=\"font-weight: 400;\">Puff &amp; Pouch<\/span><\/td>\n<\/tr>\n<tr>\n<td><span style=\"font-weight: 400;\">Pr\u00edchu\u0165<\/span><\/td>\n<td><span style=\"font-weight: 400;\">Mango Jalape\u00f1o <\/span><\/td>\n<\/tr>\n<tr>\n<td><span style=\"font-weight: 400;\">Typ<\/span><\/td>\n<td><span style=\"font-weight: 400;\">Celobiele vrecko, bez tabaku<\/span><\/td>\n<\/tr>\n<\/tbody>\n<\/table>","protected":false},"excerpt":{"rendered":"<p>Puff &amp; Pouch Wasted Mango Jalape\u00f1o 16mg v <strong data-start=\"260\" data-end=\"268\">Slim<\/strong> prin\u00e1\u0161a v\u00fdrazn\u00fa a osvie\u017euj\u00facu chu\u0165 <strong>mango a jalape\u00f1o<\/strong> s <strong data-start=\"312\" data-end=\"321\">16 mg<\/strong> <strong>nikot\u00ednu na gram<\/strong>. Toto vrec\u00fa\u0161ko bez tabaku pon\u00faka siln\u00fd, ale vyv\u00e1\u017een\u00fd nikot\u00ednov\u00fd z\u00e1\u017eitok, ide\u00e1lny pre u\u017e\u00edvate\u013eov, ktor\u00ed maj\u00fa radi siln\u00fd, ale jemn\u00fd kick.<\/p>","protected":false},"featured_media":33365,"comment_status":"open","ping_status":"closed","template":"","format":[206],"meta":{"_acf_changed":false},"product_brand":[],"product_cat":[86],"product_tag":[16561],"flavours":[187,200],"nicotine":[213,232],"class_list":{"0":"post-33360","1":"product","2":"type-product","3":"status-publish","4":"has-post-thumbnail","6":"product_cat-puff-pouch","7":"product_tag-12-mg-pouch","8":"pa_quantity-1-pack","9":"pa_quantity-10-pack","10":"pa_quantity-3-pack","11":"pa_quantity-30-pack","12":"pa_quantity-5-pack","13":"pa_quantity-60-pack","14":"flavours-chili","15":"flavours-spices","16":"format-slim","17":"nicotine-16-mg-g","18":"nicotine-extra-strong","20":"first","21":"outofstock","22":"taxable","23":"shipping-taxable","24":"purchasable","25":"product-type-variable"},"acf":[],"_links":{"self":[{"href":"https:\/\/whitelip.com\/sk\/wp-json\/wp\/v2\/product\/33360","targetHints":{"allow":["GET"]}}],"collection":[{"href":"https:\/\/whitelip.com\/sk\/wp-json\/wp\/v2\/product"}],"about":[{"href":"https:\/\/whitelip.com\/sk\/wp-json\/wp\/v2\/types\/product"}],"replies":[{"embeddable":true,"href":"https:\/\/whitelip.com\/sk\/wp-json\/wp\/v2\/comments?post=33360"}],"wp:featuredmedia":[{"embeddable":true,"href":"https:\/\/whitelip.com\/sk\/wp-json\/wp\/v2\/media\/33365"}],"wp:attachment":[{"href":"https:\/\/whitelip.com\/sk\/wp-json\/wp\/v2\/media?parent=33360"}],"wp:term":[{"taxonomy":"product_brand","embeddable":true,"href":"https:\/\/whitelip.com\/sk\/wp-json\/wp\/v2\/product_brand?post=33360"},{"taxonomy":"product_cat","embeddable":true,"href":"https:\/\/whitelip.com\/sk\/wp-json\/wp\/v2\/product_cat?post=33360"},{"taxonomy":"product_tag","embeddable":true,"href":"https:\/\/whitelip.com\/sk\/wp-json\/wp\/v2\/product_tag?post=33360"},{"taxonomy":"flavours","embeddable":true,"href":"https:\/\/whitelip.com\/sk\/wp-json\/wp\/v2\/flavours?post=33360"},{"taxonomy":"format","embeddable":true,"href":"https:\/\/whitelip.com\/sk\/wp-json\/wp\/v2\/format?post=33360"},{"taxonomy":"nicotine","embeddable":true,"href":"https:\/\/whitelip.com\/sk\/wp-json\/wp\/v2\/nicotine?post=33360"}],"curies":[{"name":"wp","href":"https:\/\/api.w.org\/{rel}","templated":true}]}}