{"id":33082,"date":"2025-10-31T14:32:58","date_gmt":"2025-10-31T14:32:58","guid":{"rendered":"https:\/\/whitelip.com\/?post_type=product&#038;p=33082"},"modified":"2026-05-09T10:11:15","modified_gmt":"2026-05-09T10:11:15","slug":"pablo-exclusive-blueberry-cranberry-cherry","status":"publish","type":"product","link":"https:\/\/whitelip.com\/sk\/pablo\/pablo-exclusive-blueberry-cranberry-cherry\/","title":{"rendered":"PABLO Exclusive \u010cu\u010doriedka brusnica \u010dere\u0161\u0148a"},"content":{"rendered":"<p data-start=\"554\" data-end=\"884\">PABLO Exclusive Blueberry Cranberry Cherry in Slim pos\u00fava ovocn\u00fa intenzitu na vy\u0161\u0161iu \u00farove\u0148 v\u010faka trojitej zmesi bob\u00fa\u013e, ktor\u00e1 sp\u00e1ja sladkos\u0165, trpkos\u0165 a h\u013abku v dokonalej rovnov\u00e1he. Chu\u0165 sp\u00e1ja \u010du\u010doriedku, brusnicu a vi\u0161\u0148u do dynamick\u00e9ho, osvie\u017euj\u00faceho chu\u0165ov\u00e9ho z\u00e1\u017eitku, ktor\u00fd sa vyv\u00edja s ka\u017ed\u00fdm vrec\u00fa\u0161kom. Toto \u00faplne biele vrec\u00fa\u0161ko bez tabaku zo s\u00e9rie PABLO Exclusive, vyr\u00e1ban\u00e9 v Eur\u00f3pe spolo\u010dnos\u0165ou NGP Empire, kombinuje pr\u00e9miov\u00fa kvalitu s v\u00fdraznou chu\u0165ou a extr\u00e9mnou nikot\u00ednovou silou. Ka\u017ed\u00e9 vrec\u00fa\u0161ko obsahuje 30 mg nikot\u00ednu (50 mg\/g) a pon\u00faka jeden z najsilnej\u0161\u00edch pocitov dostupn\u00fdch na trhu, vytvoren\u00fd \u0161peci\u00e1lne pre sk\u00fasen\u00fdch u\u017e\u00edvate\u013eov, ktor\u00ed h\u013eadaj\u00fa maxim\u00e1lnu silu a uspokojenie. Form\u00e1t Slim zaru\u010duje diskr\u00e9tne a pohodln\u00e9 ulo\u017eenie pod pery, zatia\u013e \u010do postupn\u00e9 uvo\u013e\u0148ovanie pr\u00edchute a nikot\u00ednu poskytuje plynul\u00fd, dlhotrvaj\u00faci \u00fa\u010dinok. Bez tabaku, dymu a z\u00e1pachu, PABLO Exclusive Blueberry Cranberry Cherry prin\u00e1\u0161a \u010dist\u00fa, konzistentn\u00fa intenzitu, ide\u00e1lnu na ka\u017edodenn\u00e9 pou\u017e\u00edvanie alebo na chv\u00edle, ke\u010f potrebujete poriadnu vzpruhu.<\/p>\n<table>\n<tbody>\n<tr>\n<td><b>Atrib\u00fat<\/b><\/td>\n<td><b>Podrobnosti<\/b><\/td>\n<\/tr>\n<tr>\n<td><b>Obsah na plechovku<\/b><\/td>\n<td><span style=\"font-weight: 400;\">12 g (20 vrec\u00fa\u0161ok)<\/span><\/td>\n<\/tr>\n<tr>\n<td><b>Obsah nikot\u00ednu<\/b><\/td>\n<td><span style=\"font-weight: 400;\">50 mg\/g (30 mg na vrecko)<\/span><\/td>\n<\/tr>\n<tr>\n<td><b>Form\u00e1t vrecka<\/b><\/td>\n<td><span style=\"font-weight: 400;\">Slim<\/span><\/td>\n<\/tr>\n<tr>\n<td><b>V\u00fdrobca<\/b><\/td>\n<td><span style=\"font-weight: 400;\">Imp\u00e9rium N.G.P<\/span><\/td>\n<\/tr>\n<tr>\n<td><b>Pr\u00edchu\u0165<\/b><\/td>\n<td>Bobu\u013ea, brusnica, \u010dere\u0161\u0148a<\/td>\n<\/tr>\n<tr>\n<td><b>Typ<\/b><\/td>\n<td><span style=\"font-weight: 400;\">Celobiele vrecko, bez tabaku<\/span><\/td>\n<\/tr>\n<\/tbody>\n<\/table>","protected":false},"excerpt":{"rendered":"<p>PABLO Exclusive Blueberry Cranberry Cherry v <strong data-start=\"286\" data-end=\"294\">Slim<\/strong> prin\u00e1\u0161a odv\u00e1\u017enu kombin\u00e1ciu <strong data-start=\"318\" data-end=\"354\">\u010du\u010doriedky, brusnice a \u010dere\u0161ne<\/strong> s extr\u00e9mne siln\u00fdm nikot\u00ednom. Ka\u017ed\u00e9 vrecko bez tabaku obsahuje <strong data-start=\"424\" data-end=\"433\">30 mg<\/strong> <strong>z<\/strong> <strong>nikot\u00edn<\/strong>, a pon\u00faka intenz\u00edvny a aromatick\u00fd z\u00e1\u017eitok ur\u010den\u00fd pre sk\u00fasen\u00fdch pou\u017e\u00edvate\u013eov.<\/p>","protected":false},"featured_media":33087,"comment_status":"open","ping_status":"closed","template":"","format":[206],"meta":{"_acf_changed":false},"product_brand":[],"product_cat":[44],"product_tag":[16605],"flavours":[196],"nicotine":[233,226],"class_list":{"0":"post-33082","1":"product","2":"type-product","3":"status-publish","4":"has-post-thumbnail","6":"product_cat-pablo","7":"product_tag-30-mg-pouch","8":"pa_quantity-1-pack","9":"pa_quantity-10-pack","10":"pa_quantity-3-pack","11":"pa_quantity-30-pack","12":"pa_quantity-5-pack","13":"pa_quantity-60-pack","14":"flavours-fruits-berries","15":"format-slim","16":"nicotine-extreme","17":"nicotine-50-mg-g","19":"first","20":"instock","21":"taxable","22":"shipping-taxable","23":"purchasable","24":"product-type-variable"},"acf":[],"_links":{"self":[{"href":"https:\/\/whitelip.com\/sk\/wp-json\/wp\/v2\/product\/33082","targetHints":{"allow":["GET"]}}],"collection":[{"href":"https:\/\/whitelip.com\/sk\/wp-json\/wp\/v2\/product"}],"about":[{"href":"https:\/\/whitelip.com\/sk\/wp-json\/wp\/v2\/types\/product"}],"replies":[{"embeddable":true,"href":"https:\/\/whitelip.com\/sk\/wp-json\/wp\/v2\/comments?post=33082"}],"wp:featuredmedia":[{"embeddable":true,"href":"https:\/\/whitelip.com\/sk\/wp-json\/wp\/v2\/media\/33087"}],"wp:attachment":[{"href":"https:\/\/whitelip.com\/sk\/wp-json\/wp\/v2\/media?parent=33082"}],"wp:term":[{"taxonomy":"product_brand","embeddable":true,"href":"https:\/\/whitelip.com\/sk\/wp-json\/wp\/v2\/product_brand?post=33082"},{"taxonomy":"product_cat","embeddable":true,"href":"https:\/\/whitelip.com\/sk\/wp-json\/wp\/v2\/product_cat?post=33082"},{"taxonomy":"product_tag","embeddable":true,"href":"https:\/\/whitelip.com\/sk\/wp-json\/wp\/v2\/product_tag?post=33082"},{"taxonomy":"flavours","embeddable":true,"href":"https:\/\/whitelip.com\/sk\/wp-json\/wp\/v2\/flavours?post=33082"},{"taxonomy":"format","embeddable":true,"href":"https:\/\/whitelip.com\/sk\/wp-json\/wp\/v2\/format?post=33082"},{"taxonomy":"nicotine","embeddable":true,"href":"https:\/\/whitelip.com\/sk\/wp-json\/wp\/v2\/nicotine?post=33082"}],"curies":[{"name":"wp","href":"https:\/\/api.w.org\/{rel}","templated":true}]}}