{"id":33075,"date":"2025-10-31T14:26:55","date_gmt":"2025-10-31T14:26:55","guid":{"rendered":"https:\/\/whitelip.com\/?post_type=product&#038;p=33075"},"modified":"2026-04-30T10:11:10","modified_gmt":"2026-04-30T10:11:10","slug":"pablo-exclusive-pink-lemonade","status":"publish","type":"product","link":"https:\/\/whitelip.com\/sk\/pablo\/pablo-exclusive-pink-lemonade\/","title":{"rendered":"PABLO Exkluz\u00edvna ru\u017eov\u00e1 limon\u00e1da"},"content":{"rendered":"<p data-start=\"481\" data-end=\"952\">PABLO Exclusive Pink Lemonade in Slim kombinuje osvie\u017euj\u00facu pr\u00edchu\u0165 ru\u017eovej limon\u00e1dy s jednou z najsilnej\u0161\u00edch hlad\u00edn nikot\u00ednu v sortimente PABLO. Tento \u00faplne biely vrec\u00fa\u0161ko bez tabaku od NGP Empire prin\u00e1\u0161a \u017eiv\u00fa rovnov\u00e1hu sladk\u00fdch a citrusov\u00fdch t\u00f3nov pre osvie\u017euj\u00faci a z\u00e1rove\u0148 intenz\u00edvny pocit. Je ur\u010den\u00fd pre sk\u00fasen\u00fdch u\u017e\u00edvate\u013eov a nanovo definuje, ak\u00fd m\u00f4\u017ee by\u0165 pocit extr\u00e9mnej sily, pri\u010dom si zachov\u00e1va \u010dist\u00fa a pr\u00e9miov\u00fa kvalitu spojen\u00fa so zna\u010dkou PABLO. Ka\u017ed\u00e9 vrec\u00fa\u0161ko obsahuje 30 mg nikot\u00ednu (\u010do zodpoved\u00e1 50 mg\/g) a dod\u00e1va sa vo form\u00e1te Slim pre pohodln\u00e9 a diskr\u00e9tne ulo\u017eenie pod peru. S 20 vrec\u00fa\u0161kami v plechovke, z ktor\u00fdch ka\u017ed\u00e9 v\u00e1\u017ei 0,6 gramu, prin\u00e1\u0161a PABLO Exclusive Pink Lemonade konzistentn\u00fa silu, chu\u0165 a kvalitu v ka\u017edej porcii.<\/p>\n<table>\n<tbody>\n<tr>\n<td><b>Atrib\u00fat<\/b><\/td>\n<td><b>Podrobnosti<\/b><\/td>\n<\/tr>\n<tr>\n<td><b>Obsah na plechovku<\/b><\/td>\n<td><span style=\"font-weight: 400;\">12 g (20 vrec\u00fa\u0161ok)<\/span><\/td>\n<\/tr>\n<tr>\n<td><b>Obsah nikot\u00ednu<\/b><\/td>\n<td><span style=\"font-weight: 400;\">50 mg\/g (30 mg na vrecko)<\/span><\/td>\n<\/tr>\n<tr>\n<td><b>Form\u00e1t vrecka<\/b><\/td>\n<td><span style=\"font-weight: 400;\">Slim<\/span><\/td>\n<\/tr>\n<tr>\n<td><b>V\u00fdrobca<\/b><\/td>\n<td><span style=\"font-weight: 400;\">Imp\u00e9rium N.G.P<\/span><\/td>\n<\/tr>\n<tr>\n<td><b>Pr\u00edchu\u0165<\/b><\/td>\n<td>Ru\u017eov\u00e1 limon\u00e1da<\/td>\n<\/tr>\n<tr>\n<td><b>Typ<\/b><\/td>\n<td><span style=\"font-weight: 400;\">Celobiele vrecko, bez tabaku<\/span><\/td>\n<\/tr>\n<\/tbody>\n<\/table>","protected":false},"excerpt":{"rendered":"<p>PABLO Exclusive Pink Lemonade v <strong data-start=\"219\" data-end=\"227\">Slim<\/strong> prin\u00e1\u0161a ovocn\u00fd <strong data-start=\"246\" data-end=\"263\">ru\u017eov\u00e1 limon\u00e1da<\/strong> s mimoriadne silnou nikot\u00ednovou pr\u00edchu\u0165ou. Ka\u017ed\u00e9 biele vrec\u00fa\u0161ko bez tabaku obsahuje <strong data-start=\"359\" data-end=\"368\">30 mg<\/strong> <strong>nikot\u00ednu<\/strong>, a pon\u00faka v\u00fdkonn\u00e9 a osvie\u017euj\u00face prostredie pre sk\u00fasen\u00fdch pou\u017e\u00edvate\u013eov.<\/p>","protected":false},"featured_media":33080,"comment_status":"open","ping_status":"closed","template":"","format":[206],"meta":{"_acf_changed":false},"product_brand":[],"product_cat":[44],"product_tag":[16605],"flavours":[],"nicotine":[233,226],"class_list":{"0":"post-33075","1":"product","2":"type-product","3":"status-publish","4":"has-post-thumbnail","6":"product_cat-pablo","7":"product_tag-30-mg-pouch","8":"pa_quantity-1-pack","9":"pa_quantity-10-pack","10":"pa_quantity-3-pack","11":"pa_quantity-30-pack","12":"pa_quantity-5-pack","13":"pa_quantity-60-pack","14":"format-slim","15":"nicotine-extreme","16":"nicotine-50-mg-g","18":"first","19":"outofstock","20":"taxable","21":"shipping-taxable","22":"purchasable","23":"product-type-variable"},"acf":[],"_links":{"self":[{"href":"https:\/\/whitelip.com\/sk\/wp-json\/wp\/v2\/product\/33075","targetHints":{"allow":["GET"]}}],"collection":[{"href":"https:\/\/whitelip.com\/sk\/wp-json\/wp\/v2\/product"}],"about":[{"href":"https:\/\/whitelip.com\/sk\/wp-json\/wp\/v2\/types\/product"}],"replies":[{"embeddable":true,"href":"https:\/\/whitelip.com\/sk\/wp-json\/wp\/v2\/comments?post=33075"}],"wp:featuredmedia":[{"embeddable":true,"href":"https:\/\/whitelip.com\/sk\/wp-json\/wp\/v2\/media\/33080"}],"wp:attachment":[{"href":"https:\/\/whitelip.com\/sk\/wp-json\/wp\/v2\/media?parent=33075"}],"wp:term":[{"taxonomy":"product_brand","embeddable":true,"href":"https:\/\/whitelip.com\/sk\/wp-json\/wp\/v2\/product_brand?post=33075"},{"taxonomy":"product_cat","embeddable":true,"href":"https:\/\/whitelip.com\/sk\/wp-json\/wp\/v2\/product_cat?post=33075"},{"taxonomy":"product_tag","embeddable":true,"href":"https:\/\/whitelip.com\/sk\/wp-json\/wp\/v2\/product_tag?post=33075"},{"taxonomy":"flavours","embeddable":true,"href":"https:\/\/whitelip.com\/sk\/wp-json\/wp\/v2\/flavours?post=33075"},{"taxonomy":"format","embeddable":true,"href":"https:\/\/whitelip.com\/sk\/wp-json\/wp\/v2\/format?post=33075"},{"taxonomy":"nicotine","embeddable":true,"href":"https:\/\/whitelip.com\/sk\/wp-json\/wp\/v2\/nicotine?post=33075"}],"curies":[{"name":"wp","href":"https:\/\/api.w.org\/{rel}","templated":true}]}}