{"id":33065,"date":"2025-10-31T13:46:44","date_gmt":"2025-10-31T13:46:44","guid":{"rendered":"https:\/\/whitelip.com\/?post_type=product&#038;p=33065"},"modified":"2026-04-29T10:11:23","modified_gmt":"2026-04-29T10:11:23","slug":"pablo-exclusive-sour-blueberries","status":"publish","type":"product","link":"https:\/\/whitelip.com\/sk\/pablo\/pablo-exclusive-sour-blueberries\/","title":{"rendered":"PABLO Exkluz\u00edvne kysl\u00e9 \u010du\u010doriedky"},"content":{"rendered":"<p data-start=\"487\" data-end=\"824\">PABLO Exclusive Sour Blueberries in Slim je ur\u010den\u00fd pre t\u00fdch, ktor\u00ed h\u013eadaj\u00fa maxim\u00e1lnu silu a v\u00fdrazn\u00fa chu\u0165. Vyzna\u010duje sa ostrou a pikantnou chu\u0165ou \u010du\u010doriedok s ovocnou sladkos\u0165ou a pikantn\u00fdm okrajom, ktor\u00fd preb\u00fadza zmysly. Zmes sladk\u00e9ho a kysl\u00e9ho vytv\u00e1ra \u017eiv\u00fa, dlhotrvaj\u00facu chu\u0165, ktor\u00e1 sa nepodob\u00e1 ni\u010domu in\u00e9mu z radu PABLO. Tento \u010dlen exkluz\u00edvnej s\u00e9rie PABLO, vyr\u00e1ban\u00fd v Eur\u00f3pe spolo\u010dnos\u0165ou NGP Empire, v sebe sp\u00e1ja modern\u00fd dizajn, pr\u00e9miov\u00fa kvalitu a nekompromisn\u00fa intenzitu. Ka\u017ed\u00e9 \u00faplne biele vrec\u00fa\u0161ko bez tabaku obsahuje 30 mg nikot\u00ednu (celkovo 50 mg\/g), \u010do prin\u00e1\u0161a jeden z najsilnej\u0161\u00edch dostupn\u00fdch nikot\u00ednov\u00fdch z\u00e1\u017eitkov. S 20 vrec\u00fa\u0161kami v plechovke, z ktor\u00fdch ka\u017ed\u00e9 v\u00e1\u017ei 0,6 gramu, poskytuje PABLO Exclusive Sour Blueberries konzistentn\u00fa silu a chu\u0165 v diskr\u00e9tnom Slim form\u00e1te, vyvinutom \u0161peci\u00e1lne pre sk\u00fasen\u00fdch u\u017e\u00edvate\u013eov, ktor\u00ed t\u00fa\u017eia po extr\u00e9mnom nikot\u00ednovom z\u00e1\u017eitku.<\/p>\n<table>\n<tbody>\n<tr>\n<td><b>Atrib\u00fat<\/b><\/td>\n<td><b>Podrobnosti<\/b><\/td>\n<\/tr>\n<tr>\n<td><b>Obsah na plechovku<\/b><\/td>\n<td><span style=\"font-weight: 400;\">12 g (20 vrec\u00fa\u0161ok)<\/span><\/td>\n<\/tr>\n<tr>\n<td><b>Obsah nikot\u00ednu<\/b><\/td>\n<td><span style=\"font-weight: 400;\">50 mg\/g (30 mg na vrecko)<\/span><\/td>\n<\/tr>\n<tr>\n<td><b>Form\u00e1t vrecka<\/b><\/td>\n<td><span style=\"font-weight: 400;\">Slim<\/span><\/td>\n<\/tr>\n<tr>\n<td><b>V\u00fdrobca<\/b><\/td>\n<td><span style=\"font-weight: 400;\">Imp\u00e9rium N.G.P<\/span><\/td>\n<\/tr>\n<tr>\n<td><b>Pr\u00edchu\u0165<\/b><\/td>\n<td>Kysl\u00e9 bobu\u013ee (kysl\u00e1 bobu\u013ea)<\/td>\n<\/tr>\n<tr>\n<td><b>Typ<\/b><\/td>\n<td><span style=\"font-weight: 400;\">Celobiele vrecko, bez tabaku<\/span><\/td>\n<\/tr>\n<\/tbody>\n<\/table>","protected":false},"excerpt":{"rendered":"<p>PABLO Exclusive Kysl\u00e9 \u010du\u010doriedky v <strong data-start=\"238\" data-end=\"246\">Slim<\/strong> poskytuje intenz\u00edvny <strong data-start=\"267\" data-end=\"285\">kysl\u00e9 \u010du\u010doriedky<\/strong> chu\u0165 v kombin\u00e1cii s extr\u00e9mnou silou nikot\u00ednu. Ka\u017ed\u00e9 vrecko bez tabaku obsahuje <strong data-start=\"371\" data-end=\"380\">30 mg<\/strong> nikot\u00ednu a pon\u00faka siln\u00fd z\u00e1\u017eitok ur\u010den\u00fd pre sk\u00fasen\u00fdch u\u017e\u00edvate\u013eov.<\/p>","protected":false},"featured_media":33069,"comment_status":"open","ping_status":"closed","template":"","format":[206],"meta":{"_acf_changed":false},"product_brand":[],"product_cat":[44],"product_tag":[16605],"flavours":[196],"nicotine":[226,233],"class_list":{"0":"post-33065","1":"product","2":"type-product","3":"status-publish","4":"has-post-thumbnail","6":"product_cat-pablo","7":"product_tag-30-mg-pouch","8":"pa_quantity-1-pack","9":"pa_quantity-10-pack","10":"pa_quantity-3-pack","11":"pa_quantity-30-pack","12":"pa_quantity-5-pack","13":"pa_quantity-60-pack","14":"flavours-fruits-berries","15":"format-slim","16":"nicotine-50-mg-g","17":"nicotine-extreme","19":"first","20":"instock","21":"taxable","22":"shipping-taxable","23":"purchasable","24":"product-type-variable","25":"has-default-attributes"},"acf":[],"_links":{"self":[{"href":"https:\/\/whitelip.com\/sk\/wp-json\/wp\/v2\/product\/33065","targetHints":{"allow":["GET"]}}],"collection":[{"href":"https:\/\/whitelip.com\/sk\/wp-json\/wp\/v2\/product"}],"about":[{"href":"https:\/\/whitelip.com\/sk\/wp-json\/wp\/v2\/types\/product"}],"replies":[{"embeddable":true,"href":"https:\/\/whitelip.com\/sk\/wp-json\/wp\/v2\/comments?post=33065"}],"wp:featuredmedia":[{"embeddable":true,"href":"https:\/\/whitelip.com\/sk\/wp-json\/wp\/v2\/media\/33069"}],"wp:attachment":[{"href":"https:\/\/whitelip.com\/sk\/wp-json\/wp\/v2\/media?parent=33065"}],"wp:term":[{"taxonomy":"product_brand","embeddable":true,"href":"https:\/\/whitelip.com\/sk\/wp-json\/wp\/v2\/product_brand?post=33065"},{"taxonomy":"product_cat","embeddable":true,"href":"https:\/\/whitelip.com\/sk\/wp-json\/wp\/v2\/product_cat?post=33065"},{"taxonomy":"product_tag","embeddable":true,"href":"https:\/\/whitelip.com\/sk\/wp-json\/wp\/v2\/product_tag?post=33065"},{"taxonomy":"flavours","embeddable":true,"href":"https:\/\/whitelip.com\/sk\/wp-json\/wp\/v2\/flavours?post=33065"},{"taxonomy":"format","embeddable":true,"href":"https:\/\/whitelip.com\/sk\/wp-json\/wp\/v2\/format?post=33065"},{"taxonomy":"nicotine","embeddable":true,"href":"https:\/\/whitelip.com\/sk\/wp-json\/wp\/v2\/nicotine?post=33065"}],"curies":[{"name":"wp","href":"https:\/\/api.w.org\/{rel}","templated":true}]}}