{"id":32570,"date":"2025-10-27T11:40:45","date_gmt":"2025-10-27T11:40:45","guid":{"rendered":"https:\/\/whitelip.com\/?post_type=product&#038;p=32570"},"modified":"2026-04-17T13:24:36","modified_gmt":"2026-04-17T13:24:36","slug":"velo-shift-cool-peppermint","status":"publish","type":"product","link":"https:\/\/whitelip.com\/sk\/velo\/velo-shift-cool-peppermint\/","title":{"rendered":"VELO Shift Cool Peppermint"},"content":{"rendered":"<p data-start=\"404\" data-end=\"802\">VELO <strong data-start=\"409\" data-end=\"434\">Shift Cool Peppermint<\/strong> na str\u00e1nke <strong data-start=\"438\" data-end=\"446\">Slim<\/strong> je biele nikot\u00ednov\u00e9 vrec\u00fa\u0161ko od spolo\u010dnosti BAT, ktor\u00e9 pon\u00faka skvel\u00fa kombin\u00e1ciu m\u00e4tovej a mentolovej pr\u00edchute. V\u00fdrobok obsahuje nikot\u00edn, ale neobsahuje tabak a je klasifikovan\u00fd ako siln\u00fd. Vreck\u00e1 s\u00fa vyroben\u00e9 z rastlinn\u00fdch vl\u00e1kien a maj\u00fa zaoblen\u00e9 okraje, aby sa pohodlne dr\u017eali pod perou. \u0160es\u0165hrann\u00fd dizajn plechoviek je charakteristick\u00fd pre rad VELO Shift. Ka\u017ed\u00e9 vrecko obsahuje <strong data-start=\"824\" data-end=\"832\">8 mg<\/strong> nikot\u00ednu (obsah nikot\u00ednu 11,4 mg\/g) a <strong data-start=\"884\" data-end=\"892\">Slim<\/strong> Form\u00e1t poskytuje diskr\u00e9tne a \u00fazke uchytenie.<\/p>\n<table>\n<tbody>\n<tr>\n<td><b>Atrib\u00fat<\/b><\/td>\n<td><b>Podrobnosti<\/b><\/td>\n<\/tr>\n<tr>\n<td><span style=\"font-weight: 400;\">Zna\u010dka<\/span><\/td>\n<td><span style=\"font-weight: 400;\">VELO<\/span><\/td>\n<\/tr>\n<tr>\n<td><span style=\"font-weight: 400;\">Typ v\u00fdrobku<\/span><\/td>\n<td><span style=\"font-weight: 400;\">V\u0161etky biele nikot\u00ednov\u00e9 vreck\u00e1<\/span><\/td>\n<\/tr>\n<tr>\n<td><span style=\"font-weight: 400;\">Form\u00e1t<\/span><\/td>\n<td><span style=\"font-weight: 400;\">Slim<\/span><\/td>\n<\/tr>\n<tr>\n<td><span style=\"font-weight: 400;\">Pr\u00edchu\u0165<\/span><\/td>\n<td>peprmint, menthol<\/td>\n<\/tr>\n<tr>\n<td><span style=\"font-weight: 400;\">Sila nikot\u00ednu<\/span><\/td>\n<td><span style=\"font-weight: 400;\">11,4 mg\/g (8 mg na s\u00e1\u010dok)<\/span><\/td>\n<\/tr>\n<tr>\n<td><span style=\"font-weight: 400;\">Hmotnos\u0165 porcie<\/span><\/td>\n<td><span style=\"font-weight: 400;\">0,7 gramu<\/span><\/td>\n<\/tr>\n<tr>\n<td><span style=\"font-weight: 400;\">Po\u010det porci\u00ed<\/span><\/td>\n<td><span style=\"font-weight: 400;\">20 za plechovku<\/span><\/td>\n<\/tr>\n<tr>\n<td><span style=\"font-weight: 400;\">Celkov\u00e1 hmotnos\u0165 plechovky<\/span><\/td>\n<td><span style=\"font-weight: 400;\">14 gramov<\/span><\/td>\n<\/tr>\n<tr>\n<td><span style=\"font-weight: 400;\">V\u00fdrobca<\/span><\/td>\n<td><span style=\"font-weight: 400;\">BAT<\/span><\/td>\n<\/tr>\n<tr>\n<td><span style=\"font-weight: 400;\">Pozoruhodn\u00e9 funkcie<\/span><\/td>\n<td><span style=\"font-weight: 400;\">Bez tabaku, diskr\u00e9tne tenk\u00e9 porcie, vyv\u00e1\u017een\u00fd chu\u0165ov\u00fd profil<\/span><\/td>\n<\/tr>\n<\/tbody>\n<\/table>\n<h2 data-start=\"942\" data-end=\"955\">Funkcie<\/h2>\n<ul data-start=\"956\" data-end=\"1168\">\n<li data-start=\"956\" data-end=\"996\">\n<p data-start=\"958\" data-end=\"996\">Chu\u0165 <strong data-start=\"968\" data-end=\"982\">m\u00e4ta pieporn\u00e1<\/strong> a mentol<\/p>\n<\/li>\n<li data-start=\"997\" data-end=\"1035\">\n<p data-start=\"999\" data-end=\"1035\"><strong data-start=\"999\" data-end=\"1007\">Slim<\/strong> form\u00e1t so zaoblen\u00fdmi hranami<\/p>\n<\/li>\n<li data-start=\"1036\" data-end=\"1105\">\n<p data-start=\"1038\" data-end=\"1105\">Biele vrec\u00fa\u0161ko bez tabaku so siln\u00fdm obsahom nikot\u00ednu (<strong data-start=\"1094\" data-end=\"1102\">8 mg<\/strong>)<\/p>\n<\/li>\n<li data-start=\"1106\" data-end=\"1144\">\n<p data-start=\"1108\" data-end=\"1144\">\u0160es\u0165hrann\u00e1 plechovka s modern\u00fdm dizajnom<\/p>\n<\/li>\n<li data-start=\"1145\" data-end=\"1168\">\n<p data-start=\"1147\" data-end=\"1168\">Vyroben\u00e9 spolo\u010dnos\u0165ou BAT<\/p>\n<\/li>\n<\/ul>","protected":false},"excerpt":{"rendered":"<p>VELO <strong data-start=\"166\" data-end=\"191\">Shift Cool Peppermint<\/strong> na str\u00e1nke <strong data-start=\"195\" data-end=\"203\">Slim<\/strong> je biele vrec\u00fa\u0161ko bez tabaku so svie\u017eou m\u00e4tovo-mentolovou pr\u00edchu\u0165ou. Ka\u017ed\u00e9 vrecko obsahuje <strong data-start=\"298\" data-end=\"306\">8 mg<\/strong> nikot\u00ednu a dod\u00e1va sa v \u0161es\u0165hrannej plechovke so zaoblen\u00fdmi \u010das\u0165ami.<\/p>","protected":false},"featured_media":32575,"comment_status":"open","ping_status":"closed","template":"","format":[206],"meta":{"_acf_changed":false},"product_brand":[],"product_cat":[48],"product_tag":[16583],"flavours":[199],"nicotine":[208,236],"class_list":{"0":"post-32570","1":"product","2":"type-product","3":"status-publish","4":"has-post-thumbnail","6":"product_cat-velo","7":"product_tag-8-mg-pouch","8":"pa_quantity-1-pack","9":"pa_quantity-10-pack","10":"pa_quantity-3-pack","11":"pa_quantity-30-pack","12":"pa_quantity-5-pack","13":"pa_quantity-60-pack","14":"flavours-mint","15":"format-slim","16":"nicotine-11-mg-g","17":"nicotine-strong","19":"first","20":"instock","21":"taxable","22":"shipping-taxable","23":"purchasable","24":"product-type-variable"},"acf":[],"_links":{"self":[{"href":"https:\/\/whitelip.com\/sk\/wp-json\/wp\/v2\/product\/32570","targetHints":{"allow":["GET"]}}],"collection":[{"href":"https:\/\/whitelip.com\/sk\/wp-json\/wp\/v2\/product"}],"about":[{"href":"https:\/\/whitelip.com\/sk\/wp-json\/wp\/v2\/types\/product"}],"replies":[{"embeddable":true,"href":"https:\/\/whitelip.com\/sk\/wp-json\/wp\/v2\/comments?post=32570"}],"wp:featuredmedia":[{"embeddable":true,"href":"https:\/\/whitelip.com\/sk\/wp-json\/wp\/v2\/media\/32575"}],"wp:attachment":[{"href":"https:\/\/whitelip.com\/sk\/wp-json\/wp\/v2\/media?parent=32570"}],"wp:term":[{"taxonomy":"product_brand","embeddable":true,"href":"https:\/\/whitelip.com\/sk\/wp-json\/wp\/v2\/product_brand?post=32570"},{"taxonomy":"product_cat","embeddable":true,"href":"https:\/\/whitelip.com\/sk\/wp-json\/wp\/v2\/product_cat?post=32570"},{"taxonomy":"product_tag","embeddable":true,"href":"https:\/\/whitelip.com\/sk\/wp-json\/wp\/v2\/product_tag?post=32570"},{"taxonomy":"flavours","embeddable":true,"href":"https:\/\/whitelip.com\/sk\/wp-json\/wp\/v2\/flavours?post=32570"},{"taxonomy":"format","embeddable":true,"href":"https:\/\/whitelip.com\/sk\/wp-json\/wp\/v2\/format?post=32570"},{"taxonomy":"nicotine","embeddable":true,"href":"https:\/\/whitelip.com\/sk\/wp-json\/wp\/v2\/nicotine?post=32570"}],"curies":[{"name":"wp","href":"https:\/\/api.w.org\/{rel}","templated":true}]}}