{"id":32562,"date":"2025-10-27T11:35:52","date_gmt":"2025-10-27T11:35:52","guid":{"rendered":"https:\/\/whitelip.com\/?post_type=product&#038;p=32562"},"modified":"2026-04-15T19:15:04","modified_gmt":"2026-04-15T19:15:04","slug":"velo-shift-hot-peach","status":"publish","type":"product","link":"https:\/\/whitelip.com\/sk\/velo\/velo-shift-hot-peach\/","title":{"rendered":"VELO \u0160ichta Hot Peach"},"content":{"rendered":"<p data-start=\"393\" data-end=\"775\">VELO <strong data-start=\"398\" data-end=\"417\">Posun Hot Peach<\/strong> na str\u00e1nke <strong data-start=\"421\" data-end=\"429\">Slim<\/strong> je biely nikot\u00ednov\u00fd s\u00e1\u010dok od spolo\u010dnosti BAT s v\u00fdraznou brosky\u0148ovou pr\u00edchu\u0165ou a siln\u00fdm nikot\u00ednov\u00fdm profilom. V\u00fdrobok obsahuje nikot\u00edn, ale neobsahuje tabak a je klasifikovan\u00fd ako siln\u00fd. Vreck\u00e1 s\u00fa vyroben\u00e9 z rastlinn\u00fdch vl\u00e1kien a maj\u00fa zaoblen\u00e9 okraje pre pohodln\u00e9 dr\u017eanie pod perou. Plechovka m\u00e1 \u0161es\u0165uholn\u00edkov\u00fd tvar, charakteristick\u00fd pre l\u00edniu VELO Shift. Ka\u017ed\u00e9 vrecko obsahuje <strong data-start=\"797\" data-end=\"805\">8 mg<\/strong> nikot\u00ednu (obsah nikot\u00ednu 11,4 mg\/g) a dod\u00e1va sa v <strong data-start=\"865\" data-end=\"873\">Slim<\/strong> form\u00e1t pre diskr\u00e9tne a \u00fazke ulo\u017eenie.<\/p>\n<table>\n<tbody>\n<tr>\n<td><b>Atrib\u00fat<\/b><\/td>\n<td><b>Podrobnosti<\/b><\/td>\n<\/tr>\n<tr>\n<td><span style=\"font-weight: 400;\">Zna\u010dka<\/span><\/td>\n<td><span style=\"font-weight: 400;\">VELO<\/span><\/td>\n<\/tr>\n<tr>\n<td><span style=\"font-weight: 400;\">Typ v\u00fdrobku<\/span><\/td>\n<td><span style=\"font-weight: 400;\">V\u0161etky biele nikot\u00ednov\u00e9 vreck\u00e1<\/span><\/td>\n<\/tr>\n<tr>\n<td><span style=\"font-weight: 400;\">Form\u00e1t<\/span><\/td>\n<td><span style=\"font-weight: 400;\">Slim<\/span><\/td>\n<\/tr>\n<tr>\n<td><span style=\"font-weight: 400;\">Pr\u00edchu\u0165<\/span><\/td>\n<td><span style=\"font-weight: 400;\">Brosky\u0148a<\/span><\/td>\n<\/tr>\n<tr>\n<td><span style=\"font-weight: 400;\">Sila nikot\u00ednu<\/span><\/td>\n<td><span style=\"font-weight: 400;\">11,4 mg\/g (8 mg na s\u00e1\u010dok)<\/span><\/td>\n<\/tr>\n<tr>\n<td><span style=\"font-weight: 400;\">Hmotnos\u0165 porcie<\/span><\/td>\n<td><span style=\"font-weight: 400;\">0,7 gramu<\/span><\/td>\n<\/tr>\n<tr>\n<td><span style=\"font-weight: 400;\">Po\u010det porci\u00ed<\/span><\/td>\n<td><span style=\"font-weight: 400;\">20 za plechovku<\/span><\/td>\n<\/tr>\n<tr>\n<td><span style=\"font-weight: 400;\">Celkov\u00e1 hmotnos\u0165 plechovky<\/span><\/td>\n<td><span style=\"font-weight: 400;\">14 gramov<\/span><\/td>\n<\/tr>\n<tr>\n<td><span style=\"font-weight: 400;\">V\u00fdrobca<\/span><\/td>\n<td><span style=\"font-weight: 400;\">BAT<\/span><\/td>\n<\/tr>\n<tr>\n<td><span style=\"font-weight: 400;\">Pozoruhodn\u00e9 funkcie<\/span><\/td>\n<td><span style=\"font-weight: 400;\">Bez tabaku, diskr\u00e9tne tenk\u00e9 porcie, vyv\u00e1\u017een\u00fd chu\u0165ov\u00fd profil<\/span><\/td>\n<\/tr>\n<\/tbody>\n<\/table>\n<h2 data-start=\"918\" data-end=\"931\">Funkcie<\/h2>\n<ul data-start=\"932\" data-end=\"1135\">\n<li data-start=\"932\" data-end=\"959\">\n<p data-start=\"934\" data-end=\"959\">Ovocn\u00e9 <strong data-start=\"941\" data-end=\"950\">brosky\u0148a<\/strong> pr\u00edchu\u0165<\/p>\n<\/li>\n<li data-start=\"960\" data-end=\"998\">\n<p data-start=\"962\" data-end=\"998\"><strong data-start=\"962\" data-end=\"970\">Slim<\/strong> form\u00e1t so zaoblen\u00fdmi hranami<\/p>\n<\/li>\n<li data-start=\"999\" data-end=\"1068\">\n<p data-start=\"1001\" data-end=\"1068\">Biele vrec\u00fa\u0161ko bez tabaku so siln\u00fdm obsahom nikot\u00ednu (<strong data-start=\"1057\" data-end=\"1065\">8 mg<\/strong>)<\/p>\n<\/li>\n<li data-start=\"1069\" data-end=\"1111\">\n<p data-start=\"1071\" data-end=\"1111\">\u0160es\u0165hrann\u00e1 plechovka a rastlinn\u00fd materi\u00e1l<\/p>\n<\/li>\n<li data-start=\"1112\" data-end=\"1135\">\n<p data-start=\"1114\" data-end=\"1135\">Vyroben\u00e9 spolo\u010dnos\u0165ou BAT<\/p>\n<\/li>\n<\/ul>","protected":false},"excerpt":{"rendered":"<p>VELO <strong data-start=\"164\" data-end=\"183\">Posun Hot Peach<\/strong> na str\u00e1nke <strong data-start=\"187\" data-end=\"195\">Slim<\/strong> je biele vrec\u00fa\u0161ko bez tabaku so sladkou a ovocnou brosky\u0148ovou pr\u00edchu\u0165ou. Ka\u017ed\u00e9 vrecko obsahuje <strong data-start=\"284\" data-end=\"292\">8 mg<\/strong> nikot\u00ednu a m\u00e1 zaoblen\u00e9 hrany v \u0161es\u0165hrannej plechovke.<\/p>","protected":false},"featured_media":32567,"comment_status":"open","ping_status":"closed","template":"","format":[206],"meta":{"_acf_changed":false},"product_brand":[],"product_cat":[48],"product_tag":[16583],"flavours":[196],"nicotine":[208,236],"class_list":{"0":"post-32562","1":"product","2":"type-product","3":"status-publish","4":"has-post-thumbnail","6":"product_cat-velo","7":"product_tag-8-mg-pouch","8":"pa_quantity-1-pack","9":"pa_quantity-10-pack","10":"pa_quantity-3-pack","11":"pa_quantity-30-pack","12":"pa_quantity-5-pack","13":"pa_quantity-60-pack","14":"flavours-fruits-berries","15":"format-slim","16":"nicotine-11-mg-g","17":"nicotine-strong","19":"first","20":"instock","21":"taxable","22":"shipping-taxable","23":"purchasable","24":"product-type-variable"},"acf":[],"_links":{"self":[{"href":"https:\/\/whitelip.com\/sk\/wp-json\/wp\/v2\/product\/32562","targetHints":{"allow":["GET"]}}],"collection":[{"href":"https:\/\/whitelip.com\/sk\/wp-json\/wp\/v2\/product"}],"about":[{"href":"https:\/\/whitelip.com\/sk\/wp-json\/wp\/v2\/types\/product"}],"replies":[{"embeddable":true,"href":"https:\/\/whitelip.com\/sk\/wp-json\/wp\/v2\/comments?post=32562"}],"wp:featuredmedia":[{"embeddable":true,"href":"https:\/\/whitelip.com\/sk\/wp-json\/wp\/v2\/media\/32567"}],"wp:attachment":[{"href":"https:\/\/whitelip.com\/sk\/wp-json\/wp\/v2\/media?parent=32562"}],"wp:term":[{"taxonomy":"product_brand","embeddable":true,"href":"https:\/\/whitelip.com\/sk\/wp-json\/wp\/v2\/product_brand?post=32562"},{"taxonomy":"product_cat","embeddable":true,"href":"https:\/\/whitelip.com\/sk\/wp-json\/wp\/v2\/product_cat?post=32562"},{"taxonomy":"product_tag","embeddable":true,"href":"https:\/\/whitelip.com\/sk\/wp-json\/wp\/v2\/product_tag?post=32562"},{"taxonomy":"flavours","embeddable":true,"href":"https:\/\/whitelip.com\/sk\/wp-json\/wp\/v2\/flavours?post=32562"},{"taxonomy":"format","embeddable":true,"href":"https:\/\/whitelip.com\/sk\/wp-json\/wp\/v2\/format?post=32562"},{"taxonomy":"nicotine","embeddable":true,"href":"https:\/\/whitelip.com\/sk\/wp-json\/wp\/v2\/nicotine?post=32562"}],"curies":[{"name":"wp","href":"https:\/\/api.w.org\/{rel}","templated":true}]}}