{"id":32553,"date":"2025-10-27T11:28:52","date_gmt":"2025-10-27T11:28:52","guid":{"rendered":"https:\/\/whitelip.com\/?post_type=product&#038;p=32553"},"modified":"2026-05-09T10:11:23","modified_gmt":"2026-05-09T10:11:23","slug":"velo-shift-hot-grape","status":"publish","type":"product","link":"https:\/\/whitelip.com\/sk\/velo\/velo-shift-hot-grape\/","title":{"rendered":"VELO \u0160ichta Hot Grape"},"content":{"rendered":"<p data-start=\"401\" data-end=\"769\">VELO <strong data-start=\"406\" data-end=\"425\">Posun Hot Grape<\/strong> na str\u00e1nke <strong data-start=\"429\" data-end=\"437\">Slim<\/strong> je biele nikot\u00ednov\u00e9 vrec\u00fa\u0161ko od spolo\u010dnosti BAT so sladkou a ovocnou pr\u00edchu\u0165ou hrozna. V\u00fdrobok obsahuje nikot\u00edn, ale neobsahuje tabak a je klasifikovan\u00fd ako siln\u00fd. Vrec\u00fa\u0161ka s\u00fa vyroben\u00e9 z rastlinn\u00fdch vl\u00e1kien a maj\u00fa zaoblen\u00e9 okraje pre pohodln\u00e9 dr\u017eanie pod perou. Plechovka m\u00e1 \u0161es\u0165uholn\u00edkov\u00fd tvar, typick\u00fd pre rad VELO Shift. Ka\u017ed\u00e9 vrec\u00fa\u0161ko obsahuje <strong data-start=\"791\" data-end=\"799\">8 mg<\/strong> nikot\u00ednu (obsah nikot\u00ednu 11,4 mg\/g) a <strong data-start=\"851\" data-end=\"859\">Slim<\/strong> Form\u00e1t poskytuje \u00fazky a diskr\u00e9tny profil.<\/p>\n<table>\n<tbody>\n<tr>\n<td><b>Atrib\u00fat<\/b><\/td>\n<td><b>Podrobnosti<\/b><\/td>\n<\/tr>\n<tr>\n<td><span style=\"font-weight: 400;\">Zna\u010dka<\/span><\/td>\n<td><span style=\"font-weight: 400;\">VELO<\/span><\/td>\n<\/tr>\n<tr>\n<td><span style=\"font-weight: 400;\">Typ v\u00fdrobku<\/span><\/td>\n<td><span style=\"font-weight: 400;\">V\u0161etky biele nikot\u00ednov\u00e9 vreck\u00e1<\/span><\/td>\n<\/tr>\n<tr>\n<td><span style=\"font-weight: 400;\">Form\u00e1t<\/span><\/td>\n<td><span style=\"font-weight: 400;\">Slim<\/span><\/td>\n<\/tr>\n<tr>\n<td><span style=\"font-weight: 400;\">Pr\u00edchu\u0165<\/span><\/td>\n<td><span style=\"font-weight: 400;\">Grep<\/span><\/td>\n<\/tr>\n<tr>\n<td><span style=\"font-weight: 400;\">Sila nikot\u00ednu<\/span><\/td>\n<td><span style=\"font-weight: 400;\">11,4 mg\/g (8 mg na s\u00e1\u010dok)<\/span><\/td>\n<\/tr>\n<tr>\n<td><span style=\"font-weight: 400;\">Hmotnos\u0165 porcie<\/span><\/td>\n<td><span style=\"font-weight: 400;\">0,7 gramu<\/span><\/td>\n<\/tr>\n<tr>\n<td><span style=\"font-weight: 400;\">Po\u010det porci\u00ed<\/span><\/td>\n<td><span style=\"font-weight: 400;\">20 za plechovku<\/span><\/td>\n<\/tr>\n<tr>\n<td><span style=\"font-weight: 400;\">Celkov\u00e1 hmotnos\u0165 plechovky<\/span><\/td>\n<td><span style=\"font-weight: 400;\">14 gramov<\/span><\/td>\n<\/tr>\n<tr>\n<td><span style=\"font-weight: 400;\">V\u00fdrobca<\/span><\/td>\n<td><span style=\"font-weight: 400;\">BAT<\/span><\/td>\n<\/tr>\n<tr>\n<td><span style=\"font-weight: 400;\">Pozoruhodn\u00e9 funkcie<\/span><\/td>\n<td><span style=\"font-weight: 400;\">Bez tabaku, diskr\u00e9tne tenk\u00e9 porcie, vyv\u00e1\u017een\u00fd chu\u0165ov\u00fd profil<\/span><\/td>\n<\/tr>\n<\/tbody>\n<\/table>\n<h2 data-start=\"913\" data-end=\"926\">Funkcie<\/h2>\n<ul data-start=\"927\" data-end=\"1126\">\n<li data-start=\"927\" data-end=\"954\">\n<p data-start=\"929\" data-end=\"954\">Ovocn\u00e9 <strong data-start=\"936\" data-end=\"945\">hrozno<\/strong> pr\u00edchu\u0165<\/p>\n<\/li>\n<li data-start=\"955\" data-end=\"993\">\n<p data-start=\"957\" data-end=\"993\"><strong data-start=\"957\" data-end=\"965\">Slim<\/strong> form\u00e1t so zaoblen\u00fdmi hranami<\/p>\n<\/li>\n<li data-start=\"994\" data-end=\"1063\">\n<p data-start=\"996\" data-end=\"1063\">Biele vrec\u00fa\u0161ko bez tabaku so siln\u00fdm obsahom nikot\u00ednu (<strong data-start=\"1052\" data-end=\"1060\">8 mg<\/strong>)<\/p>\n<\/li>\n<li data-start=\"1064\" data-end=\"1102\">\n<p data-start=\"1066\" data-end=\"1102\">\u0160es\u0165hrann\u00e1 plechovka s modern\u00fdm dizajnom<\/p>\n<\/li>\n<li data-start=\"1103\" data-end=\"1126\">\n<p data-start=\"1105\" data-end=\"1126\">Vyroben\u00e9 spolo\u010dnos\u0165ou BAT<\/p>\n<\/li>\n<\/ul>","protected":false},"excerpt":{"rendered":"<p>VELO <strong data-start=\"156\" data-end=\"175\">Posun Hot Grape<\/strong> na str\u00e1nke <strong data-start=\"179\" data-end=\"187\">Slim<\/strong> je biely vrec\u00fa\u0161ko bez tabaku s ovocnou pr\u00edchu\u0165ou hrozna a siln\u00fdm nikot\u00ednom. Ka\u017ed\u00e9 vrec\u00fa\u0161ko obsahuje <strong data-start=\"295\" data-end=\"303\">8 mg<\/strong> nikot\u00ednu a dod\u00e1va sa v \u0161es\u0165hrannej plechovke so zaoblen\u00fdmi \u010das\u0165ami.<\/p>","protected":false},"featured_media":96191,"comment_status":"open","ping_status":"closed","template":"","format":[206],"meta":{"_acf_changed":false},"product_brand":[],"product_cat":[48],"product_tag":[16445,16583],"flavours":[196],"nicotine":[208,236],"class_list":{"0":"post-32553","1":"product","2":"type-product","3":"status-publish","4":"has-post-thumbnail","6":"product_cat-velo","7":"product_tag-20-off","8":"product_tag-8-mg-pouch","9":"pa_quantity-1-pack","10":"pa_quantity-10-pack","11":"pa_quantity-3-pack","12":"pa_quantity-30-pack","13":"pa_quantity-5-pack","14":"pa_quantity-60-pack","15":"flavours-fruits-berries","16":"format-slim","17":"nicotine-11-mg-g","18":"nicotine-strong","20":"first","21":"instock","22":"sale","23":"taxable","24":"shipping-taxable","25":"purchasable","26":"product-type-variable"},"acf":[],"_links":{"self":[{"href":"https:\/\/whitelip.com\/sk\/wp-json\/wp\/v2\/product\/32553","targetHints":{"allow":["GET"]}}],"collection":[{"href":"https:\/\/whitelip.com\/sk\/wp-json\/wp\/v2\/product"}],"about":[{"href":"https:\/\/whitelip.com\/sk\/wp-json\/wp\/v2\/types\/product"}],"replies":[{"embeddable":true,"href":"https:\/\/whitelip.com\/sk\/wp-json\/wp\/v2\/comments?post=32553"}],"wp:featuredmedia":[{"embeddable":true,"href":"https:\/\/whitelip.com\/sk\/wp-json\/wp\/v2\/media\/96191"}],"wp:attachment":[{"href":"https:\/\/whitelip.com\/sk\/wp-json\/wp\/v2\/media?parent=32553"}],"wp:term":[{"taxonomy":"product_brand","embeddable":true,"href":"https:\/\/whitelip.com\/sk\/wp-json\/wp\/v2\/product_brand?post=32553"},{"taxonomy":"product_cat","embeddable":true,"href":"https:\/\/whitelip.com\/sk\/wp-json\/wp\/v2\/product_cat?post=32553"},{"taxonomy":"product_tag","embeddable":true,"href":"https:\/\/whitelip.com\/sk\/wp-json\/wp\/v2\/product_tag?post=32553"},{"taxonomy":"flavours","embeddable":true,"href":"https:\/\/whitelip.com\/sk\/wp-json\/wp\/v2\/flavours?post=32553"},{"taxonomy":"format","embeddable":true,"href":"https:\/\/whitelip.com\/sk\/wp-json\/wp\/v2\/format?post=32553"},{"taxonomy":"nicotine","embeddable":true,"href":"https:\/\/whitelip.com\/sk\/wp-json\/wp\/v2\/nicotine?post=32553"}],"curies":[{"name":"wp","href":"https:\/\/api.w.org\/{rel}","templated":true}]}}