{"id":32540,"date":"2025-10-27T11:13:34","date_gmt":"2025-10-27T11:13:34","guid":{"rendered":"https:\/\/whitelip.com\/?post_type=product&#038;p=32540"},"modified":"2026-05-11T10:11:54","modified_gmt":"2026-05-11T10:11:54","slug":"velo-shift-hot-spearmint","status":"publish","type":"product","link":"https:\/\/whitelip.com\/sk\/velo\/velo-shift-hot-spearmint\/","title":{"rendered":"VELO \u0160ichta Hot Spearmint"},"content":{"rendered":"<p data-start=\"401\" data-end=\"770\">VELO <strong data-start=\"406\" data-end=\"429\">Shift Hot Spearmint<\/strong> na str\u00e1nke <strong data-start=\"433\" data-end=\"441\">Slim<\/strong> je biely nik\u00f3tinov\u00fd s\u00e1\u010dok od BAT s jasnou pr\u00edch\u0165ou spearmint. Produkt obsahuje nik\u00f3t\u00edn, ale bez tab\u00e1ka a je klasifikovan\u00fd ako siln\u00fd. S\u00e1\u010dky s\u00fa vyroben\u00e9 z rastlinn\u00fdch vl\u00e1kien a s\u00fa navrhnut\u00e9 so zaoblen\u00fdmi hranami pre pohodln\u00fd \u00fakon pod perami. \u0160es\u0165hrann\u00fd dizajn plechovky je charakteristick\u00fd pre rad VELO Shift. Ka\u017ed\u00fd s\u00e1\u010dok obsahuje <strong data-start=\"792\" data-end=\"800\">8 mg<\/strong> nikot\u00ednu (obsah nikot\u00ednu 11,4 mg\/g) a <strong data-start=\"852\" data-end=\"860\">Slim<\/strong> Form\u00e1t poskytuje diskr\u00e9tne a \u00fazke uchytenie.<\/p>\n<table>\n<tbody>\n<tr>\n<td><b>Atrib\u00fat<\/b><\/td>\n<td><b>Podrobnosti<\/b><\/td>\n<\/tr>\n<tr>\n<td><span style=\"font-weight: 400;\">Zna\u010dka<\/span><\/td>\n<td><span style=\"font-weight: 400;\">VELO<\/span><\/td>\n<\/tr>\n<tr>\n<td><span style=\"font-weight: 400;\">Typ v\u00fdrobku<\/span><\/td>\n<td><span style=\"font-weight: 400;\">V\u0161etky biele nikot\u00ednov\u00e9 vreck\u00e1<\/span><\/td>\n<\/tr>\n<tr>\n<td><span style=\"font-weight: 400;\">Form\u00e1t<\/span><\/td>\n<td><span style=\"font-weight: 400;\">Slim<\/span><\/td>\n<\/tr>\n<tr>\n<td><span style=\"font-weight: 400;\">Pr\u00edchu\u0165<\/span><\/td>\n<td><span style=\"font-weight: 400;\">M\u00e4ta pieporn\u00e1<\/span><\/td>\n<\/tr>\n<tr>\n<td><span style=\"font-weight: 400;\">Sila nikot\u00ednu<\/span><\/td>\n<td><span style=\"font-weight: 400;\">11,4 mg\/g (8 mg na s\u00e1\u010dok)<\/span><\/td>\n<\/tr>\n<tr>\n<td><span style=\"font-weight: 400;\">Hmotnos\u0165 porcie<\/span><\/td>\n<td><span style=\"font-weight: 400;\">0,7 gramu<\/span><\/td>\n<\/tr>\n<tr>\n<td><span style=\"font-weight: 400;\">Po\u010det porci\u00ed<\/span><\/td>\n<td><span style=\"font-weight: 400;\">20 za plechovku<\/span><\/td>\n<\/tr>\n<tr>\n<td><span style=\"font-weight: 400;\">Celkov\u00e1 hmotnos\u0165 plechovky<\/span><\/td>\n<td><span style=\"font-weight: 400;\">14 gramov<\/span><\/td>\n<\/tr>\n<tr>\n<td><span style=\"font-weight: 400;\">V\u00fdrobca<\/span><\/td>\n<td><span style=\"font-weight: 400;\">BAT<\/span><\/td>\n<\/tr>\n<tr>\n<td><span style=\"font-weight: 400;\">Pozoruhodn\u00e9 funkcie<\/span><\/td>\n<td><span style=\"font-weight: 400;\">Bez tabaku, diskr\u00e9tne tenk\u00e9 porcie, vyv\u00e1\u017een\u00fd chu\u0165ov\u00fd profil<\/span><\/td>\n<\/tr>\n<\/tbody>\n<\/table>\n<h2 data-start=\"910\" data-end=\"923\">Funkcie<\/h2>\n<ul data-start=\"924\" data-end=\"1127\">\n<li data-start=\"924\" data-end=\"951\">\n<p data-start=\"926\" data-end=\"951\">Chu\u0165 <strong data-start=\"936\" data-end=\"949\">m\u00e4ta pieporn\u00e1<\/strong><\/p>\n<\/li>\n<li data-start=\"952\" data-end=\"990\">\n<p data-start=\"954\" data-end=\"990\"><strong data-start=\"954\" data-end=\"962\">Slim<\/strong> form\u00e1t so zaoblen\u00fdmi hranami<\/p>\n<\/li>\n<li data-start=\"991\" data-end=\"1060\">\n<p data-start=\"993\" data-end=\"1060\">Biele vrec\u00fa\u0161ko bez tabaku so siln\u00fdm obsahom nikot\u00ednu (<strong data-start=\"1049\" data-end=\"1057\">8 mg<\/strong>)<\/p>\n<\/li>\n<li data-start=\"1061\" data-end=\"1103\">\n<p data-start=\"1063\" data-end=\"1103\">\u0160es\u0165hrann\u00e1 plechovka a rastlinn\u00fd materi\u00e1l<\/p>\n<\/li>\n<li data-start=\"1104\" data-end=\"1127\">\n<p data-start=\"1106\" data-end=\"1127\">Vyroben\u00e9 spolo\u010dnos\u0165ou BAT<\/p>\n<\/li>\n<\/ul>","protected":false},"excerpt":{"rendered":"<p>VELO <strong data-start=\"184\" data-end=\"207\">Shift Hot Spearmint<\/strong> na str\u00e1nke <strong data-start=\"211\" data-end=\"219\">Slim<\/strong> je biele vrec\u00fa\u0161ko bez tabaku s m\u00e4tovou pr\u00edchu\u0165ou. Ka\u017ed\u00e9 vrecko obsahuje <strong data-start=\"295\" data-end=\"303\">8 mg<\/strong> nikot\u00ednu a dod\u00e1va sa v \u0161es\u0165hrannej plechovke so zaoblen\u00fdmi \u010das\u0165ami.<\/p>","protected":false},"featured_media":32545,"comment_status":"open","ping_status":"closed","template":"","format":[206],"meta":{"_acf_changed":false},"product_brand":[],"product_cat":[48],"product_tag":[16583],"flavours":[199],"nicotine":[208,236],"class_list":{"0":"post-32540","1":"product","2":"type-product","3":"status-publish","4":"has-post-thumbnail","6":"product_cat-velo","7":"product_tag-8-mg-pouch","8":"pa_quantity-1-pack","9":"pa_quantity-10-pack","10":"pa_quantity-3-pack","11":"pa_quantity-30-pack","12":"pa_quantity-5-pack","13":"pa_quantity-60-pack","14":"flavours-mint","15":"format-slim","16":"nicotine-11-mg-g","17":"nicotine-strong","19":"first","20":"instock","21":"taxable","22":"shipping-taxable","23":"purchasable","24":"product-type-variable"},"acf":[],"_links":{"self":[{"href":"https:\/\/whitelip.com\/sk\/wp-json\/wp\/v2\/product\/32540","targetHints":{"allow":["GET"]}}],"collection":[{"href":"https:\/\/whitelip.com\/sk\/wp-json\/wp\/v2\/product"}],"about":[{"href":"https:\/\/whitelip.com\/sk\/wp-json\/wp\/v2\/types\/product"}],"replies":[{"embeddable":true,"href":"https:\/\/whitelip.com\/sk\/wp-json\/wp\/v2\/comments?post=32540"}],"wp:featuredmedia":[{"embeddable":true,"href":"https:\/\/whitelip.com\/sk\/wp-json\/wp\/v2\/media\/32545"}],"wp:attachment":[{"href":"https:\/\/whitelip.com\/sk\/wp-json\/wp\/v2\/media?parent=32540"}],"wp:term":[{"taxonomy":"product_brand","embeddable":true,"href":"https:\/\/whitelip.com\/sk\/wp-json\/wp\/v2\/product_brand?post=32540"},{"taxonomy":"product_cat","embeddable":true,"href":"https:\/\/whitelip.com\/sk\/wp-json\/wp\/v2\/product_cat?post=32540"},{"taxonomy":"product_tag","embeddable":true,"href":"https:\/\/whitelip.com\/sk\/wp-json\/wp\/v2\/product_tag?post=32540"},{"taxonomy":"flavours","embeddable":true,"href":"https:\/\/whitelip.com\/sk\/wp-json\/wp\/v2\/flavours?post=32540"},{"taxonomy":"format","embeddable":true,"href":"https:\/\/whitelip.com\/sk\/wp-json\/wp\/v2\/format?post=32540"},{"taxonomy":"nicotine","embeddable":true,"href":"https:\/\/whitelip.com\/sk\/wp-json\/wp\/v2\/nicotine?post=32540"}],"curies":[{"name":"wp","href":"https:\/\/api.w.org\/{rel}","templated":true}]}}