{"id":30035,"date":"2025-10-09T13:21:34","date_gmt":"2025-10-09T13:21:34","guid":{"rendered":"https:\/\/whitelip.com\/?post_type=product&#038;p=30035"},"modified":"2026-05-01T10:10:48","modified_gmt":"2026-05-01T10:10:48","slug":"zyn-cactus-spice-16mg","status":"publish","type":"product","link":"https:\/\/whitelip.com\/sk\/zyn\/zyn-cactus-spice-16mg\/","title":{"rendered":"ZYN Cactus Spice 11mg"},"content":{"rendered":"<h2>ZYN Cactus Spice 11mg<\/h2>\n<p><span style=\"font-weight: 400;\">ZYN Cactus Spice 11 mg pon\u00faka ostr\u00fd a osvie\u017euj\u00faci z\u00e1\u017eitok z <strong>kaktus, limetka a \u010dili<\/strong>. Ka\u017ed\u00e9 vrec\u00fa\u0161ko je ur\u010den\u00e9 pre sk\u00fasen\u00fdch u\u017e\u00edvate\u013eov a dod\u00e1va siln\u00fdch 11 mg nikot\u00ednu s v\u00fdrazn\u00fdm, korenist\u00fdm z\u00e1verom, ktor\u00fd preb\u00fadza zmysly. Tento siln\u00fd kaktusov\u00fd profil je ide\u00e1lny pre t\u00fdch, ktor\u00ed h\u013eadaj\u00fa maxim\u00e1lnu intenzitu chuti aj sily.<\/span><\/p>\n<p><span style=\"font-weight: 400;\">V\u010faka svojmu \u0161t\u00edhlemu, \u00faplne bielemu form\u00e1tu sa ZYN Cactus Spice pohodlne a diskr\u00e9tne umiestni pod pery bez toho, aby zafarbil zuby. Je vyroben\u00fd v\u00fdlu\u010dne z rastlinn\u00fdch materi\u00e1lov a neobsahuje tabak, tak\u017ee prin\u00e1\u0161a \u010dist\u00fa a uspokojiv\u00fa alternat\u00edvu pre modern\u00e9 u\u017e\u00edvanie nikot\u00ednu s energick\u00fdm, korenist\u00fdm n\u00e1dychom.<\/span><\/p>\n<table>\n<tbody>\n<tr>\n<td><b>Atrib\u00fat<\/b><\/td>\n<td><b>Podrobnosti<\/b><\/td>\n<\/tr>\n<tr>\n<td><span style=\"font-weight: 400;\">Zna\u010dka<\/span><\/td>\n<td><span style=\"font-weight: 400;\">ZYN<\/span><\/td>\n<\/tr>\n<tr>\n<td><span style=\"font-weight: 400;\">Typ v\u00fdrobku<\/span><\/td>\n<td><span style=\"font-weight: 400;\">V\u0161etky biele nikot\u00ednov\u00e9 vreck\u00e1<\/span><\/td>\n<\/tr>\n<tr>\n<td><span style=\"font-weight: 400;\">Form\u00e1t<\/span><\/td>\n<td><span style=\"font-weight: 400;\">Slim<\/span><\/td>\n<\/tr>\n<tr>\n<td><span style=\"font-weight: 400;\">Pr\u00edchu\u0165<\/span><\/td>\n<td><span style=\"font-weight: 400;\">Kaktus, limetka a chilli<\/span><\/td>\n<\/tr>\n<tr>\n<td><span style=\"font-weight: 400;\">Sila nikot\u00ednu<\/span><\/td>\n<td><span style=\"font-weight: 400;\">11 mg na vrec\u00fa\u0161ko (16 mg\/g)<\/span><\/td>\n<\/tr>\n<tr>\n<td><span style=\"font-weight: 400;\">Hmotnos\u0165 porcie<\/span><\/td>\n<td><span style=\"font-weight: 400;\">0,7 gramu<\/span><\/td>\n<\/tr>\n<tr>\n<td><span style=\"font-weight: 400;\">Po\u010det porci\u00ed<\/span><\/td>\n<td><span style=\"font-weight: 400;\">21 za plechovku<\/span><\/td>\n<\/tr>\n<tr>\n<td><span style=\"font-weight: 400;\">Celkov\u00e1 hmotnos\u0165 plechovky<\/span><\/td>\n<td><span style=\"font-weight: 400;\">14,3 gramov<\/span><\/td>\n<\/tr>\n<tr>\n<td><span style=\"font-weight: 400;\">V\u00fdrobca<\/span><\/td>\n<td><span style=\"font-weight: 400;\">\u0160v\u00e9dska z\u00e1palka<\/span><\/td>\n<\/tr>\n<tr>\n<td><span style=\"font-weight: 400;\">Pozoruhodn\u00e9 funkcie<\/span><\/td>\n<td><span style=\"font-weight: 400;\">Bez tab\u00e1ku, \u0161t\u00edhly form\u00e1t, intenz\u00edvny mentol s vysokou nikot\u00ednovou silou<\/span><\/td>\n<\/tr>\n<\/tbody>\n<\/table>","protected":false},"excerpt":{"rendered":"<p>ZYN <strong data-start=\"4\" data-end=\"20\">Kaktusov\u00e9 korenie<\/strong> prin\u00e1\u0161a ostr\u00fa, osvie\u017euj\u00facu zmes kaktusu, limetky a \u010dili s odv\u00e1\u017enym, pikantn\u00fdm z\u00e1verom pre sk\u00fasen\u00fdch u\u017e\u00edvate\u013eov. Ka\u017ed\u00e9 vrecko obsahuje <strong data-start=\"150\" data-end=\"168\">11 mg nikot\u00ednu<\/strong> pre siln\u00fd a stabiln\u00fd kop.<\/p>","protected":false},"featured_media":30039,"comment_status":"open","ping_status":"closed","template":"","format":[206],"meta":{"_acf_changed":false},"product_brand":[],"product_cat":[37],"product_tag":[16551],"flavours":[190,187,196],"nicotine":[213,232],"class_list":{"0":"post-30035","1":"product","2":"type-product","3":"status-publish","4":"has-post-thumbnail","6":"product_cat-zyn","7":"product_tag-11-mg-pouch","8":"pa_quantity-1-pack","9":"pa_quantity-10-pack","10":"pa_quantity-3-pack","11":"pa_quantity-30-pack","12":"pa_quantity-5-pack","13":"pa_quantity-60-pack","14":"flavours-citrus","15":"flavours-chili","16":"flavours-fruits-berries","17":"format-slim","18":"nicotine-16-mg-g","19":"nicotine-extra-strong","21":"first","22":"instock","23":"taxable","24":"shipping-taxable","25":"purchasable","26":"product-type-variable"},"acf":[],"_links":{"self":[{"href":"https:\/\/whitelip.com\/sk\/wp-json\/wp\/v2\/product\/30035","targetHints":{"allow":["GET"]}}],"collection":[{"href":"https:\/\/whitelip.com\/sk\/wp-json\/wp\/v2\/product"}],"about":[{"href":"https:\/\/whitelip.com\/sk\/wp-json\/wp\/v2\/types\/product"}],"replies":[{"embeddable":true,"href":"https:\/\/whitelip.com\/sk\/wp-json\/wp\/v2\/comments?post=30035"}],"wp:featuredmedia":[{"embeddable":true,"href":"https:\/\/whitelip.com\/sk\/wp-json\/wp\/v2\/media\/30039"}],"wp:attachment":[{"href":"https:\/\/whitelip.com\/sk\/wp-json\/wp\/v2\/media?parent=30035"}],"wp:term":[{"taxonomy":"product_brand","embeddable":true,"href":"https:\/\/whitelip.com\/sk\/wp-json\/wp\/v2\/product_brand?post=30035"},{"taxonomy":"product_cat","embeddable":true,"href":"https:\/\/whitelip.com\/sk\/wp-json\/wp\/v2\/product_cat?post=30035"},{"taxonomy":"product_tag","embeddable":true,"href":"https:\/\/whitelip.com\/sk\/wp-json\/wp\/v2\/product_tag?post=30035"},{"taxonomy":"flavours","embeddable":true,"href":"https:\/\/whitelip.com\/sk\/wp-json\/wp\/v2\/flavours?post=30035"},{"taxonomy":"format","embeddable":true,"href":"https:\/\/whitelip.com\/sk\/wp-json\/wp\/v2\/format?post=30035"},{"taxonomy":"nicotine","embeddable":true,"href":"https:\/\/whitelip.com\/sk\/wp-json\/wp\/v2\/nicotine?post=30035"}],"curies":[{"name":"wp","href":"https:\/\/api.w.org\/{rel}","templated":true}]}}