{"id":29051,"date":"2025-10-01T14:09:51","date_gmt":"2025-10-01T14:09:51","guid":{"rendered":"https:\/\/whitelip.com\/?post_type=product&#038;p=29051"},"modified":"2026-05-01T10:10:48","modified_gmt":"2026-05-01T10:10:48","slug":"fumi-salty-violet","status":"publish","type":"product","link":"https:\/\/whitelip.com\/sk\/fumi\/fumi-salty-violet\/","title":{"rendered":"FUMI Slan\u00e1 fialov\u00e1"},"content":{"rendered":"<h2><b>FUMI Slan\u00e1 fialov\u00e1<\/b><\/h2>\n<p><span style=\"font-weight: 400;\">FUMI Salty Violet prin\u00e1\u0161a jemn\u00fa kvetinov\u00fa sladkos\u0165 fialky spojen\u00fa s odv\u00e1\u017enym slan\u00fdm n\u00e1dychom, \u010d\u00edm vytv\u00e1ra jedine\u010dn\u00fd a sofistikovan\u00fd nikot\u00ednov\u00fd z\u00e1\u017eitok. Tieto tenk\u00e9 nikot\u00ednov\u00e9 vrec\u00fa\u0161ka s\u00fa ur\u010den\u00e9 pre pou\u017e\u00edvate\u013eov, ktor\u00ed ocenia dobrodru\u017en\u00e9 pr\u00edchute s rovnomern\u00fdm uvo\u013e\u0148ovan\u00edm nikot\u00ednu 4 mg na vrec\u00fa\u0161ko. Pohodln\u00e9 a diskr\u00e9tne pod perou, FUMI Salty Violet poskytuje \u010dist\u00fa alternat\u00edvu tradi\u010dn\u00e9ho tabaku bez \u0161kv\u0155n. Kombin\u00e1cia kvetinovej elegancie a slan\u00fdch t\u00f3nov z nej rob\u00ed v\u00fdrazn\u00fa vo\u013ebu v sortimente FUMI.<\/span><\/p>\n<table>\n<tbody>\n<tr>\n<td><b>Atrib\u00fat<\/b><\/td>\n<td><b>Podrobnosti<\/b><\/td>\n<\/tr>\n<tr>\n<td><span style=\"font-weight: 400;\">Obsah na plechovku<\/span><\/td>\n<td><span style=\"font-weight: 400;\">14 g (20 vrec\u00fa\u0161ok)<\/span><\/td>\n<\/tr>\n<tr>\n<td><span style=\"font-weight: 400;\">Obsah nikot\u00ednu<\/span><\/td>\n<td><span style=\"font-weight: 400;\">6 mg\/g<\/span><\/td>\n<\/tr>\n<tr>\n<td><span style=\"font-weight: 400;\">Form\u00e1t vrecka<\/span><\/td>\n<td><span style=\"font-weight: 400;\">Slim<\/span><\/td>\n<\/tr>\n<tr>\n<td><span style=\"font-weight: 400;\">V\u00fdrobca<\/span><\/td>\n<td><span style=\"font-weight: 400;\">FUMI<\/span><\/td>\n<\/tr>\n<tr>\n<td><span style=\"font-weight: 400;\">Pr\u00edchu\u0165<\/span><\/td>\n<td><span style=\"font-weight: 400;\">Fialov\u00e1 a slan\u00e1<\/span><\/td>\n<\/tr>\n<tr>\n<td><span style=\"font-weight: 400;\">Typ<\/span><\/td>\n<td><span style=\"font-weight: 400;\">Celobiele vrecko, bez tabaku<\/span><\/td>\n<\/tr>\n<\/tbody>\n<\/table>","protected":false},"excerpt":{"rendered":"<p>Delik\u00e1tne <strong>fialov\u00e1<\/strong> t\u00f3ny vyv\u00e1\u017een\u00e9 v\u00fdrazn\u00fdm slan\u00fdm n\u00e1dychom pre rafinovan\u00fa chu\u0165 in\u0161pirovan\u00fa \u0161kandin\u00e1vskou kuchy\u0148ou. Na <strong>\u0161t\u00edhly<\/strong>, diskr\u00e9tny form\u00e1t pohodlne sed\u00ed pod perou a umo\u017e\u0148uje jednoduch\u00e9 ka\u017edodenn\u00e9 pou\u017e\u00edvanie. Ka\u017ed\u00e9 vrecko poskytuje <strong data-start=\"244\" data-end=\"261\">4 mg nikot\u00ednu<\/strong> pre \u010dist\u00fd, hladk\u00fd a ne\u0161piniv\u00fd z\u00e1\u017eitok.<\/p>","protected":false},"featured_media":29055,"comment_status":"open","ping_status":"closed","template":"","format":[206],"meta":{"_acf_changed":false},"product_brand":[],"product_cat":[245],"product_tag":[16585],"flavours":[202,198],"nicotine":[228,235],"class_list":{"0":"post-29051","1":"product","2":"type-product","3":"status-publish","4":"has-post-thumbnail","6":"product_cat-fumi","7":"product_tag-4-mg-pouch","8":"pa_quantity-1-pack","9":"pa_quantity-10-pack","10":"pa_quantity-3-pack","11":"pa_quantity-30-pack","12":"pa_quantity-5-pack","13":"pa_quantity-60-pack","14":"flavours-violet","15":"flavours-licorice","16":"format-slim","17":"nicotine-6-mg-g","18":"nicotine-normal","20":"first","21":"instock","22":"taxable","23":"shipping-taxable","24":"purchasable","25":"product-type-variable"},"acf":[],"_links":{"self":[{"href":"https:\/\/whitelip.com\/sk\/wp-json\/wp\/v2\/product\/29051","targetHints":{"allow":["GET"]}}],"collection":[{"href":"https:\/\/whitelip.com\/sk\/wp-json\/wp\/v2\/product"}],"about":[{"href":"https:\/\/whitelip.com\/sk\/wp-json\/wp\/v2\/types\/product"}],"replies":[{"embeddable":true,"href":"https:\/\/whitelip.com\/sk\/wp-json\/wp\/v2\/comments?post=29051"}],"wp:featuredmedia":[{"embeddable":true,"href":"https:\/\/whitelip.com\/sk\/wp-json\/wp\/v2\/media\/29055"}],"wp:attachment":[{"href":"https:\/\/whitelip.com\/sk\/wp-json\/wp\/v2\/media?parent=29051"}],"wp:term":[{"taxonomy":"product_brand","embeddable":true,"href":"https:\/\/whitelip.com\/sk\/wp-json\/wp\/v2\/product_brand?post=29051"},{"taxonomy":"product_cat","embeddable":true,"href":"https:\/\/whitelip.com\/sk\/wp-json\/wp\/v2\/product_cat?post=29051"},{"taxonomy":"product_tag","embeddable":true,"href":"https:\/\/whitelip.com\/sk\/wp-json\/wp\/v2\/product_tag?post=29051"},{"taxonomy":"flavours","embeddable":true,"href":"https:\/\/whitelip.com\/sk\/wp-json\/wp\/v2\/flavours?post=29051"},{"taxonomy":"format","embeddable":true,"href":"https:\/\/whitelip.com\/sk\/wp-json\/wp\/v2\/format?post=29051"},{"taxonomy":"nicotine","embeddable":true,"href":"https:\/\/whitelip.com\/sk\/wp-json\/wp\/v2\/nicotine?post=29051"}],"curies":[{"name":"wp","href":"https:\/\/api.w.org\/{rel}","templated":true}]}}