{"id":29046,"date":"2025-10-01T14:09:51","date_gmt":"2025-10-01T14:09:51","guid":{"rendered":"https:\/\/whitelip.com\/?post_type=product&#038;p=29046"},"modified":"2026-04-14T00:46:29","modified_gmt":"2026-04-14T00:46:29","slug":"fumi-salty-raspberry","status":"publish","type":"product","link":"https:\/\/whitelip.com\/sk\/fumi\/fumi-salty-raspberry\/","title":{"rendered":"FUMI Slan\u00e1 malina"},"content":{"rendered":"<h2><b>FUMI Slan\u00e1 malina<\/b><\/h2>\n<p><span style=\"font-weight: 400;\">FUMI Salty Raspberry kombinuje \u0161\u0165avnat\u00fa sladkos\u0165 zrel\u00fdch mal\u00edn s v\u00fdrazn\u00fdm slan\u00fdm n\u00e1dychom, \u010d\u00edm vytv\u00e1ra odv\u00e1\u017eny a jedine\u010dn\u00fd \u0161kandin\u00e1vsky nikot\u00ednov\u00fd z\u00e1\u017eitok. Tieto tenk\u00e9 nikot\u00ednov\u00e9 vrec\u00fa\u0161ka s\u00fa ur\u010den\u00e9 pre pou\u017e\u00edvate\u013eov, ktor\u00ed maj\u00fa radi dobrodru\u017en\u00e9 chu\u0165ov\u00e9 profily s rovnomern\u00fdm uvo\u013e\u0148ovan\u00edm nikot\u00ednu 4 mg na vrec\u00fa\u0161ko. Pohodln\u00e9 a diskr\u00e9tne pod perou, FUMI Salty Raspberry poskytuje \u010dist\u00fa alternat\u00edvu tradi\u010dn\u00fdch v\u00fdrobkov bez \u0161kv\u0155n. V\u010faka vyv\u00e1\u017eenosti sladk\u00fdch a slan\u00fdch t\u00f3nov je osvie\u017euj\u00facou a vzru\u0161uj\u00facou vo\u013ebou na ka\u017edodenn\u00e9 pou\u017e\u00edvanie.<\/span><\/p>\n<table>\n<tbody>\n<tr>\n<td><b>Atrib\u00fat<\/b><\/td>\n<td><b>Podrobnosti<\/b><\/td>\n<\/tr>\n<tr>\n<td><span style=\"font-weight: 400;\">Obsah na plechovku<\/span><\/td>\n<td><span style=\"font-weight: 400;\">14 g (20 vrec\u00fa\u0161ok)<\/span><\/td>\n<\/tr>\n<tr>\n<td><span style=\"font-weight: 400;\">Obsah nikot\u00ednu<\/span><\/td>\n<td><span style=\"font-weight: 400;\">6 mg\/g<\/span><\/td>\n<\/tr>\n<tr>\n<td><span style=\"font-weight: 400;\">Form\u00e1t vrecka<\/span><\/td>\n<td><span style=\"font-weight: 400;\">Slim<\/span><\/td>\n<\/tr>\n<tr>\n<td><span style=\"font-weight: 400;\">V\u00fdrobca<\/span><\/td>\n<td><span style=\"font-weight: 400;\">FUMI<\/span><\/td>\n<\/tr>\n<tr>\n<td><span style=\"font-weight: 400;\">Pr\u00edchu\u0165<\/span><\/td>\n<td><span style=\"font-weight: 400;\">Malina a slan\u00fd<\/span><\/td>\n<\/tr>\n<tr>\n<td><span style=\"font-weight: 400;\">Typ<\/span><\/td>\n<td><span style=\"font-weight: 400;\">Celobiele vrecko, bez tabaku<\/span><\/td>\n<\/tr>\n<\/tbody>\n<\/table>","protected":false},"excerpt":{"rendered":"<p>Sladk\u00e9, zrel\u00e9 <strong>malina<\/strong> s v\u00fdrazn\u00fdm slan\u00fdm pr\u00edzvukom pre v\u00fdrazn\u00fa chu\u0165 v severskom \u0161t\u00fdle. Na str\u00e1nke . <strong>\u0161t\u00edhly<\/strong>, diskr\u00e9tne ulo\u017eenie pohodlne spo\u010d\u00edva pod perou, tak\u017ee si ho m\u00f4\u017eete vychutna\u0165 kdeko\u013evek. Ka\u017ed\u00e9 vrecko poskytuje <strong data-start=\"238\" data-end=\"255\">4 mg nikot\u00ednu<\/strong> pre \u010dist\u00fd a vyv\u00e1\u017een\u00fd ka\u017edodenn\u00fd v\u00fdber.<\/p>","protected":false},"featured_media":29050,"comment_status":"open","ping_status":"closed","template":"","format":[206],"meta":{"_acf_changed":false},"product_brand":[],"product_cat":[245],"product_tag":[16585],"flavours":[196,198],"nicotine":[228,235],"class_list":{"0":"post-29046","1":"product","2":"type-product","3":"status-publish","4":"has-post-thumbnail","6":"product_cat-fumi","7":"product_tag-4-mg-pouch","8":"pa_quantity-1-pack","9":"pa_quantity-10-pack","10":"pa_quantity-3-pack","11":"pa_quantity-30-pack","12":"pa_quantity-5-pack","13":"pa_quantity-60-pack","14":"flavours-fruits-berries","15":"flavours-licorice","16":"format-slim","17":"nicotine-6-mg-g","18":"nicotine-normal","20":"first","21":"instock","22":"taxable","23":"shipping-taxable","24":"purchasable","25":"product-type-variable"},"acf":[],"_links":{"self":[{"href":"https:\/\/whitelip.com\/sk\/wp-json\/wp\/v2\/product\/29046","targetHints":{"allow":["GET"]}}],"collection":[{"href":"https:\/\/whitelip.com\/sk\/wp-json\/wp\/v2\/product"}],"about":[{"href":"https:\/\/whitelip.com\/sk\/wp-json\/wp\/v2\/types\/product"}],"replies":[{"embeddable":true,"href":"https:\/\/whitelip.com\/sk\/wp-json\/wp\/v2\/comments?post=29046"}],"wp:featuredmedia":[{"embeddable":true,"href":"https:\/\/whitelip.com\/sk\/wp-json\/wp\/v2\/media\/29050"}],"wp:attachment":[{"href":"https:\/\/whitelip.com\/sk\/wp-json\/wp\/v2\/media?parent=29046"}],"wp:term":[{"taxonomy":"product_brand","embeddable":true,"href":"https:\/\/whitelip.com\/sk\/wp-json\/wp\/v2\/product_brand?post=29046"},{"taxonomy":"product_cat","embeddable":true,"href":"https:\/\/whitelip.com\/sk\/wp-json\/wp\/v2\/product_cat?post=29046"},{"taxonomy":"product_tag","embeddable":true,"href":"https:\/\/whitelip.com\/sk\/wp-json\/wp\/v2\/product_tag?post=29046"},{"taxonomy":"flavours","embeddable":true,"href":"https:\/\/whitelip.com\/sk\/wp-json\/wp\/v2\/flavours?post=29046"},{"taxonomy":"format","embeddable":true,"href":"https:\/\/whitelip.com\/sk\/wp-json\/wp\/v2\/format?post=29046"},{"taxonomy":"nicotine","embeddable":true,"href":"https:\/\/whitelip.com\/sk\/wp-json\/wp\/v2\/nicotine?post=29046"}],"curies":[{"name":"wp","href":"https:\/\/api.w.org\/{rel}","templated":true}]}}