{"id":29041,"date":"2025-10-01T14:09:52","date_gmt":"2025-10-01T14:09:52","guid":{"rendered":"https:\/\/whitelip.com\/?post_type=product&#038;p=29041"},"modified":"2026-04-29T17:30:17","modified_gmt":"2026-04-29T17:30:17","slug":"fumi-freezy-mint","status":"publish","type":"product","link":"https:\/\/whitelip.com\/sk\/fumi\/fumi-freezy-mint\/","title":{"rendered":"FUMI Freezy Mint"},"content":{"rendered":"<h2><b>FUMI Freezy Mint<\/b><\/h2>\n<p><span style=\"font-weight: 400;\">FUMI Freezy Mint prin\u00e1\u0161a ostr\u00fa a osvie\u017euj\u00facu m\u00e4tov\u00fa pr\u00edchu\u0165 s extra chladiv\u00fdm \u00fa\u010dinkom, ktor\u00e1 pon\u00faka svie\u017ei a osvie\u017euj\u00faci nikot\u00ednov\u00fd z\u00e1\u017eitok. Tieto tenk\u00e9 nikot\u00ednov\u00e9 vrec\u00fa\u0161ka s\u00fa ur\u010den\u00e9 pre pou\u017e\u00edvate\u013eov, ktor\u00ed maj\u00fa radi klasick\u00fd mraziv\u00fd pocit m\u00e4ty s rovnomern\u00fdm uvo\u013e\u0148ovan\u00edm nikot\u00ednu 4 mg na vrec\u00fa\u0161ko. Pohodln\u00e9 a diskr\u00e9tne pod perou, FUMI Freezy Mint poskytuje \u010dist\u00fa alternat\u00edvu tradi\u010dn\u00fdch v\u00fdrobkov bez \u0161kv\u0155n. V\u010faka svojmu v\u00fdrazn\u00e9mu a chladiv\u00e9mu profilu je ide\u00e1lnou vo\u013ebou pre milovn\u00edkov m\u00e4ty, ktor\u00ed h\u013eadaj\u00fa svie\u017eos\u0165 a silu.<\/span><\/p>\n<table>\n<tbody>\n<tr>\n<td><b>Atrib\u00fat<\/b><\/td>\n<td><b>Podrobnosti<\/b><\/td>\n<\/tr>\n<tr>\n<td><span style=\"font-weight: 400;\">Obsah na plechovku<\/span><\/td>\n<td><span style=\"font-weight: 400;\">14 g (20 vrec\u00fa\u0161ok)<\/span><\/td>\n<\/tr>\n<tr>\n<td><span style=\"font-weight: 400;\">Obsah nikot\u00ednu<\/span><\/td>\n<td><span style=\"font-weight: 400;\">6 mg\/g<\/span><\/td>\n<\/tr>\n<tr>\n<td><span style=\"font-weight: 400;\">Form\u00e1t vrecka<\/span><\/td>\n<td><span style=\"font-weight: 400;\">Slim<\/span><\/td>\n<\/tr>\n<tr>\n<td><span style=\"font-weight: 400;\">V\u00fdrobca<\/span><\/td>\n<td><span style=\"font-weight: 400;\">FUMI<\/span><\/td>\n<\/tr>\n<tr>\n<td><span style=\"font-weight: 400;\">Pr\u00edchu\u0165<\/span><\/td>\n<td><span style=\"font-weight: 400;\">M\u00e4ta (Freezy Mint)<\/span><\/td>\n<\/tr>\n<tr>\n<td><span style=\"font-weight: 400;\">Typ<\/span><\/td>\n<td><span style=\"font-weight: 400;\">Celobiele vrecko, bez tabaku<\/span><\/td>\n<\/tr>\n<\/tbody>\n<\/table>","protected":false},"excerpt":{"rendered":"<p>Chrumkav\u00e9, osvie\u017euj\u00face <strong>m\u00e4ta<\/strong> s mimoriadne chladivou povrchovou \u00fapravou. Str\u00e1nka <strong>\u0161t\u00edhly<\/strong>, diskr\u00e9tne sed\u00ed pohodlne pod perou, ide\u00e1lny na svie\u017eos\u0165 na cest\u00e1ch. Ka\u017ed\u00e9 vrecko poskytuje <strong data-start=\"202\" data-end=\"219\">4 mg nikot\u00ednu<\/strong> pre \u010dist\u00fd, mraziv\u00fd z\u00e1\u017eitok z m\u00e4ty bez tabaku alebo \u0161kv\u0155n.<\/p>","protected":false},"featured_media":29045,"comment_status":"open","ping_status":"closed","template":"","format":[206],"meta":{"_acf_changed":false},"product_brand":[],"product_cat":[245],"product_tag":[16585],"flavours":[199],"nicotine":[228,235],"class_list":{"0":"post-29041","1":"product","2":"type-product","3":"status-publish","4":"has-post-thumbnail","6":"product_cat-fumi","7":"product_tag-4-mg-pouch","8":"pa_quantity-1-pack","9":"pa_quantity-10-pack","10":"pa_quantity-3-pack","11":"pa_quantity-30-pack","12":"pa_quantity-5-pack","13":"pa_quantity-60-pack","14":"flavours-mint","15":"format-slim","16":"nicotine-6-mg-g","17":"nicotine-normal","19":"first","20":"instock","21":"taxable","22":"shipping-taxable","23":"purchasable","24":"product-type-variable"},"acf":[],"_links":{"self":[{"href":"https:\/\/whitelip.com\/sk\/wp-json\/wp\/v2\/product\/29041","targetHints":{"allow":["GET"]}}],"collection":[{"href":"https:\/\/whitelip.com\/sk\/wp-json\/wp\/v2\/product"}],"about":[{"href":"https:\/\/whitelip.com\/sk\/wp-json\/wp\/v2\/types\/product"}],"replies":[{"embeddable":true,"href":"https:\/\/whitelip.com\/sk\/wp-json\/wp\/v2\/comments?post=29041"}],"wp:featuredmedia":[{"embeddable":true,"href":"https:\/\/whitelip.com\/sk\/wp-json\/wp\/v2\/media\/29045"}],"wp:attachment":[{"href":"https:\/\/whitelip.com\/sk\/wp-json\/wp\/v2\/media?parent=29041"}],"wp:term":[{"taxonomy":"product_brand","embeddable":true,"href":"https:\/\/whitelip.com\/sk\/wp-json\/wp\/v2\/product_brand?post=29041"},{"taxonomy":"product_cat","embeddable":true,"href":"https:\/\/whitelip.com\/sk\/wp-json\/wp\/v2\/product_cat?post=29041"},{"taxonomy":"product_tag","embeddable":true,"href":"https:\/\/whitelip.com\/sk\/wp-json\/wp\/v2\/product_tag?post=29041"},{"taxonomy":"flavours","embeddable":true,"href":"https:\/\/whitelip.com\/sk\/wp-json\/wp\/v2\/flavours?post=29041"},{"taxonomy":"format","embeddable":true,"href":"https:\/\/whitelip.com\/sk\/wp-json\/wp\/v2\/format?post=29041"},{"taxonomy":"nicotine","embeddable":true,"href":"https:\/\/whitelip.com\/sk\/wp-json\/wp\/v2\/nicotine?post=29041"}],"curies":[{"name":"wp","href":"https:\/\/api.w.org\/{rel}","templated":true}]}}