{"id":29010,"date":"2025-10-01T14:09:53","date_gmt":"2025-10-01T14:09:53","guid":{"rendered":"https:\/\/whitelip.com\/?post_type=product&#038;p=29010"},"modified":"2026-05-09T11:55:47","modified_gmt":"2026-05-09T11:55:47","slug":"fumi-prickly-pear-strong","status":"publish","type":"product","link":"https:\/\/whitelip.com\/sk\/fumi\/fumi-prickly-pear-strong\/","title":{"rendered":"FUMI Opuncia siln\u00e1"},"content":{"rendered":"<h2><b>FUMI Opuncia siln\u00e1<\/b><\/h2>\n<p><span style=\"font-weight: 400;\">FUMI Prickly Pear Strong prin\u00e1\u0161a exotick\u00fa, \u0161\u0165avnat\u00fa sladkos\u0165 opuncie v kombin\u00e1cii s osvie\u017euj\u00facou pr\u00edchu\u0165ou pre jedine\u010dn\u00fd a \u017eiv\u00fd nikot\u00ednov\u00fd z\u00e1\u017eitok. Tieto tenk\u00e9 nikot\u00ednov\u00e9 vrec\u00fa\u0161ka s\u00fa ur\u010den\u00e9 pre pou\u017e\u00edvate\u013eov, ktor\u00ed maj\u00fa radi v\u00fdrazn\u00e9 ovocn\u00e9 pr\u00edchute so silou nikot\u00ednu 8 mg na vrec\u00fa\u0161ko. Pohodln\u00e9 a diskr\u00e9tne pod perou, FUMI Prickly Pear Strong s\u00fa ide\u00e1lne na pou\u017eitie na cest\u00e1ch a pon\u00fakaj\u00fa \u010dist\u00fa alternat\u00edvu tradi\u010dn\u00fdch v\u00fdrobkov bez \u0161kv\u0155n. V\u010faka vyv\u00e1\u017eenej sladkosti a svie\u017eosti je v\u00fdnimo\u010dnou vo\u013ebou v sortimente FUMI.<\/span><\/p>\n<table>\n<tbody>\n<tr>\n<td><b>Atrib\u00fat<\/b><\/td>\n<td><b>Podrobnosti<\/b><\/td>\n<\/tr>\n<tr>\n<td><span style=\"font-weight: 400;\">Obsah na plechovku<\/span><\/td>\n<td><span style=\"font-weight: 400;\">14 g (20 vrec\u00fa\u0161ok)<\/span><\/td>\n<\/tr>\n<tr>\n<td><span style=\"font-weight: 400;\">Obsah nikot\u00ednu<\/span><\/td>\n<td><span style=\"font-weight: 400;\">11 mg\/g<\/span><\/td>\n<\/tr>\n<tr>\n<td><span style=\"font-weight: 400;\">Form\u00e1t vrecka<\/span><\/td>\n<td><span style=\"font-weight: 400;\">Slim<\/span><\/td>\n<\/tr>\n<tr>\n<td><span style=\"font-weight: 400;\">V\u00fdrobca<\/span><\/td>\n<td><span style=\"font-weight: 400;\">FUMI<\/span><\/td>\n<\/tr>\n<tr>\n<td><span style=\"font-weight: 400;\">Pr\u00edchu\u0165<\/span><\/td>\n<td><span style=\"font-weight: 400;\">Opuncie<\/span><\/td>\n<\/tr>\n<tr>\n<td><span style=\"font-weight: 400;\">Typ<\/span><\/td>\n<td><span style=\"font-weight: 400;\">Celobiele vrecko, bez tabaku<\/span><\/td>\n<\/tr>\n<\/tbody>\n<\/table>","protected":false},"excerpt":{"rendered":"<p>Exotick\u00e9, \u0161\u0165avnat\u00e9 pich\u013eav\u00e9 <strong>hru\u0161ka<\/strong> s osvie\u017euj\u00facou pr\u00edchu\u0165ou, aby ste z\u00edskali \u017eiv\u00fd ovocn\u00fd hit. Na <strong>\u0161t\u00edhly<\/strong>, diskr\u00e9tne sed\u00ed pohodlne pod perou, ide\u00e1lne na cesty. Ka\u017ed\u00e9 vrecko poskytuje <strong data-start=\"221\" data-end=\"238\">8 mg nikot\u00ednu<\/strong>, ktor\u00e9 pon\u00fakaj\u00fa \u010dist\u00fd a siln\u00fd z\u00e1\u017eitok bez \u0161kv\u0155n.<\/p>","protected":false},"featured_media":29014,"comment_status":"open","ping_status":"closed","template":"","format":[206],"meta":{"_acf_changed":false},"product_brand":[],"product_cat":[245],"product_tag":[16583],"flavours":[196],"nicotine":[208,236],"class_list":{"0":"post-29010","1":"product","2":"type-product","3":"status-publish","4":"has-post-thumbnail","6":"product_cat-fumi","7":"product_tag-8-mg-pouch","8":"pa_quantity-1-pack","9":"pa_quantity-10-pack","10":"pa_quantity-3-pack","11":"pa_quantity-30-pack","12":"pa_quantity-5-pack","13":"pa_quantity-60-pack","14":"flavours-fruits-berries","15":"format-slim","16":"nicotine-11-mg-g","17":"nicotine-strong","19":"first","20":"instock","21":"taxable","22":"shipping-taxable","23":"purchasable","24":"product-type-variable"},"acf":[],"_links":{"self":[{"href":"https:\/\/whitelip.com\/sk\/wp-json\/wp\/v2\/product\/29010","targetHints":{"allow":["GET"]}}],"collection":[{"href":"https:\/\/whitelip.com\/sk\/wp-json\/wp\/v2\/product"}],"about":[{"href":"https:\/\/whitelip.com\/sk\/wp-json\/wp\/v2\/types\/product"}],"replies":[{"embeddable":true,"href":"https:\/\/whitelip.com\/sk\/wp-json\/wp\/v2\/comments?post=29010"}],"wp:featuredmedia":[{"embeddable":true,"href":"https:\/\/whitelip.com\/sk\/wp-json\/wp\/v2\/media\/29014"}],"wp:attachment":[{"href":"https:\/\/whitelip.com\/sk\/wp-json\/wp\/v2\/media?parent=29010"}],"wp:term":[{"taxonomy":"product_brand","embeddable":true,"href":"https:\/\/whitelip.com\/sk\/wp-json\/wp\/v2\/product_brand?post=29010"},{"taxonomy":"product_cat","embeddable":true,"href":"https:\/\/whitelip.com\/sk\/wp-json\/wp\/v2\/product_cat?post=29010"},{"taxonomy":"product_tag","embeddable":true,"href":"https:\/\/whitelip.com\/sk\/wp-json\/wp\/v2\/product_tag?post=29010"},{"taxonomy":"flavours","embeddable":true,"href":"https:\/\/whitelip.com\/sk\/wp-json\/wp\/v2\/flavours?post=29010"},{"taxonomy":"format","embeddable":true,"href":"https:\/\/whitelip.com\/sk\/wp-json\/wp\/v2\/format?post=29010"},{"taxonomy":"nicotine","embeddable":true,"href":"https:\/\/whitelip.com\/sk\/wp-json\/wp\/v2\/nicotine?post=29010"}],"curies":[{"name":"wp","href":"https:\/\/api.w.org\/{rel}","templated":true}]}}