{"id":29005,"date":"2025-10-01T14:09:53","date_gmt":"2025-10-01T14:09:53","guid":{"rendered":"https:\/\/whitelip.com\/?post_type=product&#038;p=29005"},"modified":"2026-04-30T10:11:09","modified_gmt":"2026-04-30T10:11:09","slug":"fumi-minty-blueberry-strong","status":"publish","type":"product","link":"https:\/\/whitelip.com\/sk\/fumi\/fumi-minty-blueberry-strong\/","title":{"rendered":"FUMI Minty Blueberry Strong"},"content":{"rendered":"<h2><b>FUMI Minty Blueberry Strong<\/b><\/h2>\n<p><span style=\"font-weight: 400;\">FUMI Minty Blueberry Strong prin\u00e1\u0161a osvie\u017euj\u00facu kombin\u00e1ciu sladk\u00fdch, \u0161\u0165avnat\u00fdch \u010du\u010doriedok a svie\u017eej m\u00e4ty, ktor\u00e1 prin\u00e1\u0161a chladiv\u00fd a ovocn\u00fd nikot\u00ednov\u00fd z\u00e1\u017eitok. Tieto tenk\u00e9 nikot\u00ednov\u00e9 vrec\u00fa\u0161ka s\u00fa ide\u00e1lne pre pou\u017e\u00edvate\u013eov, ktor\u00ed maj\u00fa radi vyv\u00e1\u017een\u00fa zmes ovocnosti a svie\u017eosti so silou nikot\u00ednu 8 mg na vrec\u00fa\u0161ko. Vrec\u00fa\u0161ka FUMI Minty Blueberry Strong, navrhnut\u00e9 na diskr\u00e9tne a pohodln\u00e9 pou\u017e\u00edvanie, sa bez probl\u00e9mov zmestia pod pery, tak\u017ee si ich m\u00f4\u017eete \u013eahko vychutna\u0165 aj na cest\u00e1ch.\u00a0<\/span><\/p>\n<table>\n<tbody>\n<tr>\n<td><b>Atrib\u00fat<\/b><\/td>\n<td><b>Podrobnosti<\/b><\/td>\n<\/tr>\n<tr>\n<td><span style=\"font-weight: 400;\">Obsah na plechovku<\/span><\/td>\n<td><span style=\"font-weight: 400;\">14 g (20 vrec\u00fa\u0161ok)<\/span><\/td>\n<\/tr>\n<tr>\n<td><span style=\"font-weight: 400;\">Obsah nikot\u00ednu<\/span><\/td>\n<td><span style=\"font-weight: 400;\">11 mg\/g<\/span><\/td>\n<\/tr>\n<tr>\n<td><span style=\"font-weight: 400;\">Form\u00e1t vrecka<\/span><\/td>\n<td><span style=\"font-weight: 400;\">Slim<\/span><\/td>\n<\/tr>\n<tr>\n<td><span style=\"font-weight: 400;\">V\u00fdrobca<\/span><\/td>\n<td><span style=\"font-weight: 400;\">FUMI<\/span><\/td>\n<\/tr>\n<tr>\n<td><span style=\"font-weight: 400;\">Pr\u00edchu\u0165<\/span><\/td>\n<td><span style=\"font-weight: 400;\">\u010cu\u010doriedka a m\u00e4ta (Minty Blueberry)<\/span><\/td>\n<\/tr>\n<tr>\n<td><span style=\"font-weight: 400;\">Typ<\/span><\/td>\n<td><span style=\"font-weight: 400;\">Celobiele vrecko, bez tabaku<\/span><\/td>\n<\/tr>\n<\/tbody>\n<\/table>","protected":false},"excerpt":{"rendered":"<p>Sladk\u00fd, \u0161\u0165avnat\u00fd <strong>\u010du\u010doriedky<\/strong> sa stret\u00e1va s chrumkavou m\u00e4tou, ktor\u00e1 dod\u00e1va chladiv\u00fd ovocn\u00fd n\u00e1dych. Na <strong>\u0161t\u00edhly<\/strong>, diskr\u00e9tne sed\u00ed pohodlne pod perou, ide\u00e1lne na cesty. Ka\u017ed\u00e9 vrecko poskytuje <strong data-start=\"211\" data-end=\"228\">8 mg nikot\u00ednu<\/strong> pre vyv\u00e1\u017een\u00fd, siln\u00fd z\u00e1\u017eitok s modern\u00fdm <strong>m\u00e4tovo-jahodov\u00e1<\/strong> profil.<\/p>","protected":false},"featured_media":29009,"comment_status":"open","ping_status":"closed","template":"","format":[206],"meta":{"_acf_changed":false},"product_brand":[],"product_cat":[245],"product_tag":[16583],"flavours":[199,196],"nicotine":[208,236],"class_list":{"0":"post-29005","1":"product","2":"type-product","3":"status-publish","4":"has-post-thumbnail","6":"product_cat-fumi","7":"product_tag-8-mg-pouch","8":"pa_quantity-1-pack","9":"pa_quantity-10-pack","10":"pa_quantity-3-pack","11":"pa_quantity-30-pack","12":"pa_quantity-5-pack","13":"pa_quantity-60-pack","14":"flavours-mint","15":"flavours-fruits-berries","16":"format-slim","17":"nicotine-11-mg-g","18":"nicotine-strong","20":"first","21":"instock","22":"taxable","23":"shipping-taxable","24":"purchasable","25":"product-type-variable"},"acf":[],"_links":{"self":[{"href":"https:\/\/whitelip.com\/sk\/wp-json\/wp\/v2\/product\/29005","targetHints":{"allow":["GET"]}}],"collection":[{"href":"https:\/\/whitelip.com\/sk\/wp-json\/wp\/v2\/product"}],"about":[{"href":"https:\/\/whitelip.com\/sk\/wp-json\/wp\/v2\/types\/product"}],"replies":[{"embeddable":true,"href":"https:\/\/whitelip.com\/sk\/wp-json\/wp\/v2\/comments?post=29005"}],"wp:featuredmedia":[{"embeddable":true,"href":"https:\/\/whitelip.com\/sk\/wp-json\/wp\/v2\/media\/29009"}],"wp:attachment":[{"href":"https:\/\/whitelip.com\/sk\/wp-json\/wp\/v2\/media?parent=29005"}],"wp:term":[{"taxonomy":"product_brand","embeddable":true,"href":"https:\/\/whitelip.com\/sk\/wp-json\/wp\/v2\/product_brand?post=29005"},{"taxonomy":"product_cat","embeddable":true,"href":"https:\/\/whitelip.com\/sk\/wp-json\/wp\/v2\/product_cat?post=29005"},{"taxonomy":"product_tag","embeddable":true,"href":"https:\/\/whitelip.com\/sk\/wp-json\/wp\/v2\/product_tag?post=29005"},{"taxonomy":"flavours","embeddable":true,"href":"https:\/\/whitelip.com\/sk\/wp-json\/wp\/v2\/flavours?post=29005"},{"taxonomy":"format","embeddable":true,"href":"https:\/\/whitelip.com\/sk\/wp-json\/wp\/v2\/format?post=29005"},{"taxonomy":"nicotine","embeddable":true,"href":"https:\/\/whitelip.com\/sk\/wp-json\/wp\/v2\/nicotine?post=29005"}],"curies":[{"name":"wp","href":"https:\/\/api.w.org\/{rel}","templated":true}]}}