{"id":29000,"date":"2025-10-01T14:09:53","date_gmt":"2025-10-01T14:09:53","guid":{"rendered":"https:\/\/whitelip.com\/?post_type=product&#038;p=29000"},"modified":"2026-04-11T15:34:35","modified_gmt":"2026-04-11T15:34:35","slug":"fumi-fiery-mango-strong","status":"publish","type":"product","link":"https:\/\/whitelip.com\/sk\/fumi\/fumi-fiery-mango-strong\/","title":{"rendered":"FUMI Fiery Mango Strong"},"content":{"rendered":"<h2><b>FUMI Fiery Mango Strong<\/b><\/h2>\n<p>FUMI Fiery Mango Strong sp\u00e1ja zrel\u00e9 tropick\u00e9 mango s jemn\u00fdm pikantn\u00fdm n\u00e1dychom pre intenz\u00edvnu a z\u00e1rove\u0148 osvie\u017euj\u00facu chu\u0165. \u0160t\u00edhly form\u00e1t sa diskr\u00e9tne a pohodlne dr\u017e\u00ed pod perou, \u010do je ide\u00e1lne na pou\u017eitie na cest\u00e1ch. Ka\u017ed\u00e9 vrec\u00fa\u0161ko dod\u00e1va 8 mg nikot\u00ednu pre uspokojuj\u00faci siln\u00fd z\u00e1\u017eitok s v\u00fdrazn\u00fdm ovocno-korenist\u00fdm profilom.<\/p>\n<table>\n<tbody>\n<tr>\n<td><b>Atrib\u00fat<\/b><\/td>\n<td><b>Podrobnosti<\/b><\/td>\n<\/tr>\n<tr>\n<td><span style=\"font-weight: 400;\">Obsah na plechovku<\/span><\/td>\n<td><span style=\"font-weight: 400;\">14 g (20 vrec\u00fa\u0161ok)<\/span><\/td>\n<\/tr>\n<tr>\n<td><span style=\"font-weight: 400;\">Obsah nikot\u00ednu<\/span><\/td>\n<td><span style=\"font-weight: 400;\">11 mg\/g<\/span><\/td>\n<\/tr>\n<tr>\n<td><span style=\"font-weight: 400;\">Form\u00e1t vrecka<\/span><\/td>\n<td><span style=\"font-weight: 400;\">Slim<\/span><\/td>\n<\/tr>\n<tr>\n<td><span style=\"font-weight: 400;\">V\u00fdrobca<\/span><\/td>\n<td><span style=\"font-weight: 400;\">FUMI<\/span><\/td>\n<\/tr>\n<tr>\n<td><span style=\"font-weight: 400;\">Pr\u00edchu\u0165<\/span><\/td>\n<td><span style=\"font-weight: 400;\">Mango a korenie (Fiery Mango)<\/span><\/td>\n<\/tr>\n<tr>\n<td><span style=\"font-weight: 400;\">Typ<\/span><\/td>\n<td><span style=\"font-weight: 400;\">Celobiele vrecko, bez tabaku<\/span><\/td>\n<\/tr>\n<\/tbody>\n<\/table>","protected":false},"excerpt":{"rendered":"<p>Tu\u010dn\u00fd, zrel\u00fd <strong>mango<\/strong> sa stret\u00e1va s jemn\u00fdm pikantn\u00fdm n\u00e1dychom pre intenz\u00edvnu, ale osvie\u017euj\u00facu chu\u0165. Na <strong>\u0161t\u00edhly<\/strong>, diskr\u00e9tne sed\u00ed pohodlne pod perou, ide\u00e1lne na cesty. Ka\u017ed\u00e9 vrecko poskytuje <strong data-start=\"222\" data-end=\"239\">8 mg nikot\u00ednu<\/strong> pre uspokojiv\u00fd siln\u00fd z\u00e1\u017eitok s jedine\u010dn\u00fdm ovocno-korenist\u00fdm profilom.<\/p>","protected":false},"featured_media":29004,"comment_status":"open","ping_status":"closed","template":"","format":[206],"meta":{"_acf_changed":false},"product_brand":[],"product_cat":[245],"product_tag":[16583],"flavours":[187,196],"nicotine":[208,236],"class_list":{"0":"post-29000","1":"product","2":"type-product","3":"status-publish","4":"has-post-thumbnail","6":"product_cat-fumi","7":"product_tag-8-mg-pouch","8":"pa_quantity-1-pack","9":"pa_quantity-10-pack","10":"pa_quantity-3-pack","11":"pa_quantity-30-pack","12":"pa_quantity-5-pack","13":"pa_quantity-60-pack","14":"flavours-chili","15":"flavours-fruits-berries","16":"format-slim","17":"nicotine-11-mg-g","18":"nicotine-strong","20":"first","21":"instock","22":"taxable","23":"shipping-taxable","24":"purchasable","25":"product-type-variable"},"acf":[],"_links":{"self":[{"href":"https:\/\/whitelip.com\/sk\/wp-json\/wp\/v2\/product\/29000","targetHints":{"allow":["GET"]}}],"collection":[{"href":"https:\/\/whitelip.com\/sk\/wp-json\/wp\/v2\/product"}],"about":[{"href":"https:\/\/whitelip.com\/sk\/wp-json\/wp\/v2\/types\/product"}],"replies":[{"embeddable":true,"href":"https:\/\/whitelip.com\/sk\/wp-json\/wp\/v2\/comments?post=29000"}],"wp:featuredmedia":[{"embeddable":true,"href":"https:\/\/whitelip.com\/sk\/wp-json\/wp\/v2\/media\/29004"}],"wp:attachment":[{"href":"https:\/\/whitelip.com\/sk\/wp-json\/wp\/v2\/media?parent=29000"}],"wp:term":[{"taxonomy":"product_brand","embeddable":true,"href":"https:\/\/whitelip.com\/sk\/wp-json\/wp\/v2\/product_brand?post=29000"},{"taxonomy":"product_cat","embeddable":true,"href":"https:\/\/whitelip.com\/sk\/wp-json\/wp\/v2\/product_cat?post=29000"},{"taxonomy":"product_tag","embeddable":true,"href":"https:\/\/whitelip.com\/sk\/wp-json\/wp\/v2\/product_tag?post=29000"},{"taxonomy":"flavours","embeddable":true,"href":"https:\/\/whitelip.com\/sk\/wp-json\/wp\/v2\/flavours?post=29000"},{"taxonomy":"format","embeddable":true,"href":"https:\/\/whitelip.com\/sk\/wp-json\/wp\/v2\/format?post=29000"},{"taxonomy":"nicotine","embeddable":true,"href":"https:\/\/whitelip.com\/sk\/wp-json\/wp\/v2\/nicotine?post=29000"}],"curies":[{"name":"wp","href":"https:\/\/api.w.org\/{rel}","templated":true}]}}