{"id":28866,"date":"2025-09-30T15:25:05","date_gmt":"2025-09-30T15:25:05","guid":{"rendered":"https:\/\/whitelip.com\/?post_type=product&#038;p=28866"},"modified":"2026-04-14T21:06:28","modified_gmt":"2026-04-14T21:06:28","slug":"xqs-fizzy-peach-strong","status":"publish","type":"product","link":"https:\/\/whitelip.com\/sk\/xqs\/xqs-fizzy-peach-strong\/","title":{"rendered":"XQS Fizzy Peach Strong"},"content":{"rendered":"<h2><strong>XQS Fizzy Peach Strong<\/strong><\/h2>\n<p>XQS Fizzy Peach Strong je nikot\u00ednov\u00fd s\u00e1\u010dok s chu\u0165ou \u0161umivej broskyne. Vrec\u00fa\u0161ka s\u00fa v tenkom form\u00e1te so silou nikot\u00ednu 16 mg\/g.<\/p>\n<ul>\n<li>Pr\u00edchu\u0165: Brosky\u0148a<\/li>\n<li>Form\u00e1t: Slim<\/li>\n<li>Nikot\u00edn: 16 mg\/g<\/li>\n<li>Vreck\u00e1: 20 ks<\/li>\n<li>Hmotnos\u0165: 10 g<\/li>\n<li>Zna\u010dka: <a href=\"https:\/\/whitelip.se\/en\/xqs\/\" target=\"_blank\" rel=\"noopener\">XQS<\/a><\/li>\n<li>V\u00fdrobca: <a href=\"https:\/\/www.st-group.com\/\" target=\"_blank\" rel=\"noopener\">Povstaleck\u00e9 podniky II<\/a><\/li>\n<\/ul>\n<p><em><strong>O zna\u010dke: XQS<\/strong><\/em><\/p>\n<p>Objavte svet chut\u00ed a pohodlia s nikot\u00ednov\u00fdmi vrec\u00fa\u0161kami XQS - radom, ktor\u00fd pon\u00faka v\u00fdnimo\u010dn\u00fa chu\u0165ov\u00fa rozmanitos\u0165 a diskr\u00e9tnos\u0165. V\u010faka r\u00f4znym vzru\u0161uj\u00facim pr\u00edchutiam a sil\u00e1m nikot\u00ednu poskytuje XQS pohodln\u00e9 a \u0161t\u00fdlov\u00e9 rie\u0161enie na uspokojenie va\u0161ich nikot\u00ednov\u00fdch potrieb. Vysk\u00fa\u0161ajte aj mimoriadnu prirodzenos\u0165 XQS - ich tabletky s\u00fa prirodzene zafarben\u00e9 pre autentick\u00fd a pr\u00edjemn\u00fd nikot\u00ednov\u00fd z\u00e1\u017eitok. Presk\u00famajte \u0161irok\u00fa ponuku nikot\u00ednov\u00fdch vrec\u00fa\u0161ok XQS a n\u00e1jdite si svoje ob\u013e\u00faben\u00e9 pre pr\u00edjemn\u00fd a prisp\u00f4soben\u00fd nikot\u00ednov\u00fd z\u00e1\u017eitok pod\u013ea v\u00e1\u0161ho pohodlia.<\/p>","protected":false},"excerpt":{"rendered":"<p>XQS<strong> Fizzy Peach<\/strong> Strong je \u00faplne biely nikot\u00ednov\u00fd s\u00e1\u010dok s chu\u0165ou \u0161umivej broskyne. Vrec\u00fa\u0161ka sa dod\u00e1vaj\u00fa v <strong>\u0161t\u00edhly<\/strong> s nikot\u00ednovou silou <strong>16 mg\/g.<\/strong><\/p>","protected":false},"featured_media":84312,"comment_status":"open","ping_status":"closed","template":"","format":[206],"meta":{"_acf_changed":false},"product_brand":[],"product_cat":[27],"product_tag":[16583],"flavours":[196],"nicotine":[213,232],"class_list":{"0":"post-28866","1":"product","2":"type-product","3":"status-publish","4":"has-post-thumbnail","6":"product_cat-xqs","7":"product_tag-8-mg-pouch","8":"pa_quantity-1-pack","9":"pa_quantity-10-pack","10":"pa_quantity-3-pack","11":"pa_quantity-30-pack","12":"pa_quantity-5-pack","13":"pa_quantity-60-pack","14":"flavours-fruits-berries","15":"format-slim","16":"nicotine-16-mg-g","17":"nicotine-extra-strong","19":"first","20":"instock","21":"taxable","22":"shipping-taxable","23":"purchasable","24":"product-type-variable","25":"has-default-attributes"},"acf":[],"_links":{"self":[{"href":"https:\/\/whitelip.com\/sk\/wp-json\/wp\/v2\/product\/28866","targetHints":{"allow":["GET"]}}],"collection":[{"href":"https:\/\/whitelip.com\/sk\/wp-json\/wp\/v2\/product"}],"about":[{"href":"https:\/\/whitelip.com\/sk\/wp-json\/wp\/v2\/types\/product"}],"replies":[{"embeddable":true,"href":"https:\/\/whitelip.com\/sk\/wp-json\/wp\/v2\/comments?post=28866"}],"wp:featuredmedia":[{"embeddable":true,"href":"https:\/\/whitelip.com\/sk\/wp-json\/wp\/v2\/media\/84312"}],"wp:attachment":[{"href":"https:\/\/whitelip.com\/sk\/wp-json\/wp\/v2\/media?parent=28866"}],"wp:term":[{"taxonomy":"product_brand","embeddable":true,"href":"https:\/\/whitelip.com\/sk\/wp-json\/wp\/v2\/product_brand?post=28866"},{"taxonomy":"product_cat","embeddable":true,"href":"https:\/\/whitelip.com\/sk\/wp-json\/wp\/v2\/product_cat?post=28866"},{"taxonomy":"product_tag","embeddable":true,"href":"https:\/\/whitelip.com\/sk\/wp-json\/wp\/v2\/product_tag?post=28866"},{"taxonomy":"flavours","embeddable":true,"href":"https:\/\/whitelip.com\/sk\/wp-json\/wp\/v2\/flavours?post=28866"},{"taxonomy":"format","embeddable":true,"href":"https:\/\/whitelip.com\/sk\/wp-json\/wp\/v2\/format?post=28866"},{"taxonomy":"nicotine","embeddable":true,"href":"https:\/\/whitelip.com\/sk\/wp-json\/wp\/v2\/nicotine?post=28866"}],"curies":[{"name":"wp","href":"https:\/\/api.w.org\/{rel}","templated":true}]}}