{"id":28860,"date":"2025-09-30T15:25:06","date_gmt":"2025-09-30T15:25:06","guid":{"rendered":"https:\/\/whitelip.com\/?post_type=product&#038;p=28860"},"modified":"2026-04-16T21:03:29","modified_gmt":"2026-04-16T21:03:29","slug":"xqs-dark-banana-strong","status":"publish","type":"product","link":"https:\/\/whitelip.com\/sk\/xqs\/xqs-dark-banana-strong\/","title":{"rendered":"XQS Dark Banana Strong"},"content":{"rendered":"<h2><strong>XQS Dark Banana Strong<\/strong><\/h2>\n<p>XQS Dark Banana Strong je nikot\u00ednov\u00fd s\u00e1\u010dok s chu\u0165ou horkej \u010dokol\u00e1dy a ban\u00e1nu. Vrec\u00fa\u0161ka s\u00fa v tenkom form\u00e1te so silou nikot\u00ednu 16 mg\/g.<\/p>\n<ul>\n<li>Pr\u00edchu\u0165: Hork\u00e1 \u010dokol\u00e1da a ban\u00e1n<\/li>\n<li>Form\u00e1t: Slim<\/li>\n<li>Nikot\u00edn: 16 mg\/g<\/li>\n<li>Vreck\u00e1: 20 ks<\/li>\n<li>Hmotnos\u0165: 10 g<\/li>\n<li>Zna\u010dka: <a href=\"https:\/\/whitelip.se\/en\/xqs\/\" target=\"_blank\" rel=\"noopener\">XQS<\/a><\/li>\n<li>V\u00fdrobca: <a href=\"https:\/\/www.st-group.com\/\" target=\"_blank\" rel=\"noopener\">Povstaleck\u00e9 podniky II<\/a><\/li>\n<\/ul>\n<p><em><strong>O zna\u010dke: XQS<\/strong><\/em><\/p>\n<p>Objavte svet chut\u00ed a pohodlia s nikot\u00ednov\u00fdmi vrec\u00fa\u0161kami XQS - radom, ktor\u00fd pon\u00faka v\u00fdnimo\u010dn\u00fa chu\u0165ov\u00fa rozmanitos\u0165 a diskr\u00e9tnos\u0165. V\u010faka r\u00f4znym vzru\u0161uj\u00facim pr\u00edchutiam a sil\u00e1m nikot\u00ednu poskytuje XQS pohodln\u00e9 a \u0161t\u00fdlov\u00e9 rie\u0161enie na uspokojenie va\u0161ich nikot\u00ednov\u00fdch potrieb. Vysk\u00fa\u0161ajte aj mimoriadnu prirodzenos\u0165 XQS - ich tabletky s\u00fa prirodzene zafarben\u00e9 pre autentick\u00fd a pr\u00edjemn\u00fd nikot\u00ednov\u00fd z\u00e1\u017eitok. Presk\u00famajte \u0161irok\u00fa ponuku nikot\u00ednov\u00fdch vrec\u00fa\u0161ok XQS a n\u00e1jdite si svoje ob\u013e\u00faben\u00e9 pre pr\u00edjemn\u00fd a prisp\u00f4soben\u00fd nikot\u00ednov\u00fd z\u00e1\u017eitok pod\u013ea v\u00e1\u0161ho pohodlia.<\/p>","protected":false},"excerpt":{"rendered":"<p>XQS <strong data-start=\"4\" data-end=\"19\">Tmav\u00fd ban\u00e1n<\/strong> <strong data-start=\"20\" data-end=\"30\">Siln\u00fd<\/strong> prin\u00e1\u0161a hork\u00fa \u010dokol\u00e1du a ban\u00e1n v bielom profile. Na str\u00e1nke . <strong data-start=\"95\" data-end=\"103\">\u0161t\u00edhly<\/strong> Vreck\u00e1 s\u00fa diskr\u00e9tne a pohodln\u00e9. Sila nikot\u00ednu: <strong>16 mg\/g.<\/strong><\/p>","protected":false},"featured_media":84311,"comment_status":"open","ping_status":"closed","template":"","format":[206],"meta":{"_acf_changed":false},"product_brand":[],"product_cat":[27],"product_tag":[16583],"flavours":[188,196],"nicotine":[213,232],"class_list":{"0":"post-28860","1":"product","2":"type-product","3":"status-publish","4":"has-post-thumbnail","6":"product_cat-xqs","7":"product_tag-8-mg-pouch","8":"pa_quantity-1-pack","9":"pa_quantity-10-pack","10":"pa_quantity-3-pack","11":"pa_quantity-30-pack","12":"pa_quantity-5-pack","13":"pa_quantity-60-pack","14":"flavours-chocolate","15":"flavours-fruits-berries","16":"format-slim","17":"nicotine-16-mg-g","18":"nicotine-extra-strong","20":"first","21":"instock","22":"taxable","23":"shipping-taxable","24":"purchasable","25":"product-type-variable","26":"has-default-attributes"},"acf":[],"_links":{"self":[{"href":"https:\/\/whitelip.com\/sk\/wp-json\/wp\/v2\/product\/28860","targetHints":{"allow":["GET"]}}],"collection":[{"href":"https:\/\/whitelip.com\/sk\/wp-json\/wp\/v2\/product"}],"about":[{"href":"https:\/\/whitelip.com\/sk\/wp-json\/wp\/v2\/types\/product"}],"replies":[{"embeddable":true,"href":"https:\/\/whitelip.com\/sk\/wp-json\/wp\/v2\/comments?post=28860"}],"wp:featuredmedia":[{"embeddable":true,"href":"https:\/\/whitelip.com\/sk\/wp-json\/wp\/v2\/media\/84311"}],"wp:attachment":[{"href":"https:\/\/whitelip.com\/sk\/wp-json\/wp\/v2\/media?parent=28860"}],"wp:term":[{"taxonomy":"product_brand","embeddable":true,"href":"https:\/\/whitelip.com\/sk\/wp-json\/wp\/v2\/product_brand?post=28860"},{"taxonomy":"product_cat","embeddable":true,"href":"https:\/\/whitelip.com\/sk\/wp-json\/wp\/v2\/product_cat?post=28860"},{"taxonomy":"product_tag","embeddable":true,"href":"https:\/\/whitelip.com\/sk\/wp-json\/wp\/v2\/product_tag?post=28860"},{"taxonomy":"flavours","embeddable":true,"href":"https:\/\/whitelip.com\/sk\/wp-json\/wp\/v2\/flavours?post=28860"},{"taxonomy":"format","embeddable":true,"href":"https:\/\/whitelip.com\/sk\/wp-json\/wp\/v2\/format?post=28860"},{"taxonomy":"nicotine","embeddable":true,"href":"https:\/\/whitelip.com\/sk\/wp-json\/wp\/v2\/nicotine?post=28860"}],"curies":[{"name":"wp","href":"https:\/\/api.w.org\/{rel}","templated":true}]}}