{"id":28727,"date":"2025-10-01T09:30:20","date_gmt":"2025-10-01T09:30:20","guid":{"rendered":"https:\/\/whitelip.com\/?post_type=product&#038;p=28727"},"modified":"2026-05-09T10:11:21","modified_gmt":"2026-05-09T10:11:21","slug":"greatest-arctic-edition","status":"publish","type":"product","link":"https:\/\/whitelip.com\/sk\/greatest\/greatest-arctic-edition\/","title":{"rendered":"GREATEST Arctic Edition"},"content":{"rendered":"<h2><b>GREATEST Arctic Edition<\/b><\/h2>\n<p><span style=\"font-weight: 400;\">Nikot\u00ednov\u00e9 vrec\u00fa\u0161ka GREATEST Arctic Edition pon\u00fakaj\u00fa \u013eadov\u00fa a osvie\u017euj\u00facu m\u00e4tov\u00fa pr\u00edchu\u0165 s extra chladiv\u00fdm \u00fa\u010dinkom pre osvie\u017euj\u00faci nikot\u00ednov\u00fd z\u00e1\u017eitok. So silou nikot\u00ednu 16 mg na gram, \u010do zodpoved\u00e1 pribli\u017ene 12 mg na vrec\u00fa\u0161ko, poskytuj\u00fa tieto vrec\u00fa\u0161ka tenk\u00e9ho form\u00e1tu siln\u00fd n\u00e1boj ide\u00e1lny pre sk\u00fasen\u00fdch u\u017e\u00edvate\u013eov. Ka\u017ed\u00e1 plechovka obsahuje 20 \u00faplne bielych vrec\u00fa\u0161ok navrhnut\u00fdch na diskr\u00e9tne a pohodln\u00e9 pou\u017e\u00edvanie bez zafarbenia zubov. Produkt GREATEST Arctic Edition, ktor\u00fd vyr\u00e1ba f\u00ednsky v\u00fdrobca Puff &amp; Pouch, zn\u00e1my svoj\u00edm inovat\u00edvnym pr\u00edstupom a konzistentnou kvalitou, je vytvoren\u00fd tak, aby uspokojil t\u00fdch, ktor\u00ed maj\u00fa radi v\u00fdrazn\u00e9 m\u00e4tov\u00e9 pr\u00edchute s maxim\u00e1lnou svie\u017eos\u0165ou.<\/span><\/p>\n<table>\n<tbody>\n<tr>\n<td><b>Atrib\u00fat<\/b><\/td>\n<td><b>Podrobnosti<\/b><\/td>\n<\/tr>\n<tr>\n<td><b>Obsah na plechovku<\/b><\/td>\n<td><span style=\"font-weight: 400;\">12 g (20 vrec\u00fa\u0161ok)<\/span><\/td>\n<\/tr>\n<tr>\n<td><b>Obsah nikot\u00ednu<\/b><\/td>\n<td><span style=\"font-weight: 400;\">16 mg\/g (12 mg na vrecko)<\/span><\/td>\n<\/tr>\n<tr>\n<td><b>Form\u00e1t vrecka<\/b><\/td>\n<td><span style=\"font-weight: 400;\">Slim<\/span><\/td>\n<\/tr>\n<tr>\n<td><b>V\u00fdrobca<\/b><\/td>\n<td><span style=\"font-weight: 400;\">Puff &amp; Pouch<\/span><\/td>\n<\/tr>\n<tr>\n<td><b>Pr\u00edchu\u0165<\/b><\/td>\n<td><span style=\"font-weight: 400;\">Arktick\u00e1 M\u00e4ta<\/span><\/td>\n<\/tr>\n<tr>\n<td><b>Typ<\/b><\/td>\n<td><span style=\"font-weight: 400;\">Celobiele vrecko<\/span><\/td>\n<\/tr>\n<\/tbody>\n<\/table>","protected":false},"excerpt":{"rendered":"<p>\u013dadov\u00fd, osvie\u017euj\u00faci <strong data-start=\"18\" data-end=\"26\">m\u00e4ta<\/strong> s mimoriadne chladiv\u00fdm puncom. <strong data-start=\"56\" data-end=\"64\">Slim<\/strong>, \u00faplne biele vrec\u00fa\u0161ka diskr\u00e9tne sedia pod perou bez zafarbenia zubov; ka\u017ed\u00e1 plechovka obsahuje 20 kusov. Ka\u017ed\u00e9 vrecko obsahuje <strong data-start=\"179\" data-end=\"198\">~12 mg nikot\u00ednu<\/strong> (16 mg\/g), \u010do sk\u00fasen\u00fdm u\u017e\u00edvate\u013eom prin\u00e1\u0161a siln\u00fd kopanec. Vyroben\u00e9 spolo\u010dnos\u0165ou Puff &amp; Pouch (F\u00ednsko) pre konzistentn\u00fa kvalitu a maxim\u00e1lnu \u010derstvos\u0165.<\/p>","protected":false},"featured_media":28731,"comment_status":"open","ping_status":"closed","template":"","format":[206],"meta":{"_acf_changed":false},"product_brand":[],"product_cat":[87],"product_tag":[16561],"flavours":[199],"nicotine":[213,232],"class_list":{"0":"post-28727","1":"product","2":"type-product","3":"status-publish","4":"has-post-thumbnail","6":"product_cat-greatest","7":"product_tag-12-mg-pouch","8":"pa_quantity-1-pack","9":"pa_quantity-10-pack","10":"pa_quantity-3-pack","11":"pa_quantity-30-pack","12":"pa_quantity-5-pack","13":"pa_quantity-60-pack","14":"flavours-mint","15":"format-slim","16":"nicotine-16-mg-g","17":"nicotine-extra-strong","19":"first","20":"instock","21":"taxable","22":"shipping-taxable","23":"purchasable","24":"product-type-variable"},"acf":[],"_links":{"self":[{"href":"https:\/\/whitelip.com\/sk\/wp-json\/wp\/v2\/product\/28727","targetHints":{"allow":["GET"]}}],"collection":[{"href":"https:\/\/whitelip.com\/sk\/wp-json\/wp\/v2\/product"}],"about":[{"href":"https:\/\/whitelip.com\/sk\/wp-json\/wp\/v2\/types\/product"}],"replies":[{"embeddable":true,"href":"https:\/\/whitelip.com\/sk\/wp-json\/wp\/v2\/comments?post=28727"}],"wp:featuredmedia":[{"embeddable":true,"href":"https:\/\/whitelip.com\/sk\/wp-json\/wp\/v2\/media\/28731"}],"wp:attachment":[{"href":"https:\/\/whitelip.com\/sk\/wp-json\/wp\/v2\/media?parent=28727"}],"wp:term":[{"taxonomy":"product_brand","embeddable":true,"href":"https:\/\/whitelip.com\/sk\/wp-json\/wp\/v2\/product_brand?post=28727"},{"taxonomy":"product_cat","embeddable":true,"href":"https:\/\/whitelip.com\/sk\/wp-json\/wp\/v2\/product_cat?post=28727"},{"taxonomy":"product_tag","embeddable":true,"href":"https:\/\/whitelip.com\/sk\/wp-json\/wp\/v2\/product_tag?post=28727"},{"taxonomy":"flavours","embeddable":true,"href":"https:\/\/whitelip.com\/sk\/wp-json\/wp\/v2\/flavours?post=28727"},{"taxonomy":"format","embeddable":true,"href":"https:\/\/whitelip.com\/sk\/wp-json\/wp\/v2\/format?post=28727"},{"taxonomy":"nicotine","embeddable":true,"href":"https:\/\/whitelip.com\/sk\/wp-json\/wp\/v2\/nicotine?post=28727"}],"curies":[{"name":"wp","href":"https:\/\/api.w.org\/{rel}","templated":true}]}}