{"id":28722,"date":"2025-09-29T12:34:36","date_gmt":"2025-09-29T12:34:36","guid":{"rendered":"https:\/\/whitelip.com\/?post_type=product&#038;p=28722"},"modified":"2026-05-07T12:15:12","modified_gmt":"2026-05-07T12:15:12","slug":"greatest-lemonade-edition","status":"publish","type":"product","link":"https:\/\/whitelip.com\/sk\/greatest\/greatest-lemonade-edition\/","title":{"rendered":"Najv\u00e4\u010d\u0161ie vydanie limon\u00e1dy"},"content":{"rendered":"<h2><b>Najv\u00e4\u010d\u0161ie vydanie limon\u00e1dy<\/b><\/h2>\n<p><span style=\"font-weight: 400;\">Nikot\u00ednov\u00e9 vrec\u00fa\u0161ka GREATEST Lemonade Edition prin\u00e1\u0161aj\u00fa svie\u017eu a osvie\u017euj\u00facu pr\u00edchu\u0165 limon\u00e1dy s dokonalou rovnov\u00e1hou citrusovej sladkosti a \u0161tip\u013eavosti. V\u010faka sile nikot\u00ednu 16 mg na gram, \u010do predstavuje pribli\u017ene 12 mg na vrec\u00fa\u0161ko, poskytuj\u00fa tieto vrec\u00fa\u0161ka tenk\u00e9ho form\u00e1tu siln\u00e9 a stabiln\u00e9 uvo\u013e\u0148ovanie ide\u00e1lne pre sk\u00fasen\u00fdch u\u017e\u00edvate\u013eov. Ka\u017ed\u00e1 plechovka obsahuje 20 diskr\u00e9tnych, \u00faplne bielych vrec\u00fa\u0161ok, ktor\u00e9 s\u00fa pohodln\u00e9 pod perou a nefarbia zuby. GREATEST Lemonade Edition, ktor\u00fd vyr\u00e1ba f\u00ednsky v\u00fdrobca Puff &amp; Pouch, uzn\u00e1van\u00fd za kombin\u00e1ciu modern\u00fdch inov\u00e1ci\u00ed s tradi\u010dnou kvalitou, pon\u00faka odv\u00e1\u017eny a osvie\u017euj\u00faci nikot\u00ednov\u00fd z\u00e1\u017eitok.<\/span><\/p>\n<table>\n<tbody>\n<tr>\n<td><b>Atrib\u00fat<\/b><\/td>\n<td><b>Podrobnosti<\/b><\/td>\n<\/tr>\n<tr>\n<td><b>Obsah na plechovku<\/b><\/td>\n<td><span style=\"font-weight: 400;\">12 g (20 vrec\u00fa\u0161ok)<\/span><\/td>\n<\/tr>\n<tr>\n<td><b>Obsah nikot\u00ednu<\/b><\/td>\n<td><span style=\"font-weight: 400;\">16 mg\/g (12 mg na vrecko)<\/span><\/td>\n<\/tr>\n<tr>\n<td><b>Form\u00e1t vrecka<\/b><\/td>\n<td><span style=\"font-weight: 400;\">Slim<\/span><\/td>\n<\/tr>\n<tr>\n<td><b>V\u00fdrobca<\/b><\/td>\n<td><span style=\"font-weight: 400;\">Premium Pouch Global<\/span><\/td>\n<\/tr>\n<tr>\n<td><b>Pr\u00edchu\u0165<\/b><\/td>\n<td><span style=\"font-weight: 400;\">Limon\u00e1da<\/span><\/td>\n<\/tr>\n<tr>\n<td><b>Typ<\/b><\/td>\n<td><span style=\"font-weight: 400;\">Celobiele vrecko<\/span><\/td>\n<\/tr>\n<\/tbody>\n<\/table>","protected":false},"excerpt":{"rendered":"<p>Chrumkav\u00e9, osvie\u017euj\u00face <strong data-start=\"18\" data-end=\"30\">limon\u00e1da<\/strong> s vyv\u00e1\u017eenou citrusovou sladkos\u0165ou a pikantnos\u0165ou. <strong data-start=\"72\" data-end=\"80\">Slim<\/strong>, \u00faplne biele vrec\u00fa\u0161ka sa diskr\u00e9tne umiestnia pod pery a nezanech\u00e1vaj\u00fa \u0161kvrny na zuboch; 20 ks v jednej plechovke. Ka\u017ed\u00e9 vrecko obsahuje <strong data-start=\"184\" data-end=\"203\">~12 mg nikot\u00ednu<\/strong> (16 mg\/g), ktor\u00fd sk\u00fasen\u00fdm u\u017e\u00edvate\u013eom poskytuje siln\u00e9 a stabiln\u00e9 uvo\u013e\u0148ovanie. Vyroben\u00e9 spolo\u010dnos\u0165ou Puff &amp; Pouch (F\u00ednsko) pre konzistentn\u00fa kvalitu.<\/p>","protected":false},"featured_media":28726,"comment_status":"open","ping_status":"closed","template":"","format":[206],"meta":{"_acf_changed":false},"product_brand":[],"product_cat":[87],"product_tag":[16561],"flavours":[190],"nicotine":[213,232],"class_list":{"0":"post-28722","1":"product","2":"type-product","3":"status-publish","4":"has-post-thumbnail","6":"product_cat-greatest","7":"product_tag-12-mg-pouch","8":"pa_quantity-1-pack","9":"pa_quantity-10-pack","10":"pa_quantity-3-pack","11":"pa_quantity-30-pack","12":"pa_quantity-5-pack","13":"pa_quantity-60-pack","14":"flavours-citrus","15":"format-slim","16":"nicotine-16-mg-g","17":"nicotine-extra-strong","19":"first","20":"instock","21":"taxable","22":"shipping-taxable","23":"purchasable","24":"product-type-variable"},"acf":[],"_links":{"self":[{"href":"https:\/\/whitelip.com\/sk\/wp-json\/wp\/v2\/product\/28722","targetHints":{"allow":["GET"]}}],"collection":[{"href":"https:\/\/whitelip.com\/sk\/wp-json\/wp\/v2\/product"}],"about":[{"href":"https:\/\/whitelip.com\/sk\/wp-json\/wp\/v2\/types\/product"}],"replies":[{"embeddable":true,"href":"https:\/\/whitelip.com\/sk\/wp-json\/wp\/v2\/comments?post=28722"}],"wp:featuredmedia":[{"embeddable":true,"href":"https:\/\/whitelip.com\/sk\/wp-json\/wp\/v2\/media\/28726"}],"wp:attachment":[{"href":"https:\/\/whitelip.com\/sk\/wp-json\/wp\/v2\/media?parent=28722"}],"wp:term":[{"taxonomy":"product_brand","embeddable":true,"href":"https:\/\/whitelip.com\/sk\/wp-json\/wp\/v2\/product_brand?post=28722"},{"taxonomy":"product_cat","embeddable":true,"href":"https:\/\/whitelip.com\/sk\/wp-json\/wp\/v2\/product_cat?post=28722"},{"taxonomy":"product_tag","embeddable":true,"href":"https:\/\/whitelip.com\/sk\/wp-json\/wp\/v2\/product_tag?post=28722"},{"taxonomy":"flavours","embeddable":true,"href":"https:\/\/whitelip.com\/sk\/wp-json\/wp\/v2\/flavours?post=28722"},{"taxonomy":"format","embeddable":true,"href":"https:\/\/whitelip.com\/sk\/wp-json\/wp\/v2\/format?post=28722"},{"taxonomy":"nicotine","embeddable":true,"href":"https:\/\/whitelip.com\/sk\/wp-json\/wp\/v2\/nicotine?post=28722"}],"curies":[{"name":"wp","href":"https:\/\/api.w.org\/{rel}","templated":true}]}}