{"id":28716,"date":"2025-09-29T12:28:04","date_gmt":"2025-09-29T12:28:04","guid":{"rendered":"https:\/\/whitelip.com\/?post_type=product&#038;p=28716"},"modified":"2026-04-16T07:00:59","modified_gmt":"2026-04-16T07:00:59","slug":"greatest-cold-dry-8mg-mega-can","status":"publish","type":"product","link":"https:\/\/whitelip.com\/sk\/greatest\/greatest-cold-dry-8mg-mega-can\/","title":{"rendered":"GREATEST Cold Dry 8 mg Mega Can"},"content":{"rendered":"<h2>GREATEST Cold Dry 8 mg Mega Can<\/h2>\n<p><span style=\"font-weight: 400;\">Nikot\u00ednov\u00e9 vrec\u00fa\u0161ka GREATEST Cold Dry 8 mg Mega Can pon\u00fakaj\u00fa osvie\u017euj\u00facu m\u00e4tov\u00fa pr\u00edchu\u0165 v kombin\u00e1cii so silou nikot\u00ednu 16 mg na gram, \u010do predstavuje pribli\u017ene 8 mg na vrec\u00fa\u0161ko. Ka\u017ed\u00e1 plechovka obsahuje 200 vrec\u00fa\u0161ok tenk\u00e9ho form\u00e1tu, ktor\u00e9 s\u00fa ur\u010den\u00e9 na diskr\u00e9tne pou\u017e\u00edvanie bez zafarbenia zubov. Tieto vrec\u00fa\u0161ka, ktor\u00e9 vyr\u00e1ba f\u00ednsky v\u00fdrobca Puff &amp; Pouch, zn\u00e1my kombin\u00e1ciou modern\u00fdch met\u00f3d s tradi\u010dnou kvalitou, s\u00fa pr\u00edkladom vysok\u00fdch \u0161tandardov a inovat\u00edvnych kombin\u00e1ci\u00ed chut\u00ed.<\/span><\/p>\n<table>\n<tbody>\n<tr>\n<td><b>Atrib\u00fat<\/b><\/td>\n<td><b>Podrobnosti<\/b><\/td>\n<\/tr>\n<tr>\n<td><b>Obsah na plechovku<\/b><\/td>\n<td><span style=\"font-weight: 400;\">200 vreciek<\/span><\/td>\n<\/tr>\n<tr>\n<td><b>Obsah nikot\u00ednu<\/b><\/td>\n<td><span style=\"font-weight: 400;\">16 mg\/g (8 mg na vak)<\/span><\/td>\n<\/tr>\n<tr>\n<td><b>Form\u00e1t vrecka<\/b><\/td>\n<td><span style=\"font-weight: 400;\">Slim<\/span><\/td>\n<\/tr>\n<tr>\n<td><b>V\u00fdrobca<\/b><\/td>\n<td><span style=\"font-weight: 400;\">Puff &amp; Pouch<\/span><\/td>\n<\/tr>\n<tr>\n<td><b>Pr\u00edchu\u0165<\/b><\/td>\n<td><span style=\"font-weight: 400;\">M\u00e4ta<\/span><\/td>\n<\/tr>\n<tr>\n<td><b>Typ<\/b><\/td>\n<td><span style=\"font-weight: 400;\">Celobiele vrecko<\/span><\/td>\n<\/tr>\n<\/tbody>\n<\/table>","protected":false},"excerpt":{"rendered":"<p>Osvie\u017euj\u00face <strong data-start=\"11\" data-end=\"19\">m\u00e4ta<\/strong> s \u010dist\u00fdm, chladiv\u00fdm profilom. <strong data-start=\"51\" data-end=\"59\">Slim<\/strong> vrec\u00fa\u0161ka navrhnut\u00e9 na diskr\u00e9tne pou\u017eitie bez zafarbenia zubov; Mega Can obsahuje 200. Ka\u017ed\u00e9 vrecko obsahuje <strong data-start=\"161\" data-end=\"178\">8 mg nikot\u00ednu<\/strong> (16 mg\/g), ktor\u00fd poskytuje stabiln\u00fd a uspokojiv\u00fd kopanec. Vyr\u00e1ba spolo\u010dnos\u0165 Puff &amp; Pouch (F\u00ednsko) pre vysok\u00fa a konzistentn\u00fa kvalitu.<\/p>","protected":false},"featured_media":28720,"comment_status":"open","ping_status":"closed","template":"","format":[206],"meta":{"_acf_changed":false},"product_brand":[],"product_cat":[87,92],"product_tag":[16583],"flavours":[199],"nicotine":[213,232],"class_list":{"0":"post-28716","1":"product","2":"type-product","3":"status-publish","4":"has-post-thumbnail","6":"product_cat-greatest","7":"product_cat-jumbo-can","8":"product_tag-8-mg-pouch","9":"pa_quantity-1-pack","10":"pa_quantity-10-pack","11":"pa_quantity-2-pack","12":"pa_quantity-3-pack","13":"pa_quantity-30-pack","14":"pa_quantity-5-pack","15":"pa_quantity-60-pack","16":"flavours-mint","17":"format-slim","18":"nicotine-16-mg-g","19":"nicotine-extra-strong","21":"first","22":"instock","23":"taxable","24":"shipping-taxable","25":"purchasable","26":"product-type-variable"},"acf":[],"_links":{"self":[{"href":"https:\/\/whitelip.com\/sk\/wp-json\/wp\/v2\/product\/28716","targetHints":{"allow":["GET"]}}],"collection":[{"href":"https:\/\/whitelip.com\/sk\/wp-json\/wp\/v2\/product"}],"about":[{"href":"https:\/\/whitelip.com\/sk\/wp-json\/wp\/v2\/types\/product"}],"replies":[{"embeddable":true,"href":"https:\/\/whitelip.com\/sk\/wp-json\/wp\/v2\/comments?post=28716"}],"wp:featuredmedia":[{"embeddable":true,"href":"https:\/\/whitelip.com\/sk\/wp-json\/wp\/v2\/media\/28720"}],"wp:attachment":[{"href":"https:\/\/whitelip.com\/sk\/wp-json\/wp\/v2\/media?parent=28716"}],"wp:term":[{"taxonomy":"product_brand","embeddable":true,"href":"https:\/\/whitelip.com\/sk\/wp-json\/wp\/v2\/product_brand?post=28716"},{"taxonomy":"product_cat","embeddable":true,"href":"https:\/\/whitelip.com\/sk\/wp-json\/wp\/v2\/product_cat?post=28716"},{"taxonomy":"product_tag","embeddable":true,"href":"https:\/\/whitelip.com\/sk\/wp-json\/wp\/v2\/product_tag?post=28716"},{"taxonomy":"flavours","embeddable":true,"href":"https:\/\/whitelip.com\/sk\/wp-json\/wp\/v2\/flavours?post=28716"},{"taxonomy":"format","embeddable":true,"href":"https:\/\/whitelip.com\/sk\/wp-json\/wp\/v2\/format?post=28716"},{"taxonomy":"nicotine","embeddable":true,"href":"https:\/\/whitelip.com\/sk\/wp-json\/wp\/v2\/nicotine?post=28716"}],"curies":[{"name":"wp","href":"https:\/\/api.w.org\/{rel}","templated":true}]}}