{"id":28170,"date":"2025-09-24T12:42:21","date_gmt":"2025-09-24T12:42:21","guid":{"rendered":"https:\/\/whitelip.com\/?post_type=product&#038;p=28170"},"modified":"2026-04-18T18:02:35","modified_gmt":"2026-04-18T18:02:35","slug":"rush-icy-grape","status":"publish","type":"product","link":"https:\/\/whitelip.com\/sk\/rush\/rush-icy-grape\/","title":{"rendered":"RUSH Icy Grape"},"content":{"rendered":"<h2>RUSH Icy Grape<\/h2>\n<p class=\"\" data-start=\"76\" data-end=\"609\">Nikot\u00ednov\u00e9 vrec\u00fa\u0161ka RUSH Icy Grape prin\u00e1\u0161aj\u00fa sladk\u00fa a \u0161\u0165avnat\u00fa chu\u0165 zrel\u00e9ho hrozna spojen\u00fa s osvie\u017euj\u00facim chladiv\u00fdm pocitom. Kombin\u00e1cia ovocnej bohatosti a \u013eadovej svie\u017eosti vytv\u00e1ra hladk\u00fd, ale osvie\u017euj\u00faci chu\u0165ov\u00fd z\u00e1\u017eitok, ide\u00e1lny pre t\u00fdch, ktor\u00ed maj\u00fa radi v\u00fdrazn\u00e9 a osvie\u017euj\u00face pr\u00edchute. Ka\u017ed\u00e9 tenk\u00e9, celobiele vrec\u00fa\u0161ko obsahuje 11,2 mg nikot\u00ednu, \u010do poskytuje siln\u00e9 nakopnutie ide\u00e1lne pre pravideln\u00fdch u\u017e\u00edvate\u013eov. Diskr\u00e9tne, pohodln\u00e9 a bez \u0161kv\u0155n, RUSH Icy Grape je vyroben\u00e9 pod\u013ea vysok\u00fdch \u0161tandardov kvality a chuti v modernom beztabakovom form\u00e1te.<\/p>\n<table>\n<tbody>\n<tr>\n<td><b>Atrib\u00fat<\/b><\/td>\n<td><b>Podrobnosti<\/b><\/td>\n<\/tr>\n<tr>\n<td><b>Obsah na plechovku<\/b><\/td>\n<td><span style=\"font-weight: 400;\">14 g (20 vrec\u00fa\u0161ok)<\/span><\/td>\n<\/tr>\n<tr>\n<td><b>Obsah nikot\u00ednu<\/b><\/td>\n<td><span style=\"font-weight: 400;\">16 mg\/g (11,2 mg na vrecko)<\/span><\/td>\n<\/tr>\n<tr>\n<td><b>Form\u00e1t vrecka<\/b><\/td>\n<td><span style=\"font-weight: 400;\">Slim<\/span><\/td>\n<\/tr>\n<tr>\n<td><b>V\u00fdrobca<\/b><\/td>\n<td><span style=\"font-weight: 400;\">RUSH<\/span><\/td>\n<\/tr>\n<tr>\n<td><b>Pr\u00edchu\u0165<\/b><\/td>\n<td><span style=\"font-weight: 400;\">Grape &amp; Cooling (Icy Grape)<\/span><\/td>\n<\/tr>\n<tr>\n<td><b>Typ<\/b><\/td>\n<td><span style=\"font-weight: 400;\">Nik\u00f3tinov\u00e9 vrecko<\/span><\/td>\n<\/tr>\n<\/tbody>\n<\/table>","protected":false},"excerpt":{"rendered":"<p>Nikot\u00ednov\u00e9 vrec\u00fa\u0161ka RUSH Icy Grape prin\u00e1\u0161aj\u00fa sladk\u00fa, \u0161\u0165avnat\u00fa chu\u0165 <strong data-start=\"55\" data-end=\"68\">Icy Grape<\/strong> chu\u0165 s osvie\u017euj\u00facim chladom. <strong data-start=\"101\" data-end=\"109\">Slim<\/strong>, \u00faplne biely form\u00e1t pre diskr\u00e9tne pohodlie bez \u0161kv\u0155n. Ka\u017ed\u00e9 vrecko obsahuje <strong data-start=\"182\" data-end=\"202\">11,2 mg nikot\u00ednu<\/strong>. Odv\u00e1\u017eny, osvie\u017euj\u00faci profil so siln\u00fdm kopancom pre pravideln\u00fdch pou\u017e\u00edvate\u013eov.<\/p>","protected":false},"featured_media":28174,"comment_status":"open","ping_status":"closed","template":"","format":[206],"meta":{"_acf_changed":false},"product_brand":[],"product_cat":[244],"product_tag":[16577],"flavours":[199,196],"nicotine":[213,232],"class_list":{"0":"post-28170","1":"product","2":"type-product","3":"status-publish","4":"has-post-thumbnail","6":"product_cat-rush","7":"product_tag-11-2-mg-pouch","8":"pa_quantity-1-pack","9":"pa_quantity-10-pack","10":"pa_quantity-3-pack","11":"pa_quantity-30-pack","12":"pa_quantity-5-pack","13":"pa_quantity-60-pack","14":"flavours-mint","15":"flavours-fruits-berries","16":"format-slim","17":"nicotine-16-mg-g","18":"nicotine-extra-strong","20":"first","21":"outofstock","22":"taxable","23":"shipping-taxable","24":"purchasable","25":"product-type-variable","26":"has-default-attributes"},"acf":[],"_links":{"self":[{"href":"https:\/\/whitelip.com\/sk\/wp-json\/wp\/v2\/product\/28170","targetHints":{"allow":["GET"]}}],"collection":[{"href":"https:\/\/whitelip.com\/sk\/wp-json\/wp\/v2\/product"}],"about":[{"href":"https:\/\/whitelip.com\/sk\/wp-json\/wp\/v2\/types\/product"}],"replies":[{"embeddable":true,"href":"https:\/\/whitelip.com\/sk\/wp-json\/wp\/v2\/comments?post=28170"}],"wp:featuredmedia":[{"embeddable":true,"href":"https:\/\/whitelip.com\/sk\/wp-json\/wp\/v2\/media\/28174"}],"wp:attachment":[{"href":"https:\/\/whitelip.com\/sk\/wp-json\/wp\/v2\/media?parent=28170"}],"wp:term":[{"taxonomy":"product_brand","embeddable":true,"href":"https:\/\/whitelip.com\/sk\/wp-json\/wp\/v2\/product_brand?post=28170"},{"taxonomy":"product_cat","embeddable":true,"href":"https:\/\/whitelip.com\/sk\/wp-json\/wp\/v2\/product_cat?post=28170"},{"taxonomy":"product_tag","embeddable":true,"href":"https:\/\/whitelip.com\/sk\/wp-json\/wp\/v2\/product_tag?post=28170"},{"taxonomy":"flavours","embeddable":true,"href":"https:\/\/whitelip.com\/sk\/wp-json\/wp\/v2\/flavours?post=28170"},{"taxonomy":"format","embeddable":true,"href":"https:\/\/whitelip.com\/sk\/wp-json\/wp\/v2\/format?post=28170"},{"taxonomy":"nicotine","embeddable":true,"href":"https:\/\/whitelip.com\/sk\/wp-json\/wp\/v2\/nicotine?post=28170"}],"curies":[{"name":"wp","href":"https:\/\/api.w.org\/{rel}","templated":true}]}}